{"id":13695,"date":"2020-04-26T12:10:54","date_gmt":"2020-04-26T12:10:54","guid":{"rendered":"http:\/\/garrafeiragrandeescolha.pt\/?post_type=product&#038;p=13695"},"modified":"2024-11-17T12:32:29","modified_gmt":"2024-11-17T12:32:29","slug":"porto-dalva-vintage-2009-75cl","status":"publish","type":"product","link":"https:\/\/garrafeiragrandeescolha.pt\/it\/prodotto\/porto-dalva-vintage-2009-75cl\/","title":{"rendered":"Porto Dalva Vintage 2018 75cl"},"content":{"rendered":"<p><img fetchpriority=\"high\" decoding=\"async\" class=\"size-medium wp-image-15215 aligncenter\" src=\"http:\/\/garrafeiragrandeescolha.pt\/wp-content\/uploads\/2022\/02\/dalva-logo-300x200.jpg\" alt=\"\" width=\"300\" height=\"200\" srcset=\"https:\/\/garrafeiragrandeescolha.pt\/wp-content\/uploads\/2022\/02\/dalva-logo-300x200.jpg 300w, https:\/\/garrafeiragrandeescolha.pt\/wp-content\/uploads\/2022\/02\/dalva-logo.jpg 375w\" sizes=\"(max-width: 300px) 100vw, 300px\" \/><\/p>\n<p>A Porto Dalva \u00e9 uma marca contempor\u00e2nea, voltada para a mudan\u00e7a e o futurismo. As origens da designa\u00e7\u00e3o\u00a0Dalva, incidem no nome do seu fundador. \u00c9 uma marca considerada de elei\u00e7\u00e3o com vis\u00e3o internacional e nacional, na qual at\u00e9 a escolha do nome assenta no cuidado de ser reconhecida e pronunciada em todos os idiomas sem dificuldade.<br \/>\nApresenta grande heterogeneidade de \u201cColheitas\u201d e os vinhos do\u00a0Porto Brancos\u00a0ganham grande destaque nesta marca, como o vinho do Porto Ros\u00e9, o Moscatel, os Douro Reserva DOP e a refer\u00eancia vision\u00e1ria do Vinho do Porto Golden White, um vinho de uma \u201cColheita\u201d rara de vinhos do Porto Brancos por d\u00e9cada.<br \/>\nO Porto Dalva marca pela diferen\u00e7a desde a colheita \u00e0 oferta de vinhos inovadores e \u00e0 prolixidade de ideias, desafiando chefs portugueses de renome a criarem Vinhos do Porto de edi\u00e7\u00f5es exclusivas e limitadas!<br \/>\nA par de uma imensa revolu\u00e7\u00e3o na inova\u00e7\u00e3o de Vinhos do Porto, a Dalva n\u00e3o descura do processo de envelhecimento dos seus\u00a0Vinhos do Porto, mantendo uma preven\u00e7\u00e3o cuidadosa em todo o processo e um grande controlo de qualidade, envolvendo en\u00f3logos de prest\u00edgio em laborat\u00f3rios tecnologicamente avan\u00e7ados.<\/p>","protected":false},"excerpt":{"rendered":"<p>Perfil elegante vintage. Os aromas florais, fruta madura e notas de mentol, combinam-se harmoniosamente, sem se sobrepor. Na boca, com taninos opulentos, mas equilibrado, revela um final delicioso, fresco e longo.<\/p>\n<p>Perfeito para beber sozinho ou com queijos azuis ou outros queijos fortes e maduros.<\/p>\n<p>Revista de Vinhos 17,5 pontos<\/p>","protected":false},"featured_media":4371,"template":"","meta":{"_exactmetrics_skip_tracking":false,"_exactmetrics_sitenote_active":false,"_exactmetrics_sitenote_note":"","_exactmetrics_sitenote_category":0,"_uf_show_specific_survey":0,"_uf_disable_surveys":false,"iawp_total_views":6},"product_brand":[],"product_cat":[159,168],"product_tag":[],"class_list":{"0":"post-13695","1":"product","2":"type-product","3":"status-publish","4":"has-post-thumbnail","6":"product_cat-portos","7":"product_cat-vintage","9":"first","10":"instock","11":"shipping-taxable","12":"purchasable","13":"product-type-simple"},"_links":{"self":[{"href":"https:\/\/garrafeiragrandeescolha.pt\/it\/wp-json\/wp\/v2\/product\/13695","targetHints":{"allow":["GET"]}}],"collection":[{"href":"https:\/\/garrafeiragrandeescolha.pt\/it\/wp-json\/wp\/v2\/product"}],"about":[{"href":"https:\/\/garrafeiragrandeescolha.pt\/it\/wp-json\/wp\/v2\/types\/product"}],"wp:featuredmedia":[{"embeddable":true,"href":"https:\/\/garrafeiragrandeescolha.pt\/it\/wp-json\/wp\/v2\/media\/4371"}],"wp:attachment":[{"href":"https:\/\/garrafeiragrandeescolha.pt\/it\/wp-json\/wp\/v2\/media?parent=13695"}],"wp:term":[{"taxonomy":"product_brand","embeddable":true,"href":"https:\/\/garrafeiragrandeescolha.pt\/it\/wp-json\/wp\/v2\/product_brand?post=13695"},{"taxonomy":"product_cat","embeddable":true,"href":"https:\/\/garrafeiragrandeescolha.pt\/it\/wp-json\/wp\/v2\/product_cat?post=13695"},{"taxonomy":"product_tag","embeddable":true,"href":"https:\/\/garrafeiragrandeescolha.pt\/it\/wp-json\/wp\/v2\/product_tag?post=13695"}],"curies":[{"name":"wp","href":"https:\/\/api.w.org\/{rel}","templated":true}]}}