{"id":13950,"date":"2020-05-25T17:26:34","date_gmt":"2020-05-25T17:26:34","guid":{"rendered":"http:\/\/garrafeiragrandeescolha.pt\/?post_type=product&#038;p=13950"},"modified":"2022-04-15T16:05:06","modified_gmt":"2022-04-15T16:05:06","slug":"piloto-collection-touriga-nacional-tinto-2017-75cl","status":"publish","type":"product","link":"https:\/\/garrafeiragrandeescolha.pt\/it\/prodotto\/piloto-collection-touriga-nacional-tinto-2017-75cl\/","title":{"rendered":"Collezione Pilota Touriga Nacional Rosso 75cl"},"content":{"rendered":"<p><img fetchpriority=\"high\" decoding=\"async\" class=\"size-medium wp-image-15719 aligncenter\" src=\"http:\/\/garrafeiragrandeescolha.pt\/wp-content\/uploads\/2020\/05\/logoQuintadoPiloto-300x171.png\" alt=\"\" width=\"300\" height=\"171\" srcset=\"https:\/\/garrafeiragrandeescolha.pt\/wp-content\/uploads\/2020\/05\/logoQuintadoPiloto-300x171.png 300w, https:\/\/garrafeiragrandeescolha.pt\/wp-content\/uploads\/2020\/05\/logoQuintadoPiloto-18x10.png 18w, https:\/\/garrafeiragrandeescolha.pt\/wp-content\/uploads\/2020\/05\/logoQuintadoPiloto.png 360w\" sizes=\"(max-width: 300px) 100vw, 300px\" \/><\/p>\n<p class=\"font_8\">Quinta do Piloto \u00e8 erede della tradizione vinicola di quattro generazioni della famiglia Cardoso a Palmela. I suoi vini sono il risultato di lotti scelti tra 200 ettari di vigneti nei migliori terroir della regione.<\/p>\n<p>Permetterti di assaporare al meglio l&#039;essenza dei vini Palmela \u00e8 la promessa di Quinta do Piloto. Una promessa basata sull&#039;eccellenza dei terroir dove risplendono vecchi vitigni di vitigni tradizionali, come Castel\u00e3o e Moscatel. Vinificati utilizzando i metodi ancestrali della regione, grazie alla conoscenza di quattro generazioni della famiglia Cardoso, i vini di Quinta do Piloto sono eleganti, esponenti di vitigni autoctoni e piccole quantit\u00e0 di variet\u00e0 scelte per eccellenza.<\/p>","protected":false},"excerpt":{"rendered":"<p>Uve: Touriga Nacional<\/p>\n<p>PILOTO COLLECTION Touriga Nacional d\u00e1 a saborear a mais nobre das castas portuguesas, a qual transmite ao vinho, elaborado pelos m\u00e9todos tradicionais da Quinta e por um saber antigo, notas florais e abaunilhadas, tornando-o \u00fanico, macio e equilibrado. A sua fermenta\u00e7\u00e3o deu-se, igualmente, em lagares com controlo de temperatura e pisa autom\u00e1tica. Estagiou cerca de 12 meses em barricas de Carvalho franc\u00eas e americano.<\/p>","protected":false},"featured_media":5194,"template":"","meta":{"_exactmetrics_skip_tracking":false,"_exactmetrics_sitenote_active":false,"_exactmetrics_sitenote_note":"","_exactmetrics_sitenote_category":0,"_uf_show_specific_survey":0,"_uf_disable_surveys":false,"iawp_total_views":3},"product_brand":[],"product_cat":[157,184,214],"product_tag":[],"class_list":{"0":"post-13950","1":"product","2":"type-product","3":"status-publish","4":"has-post-thumbnail","6":"product_cat-vinhos","7":"product_cat-tinto","8":"product_cat-setubal","10":"first","11":"instock","12":"shipping-taxable","13":"purchasable","14":"product-type-simple"},"_links":{"self":[{"href":"https:\/\/garrafeiragrandeescolha.pt\/it\/wp-json\/wp\/v2\/product\/13950","targetHints":{"allow":["GET"]}}],"collection":[{"href":"https:\/\/garrafeiragrandeescolha.pt\/it\/wp-json\/wp\/v2\/product"}],"about":[{"href":"https:\/\/garrafeiragrandeescolha.pt\/it\/wp-json\/wp\/v2\/types\/product"}],"wp:featuredmedia":[{"embeddable":true,"href":"https:\/\/garrafeiragrandeescolha.pt\/it\/wp-json\/wp\/v2\/media\/5194"}],"wp:attachment":[{"href":"https:\/\/garrafeiragrandeescolha.pt\/it\/wp-json\/wp\/v2\/media?parent=13950"}],"wp:term":[{"taxonomy":"product_brand","embeddable":true,"href":"https:\/\/garrafeiragrandeescolha.pt\/it\/wp-json\/wp\/v2\/product_brand?post=13950"},{"taxonomy":"product_cat","embeddable":true,"href":"https:\/\/garrafeiragrandeescolha.pt\/it\/wp-json\/wp\/v2\/product_cat?post=13950"},{"taxonomy":"product_tag","embeddable":true,"href":"https:\/\/garrafeiragrandeescolha.pt\/it\/wp-json\/wp\/v2\/product_tag?post=13950"}],"curies":[{"name":"wp","href":"https:\/\/api.w.org\/{rel}","templated":true}]}}