{"id":14112,"date":"2020-06-27T12:29:18","date_gmt":"2020-06-27T12:29:18","guid":{"rendered":"http:\/\/garrafeiragrandeescolha.pt\/?post_type=product&#038;p=14112"},"modified":"2025-12-10T09:24:53","modified_gmt":"2025-12-10T09:24:53","slug":"ruinart-brut-75cl-copia","status":"publish","type":"product","link":"https:\/\/garrafeiragrandeescolha.pt\/it\/prodotto\/ruinart-brut-75cl-copia\/","title":{"rendered":"Ruinart Brut Magnum 1.5L"},"content":{"rendered":"<p><img fetchpriority=\"high\" decoding=\"async\" class=\"size-medium wp-image-15449 aligncenter\" src=\"http:\/\/garrafeiragrandeescolha.pt\/wp-content\/uploads\/2022\/02\/ruinart-logo-300x233.png\" alt=\"\" width=\"300\" height=\"233\" srcset=\"https:\/\/garrafeiragrandeescolha.pt\/wp-content\/uploads\/2022\/02\/ruinart-logo-300x233.png 300w, https:\/\/garrafeiragrandeescolha.pt\/wp-content\/uploads\/2022\/02\/ruinart-logo.png 597w\" sizes=\"(max-width: 300px) 100vw, 300px\" \/><\/p>\n<p>Nascido em 1729, Ruinart \u00e9 a mais antiga casa de champanhe.\u00a0Antes disso, n\u00e3o havia nenhum.\u00a0Na sua origem, a intui\u00e7\u00e3o de um monge que estava \u00e0 frente de seu tempo.\u00a0A uva Chardonnay \u00e9 a assinatura da Maison Ruinart.\u00a0Suas uvas, principalmente da C\u00f4te des Blancs e Montagne de Reims, est\u00e3o no centro de todas as suas colheitas.<\/p>","protected":false},"excerpt":{"rendered":"<p><span style=\"color: #ff0000\">1 garrafa disponivel<\/span><\/p>\n<p>A cuv\u00e9e de assinatura da Maison Ruinart \u00e9 uma mistura de 40% chardonnay, 40 a 45% pinot noir e 10 a 15% meunier, incluindo 25 a 30% de vinhos de reserva dos dois anos anteriores \u00e0 base.<\/p>\n<p>Uma cor amarela brilhante e l\u00edmpida com reflexos dourados.\u00a0Lindo brilho, a efervesc\u00eancia \u00e9 sustentada, com um cord\u00e3o muito presente.<\/p>\n<p>Um primeiro nariz fino e fresco, frutado, cheio de notas de frutas de polpa branca (p\u00eara, ma\u00e7\u00e3), damasco, avel\u00e3s e am\u00eandoas frescas.\u00a0Algumas notas florais e picantes trazem complexidade adicional.<br \/>\nO segundo nariz revela uma intensidade olfativa bonita, sobre uma base mais brioche e biscoito.<\/p>\n<p>Ataque muito franco no paladar.\u00a0Um vinho equilibrado, bastante redondo e carnudo no ataque com aromas de frutas maduras (Reine-claude e Brugnon).\u00a0O final \u00e9 longo, a dosagem bem integrada d\u00e1 lugar a um frescor caracter\u00edstico de Chardonnay, muito presente na mistura.<\/p>","protected":false},"featured_media":526,"template":"","meta":{"_exactmetrics_skip_tracking":false,"_exactmetrics_sitenote_active":false,"_exactmetrics_sitenote_note":"","_exactmetrics_sitenote_category":0,"_uf_show_specific_survey":0,"_uf_disable_surveys":false,"iawp_total_views":10},"product_brand":[],"product_cat":[160,178],"product_tag":[],"class_list":{"0":"post-14112","1":"product","2":"type-product","3":"status-publish","4":"has-post-thumbnail","6":"product_cat-espumantes","7":"product_cat-champagne","9":"first","10":"instock","11":"shipping-taxable","12":"purchasable","13":"product-type-simple"},"_links":{"self":[{"href":"https:\/\/garrafeiragrandeescolha.pt\/it\/wp-json\/wp\/v2\/product\/14112","targetHints":{"allow":["GET"]}}],"collection":[{"href":"https:\/\/garrafeiragrandeescolha.pt\/it\/wp-json\/wp\/v2\/product"}],"about":[{"href":"https:\/\/garrafeiragrandeescolha.pt\/it\/wp-json\/wp\/v2\/types\/product"}],"wp:featuredmedia":[{"embeddable":true,"href":"https:\/\/garrafeiragrandeescolha.pt\/it\/wp-json\/wp\/v2\/media\/526"}],"wp:attachment":[{"href":"https:\/\/garrafeiragrandeescolha.pt\/it\/wp-json\/wp\/v2\/media?parent=14112"}],"wp:term":[{"taxonomy":"product_brand","embeddable":true,"href":"https:\/\/garrafeiragrandeescolha.pt\/it\/wp-json\/wp\/v2\/product_brand?post=14112"},{"taxonomy":"product_cat","embeddable":true,"href":"https:\/\/garrafeiragrandeescolha.pt\/it\/wp-json\/wp\/v2\/product_cat?post=14112"},{"taxonomy":"product_tag","embeddable":true,"href":"https:\/\/garrafeiragrandeescolha.pt\/it\/wp-json\/wp\/v2\/product_tag?post=14112"}],"curies":[{"name":"wp","href":"https:\/\/api.w.org\/{rel}","templated":true}]}}