{"id":14274,"date":"2020-08-29T12:28:42","date_gmt":"2020-08-29T12:28:42","guid":{"rendered":"http:\/\/garrafeiragrandeescolha.pt\/?post_type=product&#038;p=14274"},"modified":"2023-09-18T11:49:16","modified_gmt":"2023-09-18T11:49:16","slug":"quinta-mendes-pereira-branco-75cl","status":"publish","type":"product","link":"https:\/\/garrafeiragrandeescolha.pt\/it\/prodotto\/quinta-mendes-pereira-branco-75cl\/","title":{"rendered":"Quinta Mendes Pereira Branco 75cl"},"content":{"rendered":"<p>&nbsp;<\/p>\n<p><img decoding=\"async\" class=\"size-medium wp-image-15397 aligncenter\" src=\"http:\/\/garrafeiragrandeescolha.pt\/wp-content\/uploads\/2022\/02\/qta-mendes-pereira-logo-300x101.png\" alt=\"\" width=\"300\" height=\"101\" srcset=\"https:\/\/garrafeiragrandeescolha.pt\/wp-content\/uploads\/2022\/02\/qta-mendes-pereira-logo-300x101.png 300w, https:\/\/garrafeiragrandeescolha.pt\/wp-content\/uploads\/2022\/02\/qta-mendes-pereira-logo.png 391w\" sizes=\"(max-width: 300px) 100vw, 300px\" \/><\/p>\n<p>A Quinta Mendes Pereira \u00e9 uma empresa familiar localizada no cora\u00e7\u00e3o da aldeia hist\u00f3rica de Oliveira do Conde. \u00c9 uma das maiores explora\u00e7\u00f5es particulares em toda a regi\u00e3o. Produz os seus vinhos harmonizando as tecnologias mais modernas e o conhecimento mais recente \u00e0s mais antigas tradi\u00e7\u00f5es do D\u00e3o.<\/p>\n<p>A completa gama de vinhos da Quinta Mendes Pereira inclui um Espumante, um Ros\u00e9, um brancos e seis tintos. Com exce\u00e7\u00e3o do Espumante, feito da casta Baga, todos s\u00e3o feitos exclusivamente com as castas aut\u00f3ctones do D\u00e3o e todas s\u00e3o colhidas na Quinta. Destacam-se a casta branca Encruzado e a tinta Touriga Nacional.<\/p>\n<p>Raquel Mendes Pereira nasceu no Brasil. H\u00e1 uma dezena de anos resolveu vir para Portugal tratar da quinta da fam\u00edlia. Sabia pouco sobre a Lusit\u00e2nia mas menos ainda sobre vinhas, terras, terroir, castas e D\u00e3o. Foi por amor, ao pai, \u00e0s filhas e \u00e0 terra que abandonou a grande metr\u00f3pole paulista para se fixar na terra de seu pai.<\/p>","protected":false},"excerpt":{"rendered":"<p>&nbsp; A Quinta Mendes Pereira \u00e9 uma empresa familiar localizada no cora\u00e7\u00e3o da aldeia hist\u00f3rica de Oliveira do Conde. \u00c9 uma das maiores explora\u00e7\u00f5es particulares em toda a regi\u00e3o. Produz os seus vinhos harmonizando as tecnologias mais modernas e o conhecimento mais recente \u00e0s mais antigas tradi\u00e7\u00f5es do D\u00e3o. A completa gama de vinhos da [&hellip;]<\/p>","protected":false},"featured_media":7077,"template":"","meta":{"_exactmetrics_skip_tracking":false,"_exactmetrics_sitenote_active":false,"_exactmetrics_sitenote_note":"","_exactmetrics_sitenote_category":0,"_uf_show_specific_survey":0,"_uf_disable_surveys":false,"iawp_total_views":26},"product_brand":[],"product_cat":[157,185,209],"product_tag":[],"class_list":{"0":"post-14274","1":"product","2":"type-product","3":"status-publish","4":"has-post-thumbnail","6":"product_cat-vinhos","7":"product_cat-branco","8":"product_cat-dao","10":"first","11":"instock","12":"shipping-taxable","13":"purchasable","14":"product-type-simple"},"_links":{"self":[{"href":"https:\/\/garrafeiragrandeescolha.pt\/it\/wp-json\/wp\/v2\/product\/14274","targetHints":{"allow":["GET"]}}],"collection":[{"href":"https:\/\/garrafeiragrandeescolha.pt\/it\/wp-json\/wp\/v2\/product"}],"about":[{"href":"https:\/\/garrafeiragrandeescolha.pt\/it\/wp-json\/wp\/v2\/types\/product"}],"wp:featuredmedia":[{"embeddable":true,"href":"https:\/\/garrafeiragrandeescolha.pt\/it\/wp-json\/wp\/v2\/media\/7077"}],"wp:attachment":[{"href":"https:\/\/garrafeiragrandeescolha.pt\/it\/wp-json\/wp\/v2\/media?parent=14274"}],"wp:term":[{"taxonomy":"product_brand","embeddable":true,"href":"https:\/\/garrafeiragrandeescolha.pt\/it\/wp-json\/wp\/v2\/product_brand?post=14274"},{"taxonomy":"product_cat","embeddable":true,"href":"https:\/\/garrafeiragrandeescolha.pt\/it\/wp-json\/wp\/v2\/product_cat?post=14274"},{"taxonomy":"product_tag","embeddable":true,"href":"https:\/\/garrafeiragrandeescolha.pt\/it\/wp-json\/wp\/v2\/product_tag?post=14274"}],"curies":[{"name":"wp","href":"https:\/\/api.w.org\/{rel}","templated":true}]}}