{"id":14291,"date":"2020-09-10T15:51:51","date_gmt":"2020-09-10T15:51:51","guid":{"rendered":"http:\/\/garrafeiragrandeescolha.pt\/?post_type=product&#038;p=14291"},"modified":"2023-09-28T17:20:56","modified_gmt":"2023-09-28T17:20:56","slug":"tres-bagos-grande-escolha-tinto-75cl","status":"publish","type":"product","link":"https:\/\/garrafeiragrandeescolha.pt\/it\/prodotto\/tres-bagos-grande-escolha-tinto-75cl\/","title":{"rendered":"Tr\u00eas Bagos Grande Escolha Tinto 2015 75cl"},"content":{"rendered":"<p><img fetchpriority=\"high\" decoding=\"async\" class=\"size-medium wp-image-15287 aligncenter\" src=\"http:\/\/garrafeiragrandeescolha.pt\/wp-content\/uploads\/2022\/02\/Lavradores-de-Feitoria-Logo-300x212.jpg\" alt=\"\" width=\"300\" height=\"212\" srcset=\"https:\/\/garrafeiragrandeescolha.pt\/wp-content\/uploads\/2022\/02\/Lavradores-de-Feitoria-Logo-300x212.jpg 300w, https:\/\/garrafeiragrandeescolha.pt\/wp-content\/uploads\/2022\/02\/Lavradores-de-Feitoria-Logo-1024x724.jpg 1024w, https:\/\/garrafeiragrandeescolha.pt\/wp-content\/uploads\/2022\/02\/Lavradores-de-Feitoria-Logo-768x543.jpg 768w, https:\/\/garrafeiragrandeescolha.pt\/wp-content\/uploads\/2022\/02\/Lavradores-de-Feitoria-Logo-600x424.jpg 600w, https:\/\/garrafeiragrandeescolha.pt\/wp-content\/uploads\/2022\/02\/Lavradores-de-Feitoria-Logo.jpg 1500w\" sizes=\"(max-width: 300px) 100vw, 300px\" \/><\/p>\n<div class=\"text-block\">\n<p>A Lavradores de Feitoria, Vinhos de Quinta S.A. \u00e9 um projecto \u00fanico, criado em Setembro de 2000 e que resultou da uni\u00e3o de 15 lavradores, propriet\u00e1rios de 18 quintas distribu\u00eddas pelos melhores terroirs do Douro, repartidas pelas tr\u00eas sub-regi\u00f5es (Baixo Corgo, Cima Corgo e Douro Superior). Actualmente comp\u00f5e a estrutura da empresa: 48 accionistas, dos quais 15 s\u00e3o produtores de uva, e 19 quintas. Juntos, somam uma \u00e1rea total de vinha superior a 600 hectares.<\/p>\n<p>Estes produtores \u2013 com participa\u00e7\u00f5es distintas no capital da empresa, sob uma s\u00f3 marca, uma s\u00f3 adega e uma s\u00f3 equipa de enologia \u2013 juntaram-se para partilhar recursos e criar sinergias de forma a conseguirem o que sozinhos n\u00e3o conseguiriam. Pela primeira vez no Douro, um grupo de convictos durienses associou saberes e experi\u00eancias, inova\u00e7\u00e3o e tradi\u00e7\u00e3o. Um esfor\u00e7o conjunto e solid\u00e1rio que marcou uma nova \u00e9poca para o Douro.<\/p>\n<\/div>\n<div class=\"text-block\">\n<p>Partilha e associativismo, concertados de uma forma moderna, razo\u00e1vel e inteligente, s\u00e3o os valores subjacentes \u00e0 Lavradores de Feitoria. O objectivo foi, desde o in\u00edcio, o de criar vinhos equilibrados, elegantes e com potencial de envelhecimento, tendo por base um compromisso declarado com a excel\u00eancia e tradi\u00e7\u00e3o do Douro.<\/p>\n<p>Com 19 quintas espalhadas por todo o Douro, a Lavradores de Feitoria consegue obter a melhor mat\u00e9ria-prima, com uvas de todas as castas (mesmo as menos conhecidas), cepas de todas as idades, plantadas a m\u00faltiplas altitudes, com diferentes exposi\u00e7\u00f5es, numa enorme heterogeneidade de solos.<\/p>\n<p>Hist\u00f3ria do nome<\/p>\n<p>Marqu\u00eas de Pombal, fundador da Regi\u00e3o Demarcada do Douro, seleccionava os melhores vinhos desta regi\u00e3o, destinando-os aos apreciadores mais exigentes do pa\u00eds e do resto do mundo. Eram os chamados \u201cvinhos de feitoria\u201d e ganharam merecido respeito pela sua extrema qualidade.<\/p>\n<p>Na viragem do s\u00e9culo, lavradores do Douro uniram-se para realizar um sonho t\u00e3o simples qu\u00e3o ambicioso: juntar \u201cLavradores\u201d para fazer vinhos \u201cde Feitoria\u201d. Assim nasceu a Lavradores de Feitoria, que re\u00fane diferentes saberes e experi\u00eancias, ancestrais e contempor\u00e2neos, desde a viticultura \u00e0 comercializa\u00e7\u00e3o.<\/p>\n<\/div>","protected":false},"excerpt":{"rendered":"<p>Castas: Vinhas Velhas \u2013 mistura de castas (com mais de 60 anos)<\/p>\n<p>Cor: Vermelha viva, brilhante e profunda.<br \/>\nAroma: \u00c9 fino, elegante e muito intenso. \u00c9 frutado, complexo, cheio e rico em especiarias provenientes de uma boa matura\u00e7\u00e3o em madeira de excelente qualidade. Muito harmonioso e com car\u00e1cter.<br \/>\nPaladar: \u00c9 muito saboroso, frutado mas elegante. Equilibrado, apresenta taninos suaves de grande n\u00edvel e uma excelente acidez, que lhe confere um longo e agrad\u00e1vel final. Esta combina\u00e7\u00e3o equilibrada de poder e eleg\u00e2ncia contribuiu certamente para o seu potencial de envelhecimento, pelo que o vinho beneficiar\u00e1 com alguns anos em garrafa.<br \/>\nGastronomia: Pratos de carne e ca\u00e7a bem estruturados e ricos de sabor.<\/p>\n<p>Este \u00e9 um vinho produzido apenas em anos de colheitas excepcionais, proveniente de vinhas com idade superior a 60 anos, selecionadas pela sua localiza\u00e7\u00e3o, solo e encepamento. Durante o est\u00e1gio, em barricas novas, s\u00e3o selecionadas as melhores, as mais equilibradas, para fazer um lote sublime e com capacidade de matura\u00e7\u00e3o. O vinho Tr\u00eas Bagos Grande Escolha pretende ser o que de melhor se faz no Douro.<\/p>","protected":false},"featured_media":7179,"template":"","meta":{"_exactmetrics_skip_tracking":false,"_exactmetrics_sitenote_active":false,"_exactmetrics_sitenote_note":"","_exactmetrics_sitenote_category":0,"_uf_show_specific_survey":0,"_uf_disable_surveys":false,"iawp_total_views":19},"product_brand":[],"product_cat":[157,184,215],"product_tag":[],"class_list":{"0":"post-14291","1":"product","2":"type-product","3":"status-publish","4":"has-post-thumbnail","6":"product_cat-vinhos","7":"product_cat-tinto","8":"product_cat-douro","10":"first","11":"instock","12":"shipping-taxable","13":"purchasable","14":"product-type-simple"},"_links":{"self":[{"href":"https:\/\/garrafeiragrandeescolha.pt\/it\/wp-json\/wp\/v2\/product\/14291","targetHints":{"allow":["GET"]}}],"collection":[{"href":"https:\/\/garrafeiragrandeescolha.pt\/it\/wp-json\/wp\/v2\/product"}],"about":[{"href":"https:\/\/garrafeiragrandeescolha.pt\/it\/wp-json\/wp\/v2\/types\/product"}],"wp:featuredmedia":[{"embeddable":true,"href":"https:\/\/garrafeiragrandeescolha.pt\/it\/wp-json\/wp\/v2\/media\/7179"}],"wp:attachment":[{"href":"https:\/\/garrafeiragrandeescolha.pt\/it\/wp-json\/wp\/v2\/media?parent=14291"}],"wp:term":[{"taxonomy":"product_brand","embeddable":true,"href":"https:\/\/garrafeiragrandeescolha.pt\/it\/wp-json\/wp\/v2\/product_brand?post=14291"},{"taxonomy":"product_cat","embeddable":true,"href":"https:\/\/garrafeiragrandeescolha.pt\/it\/wp-json\/wp\/v2\/product_cat?post=14291"},{"taxonomy":"product_tag","embeddable":true,"href":"https:\/\/garrafeiragrandeescolha.pt\/it\/wp-json\/wp\/v2\/product_tag?post=14291"}],"curies":[{"name":"wp","href":"https:\/\/api.w.org\/{rel}","templated":true}]}}