{"id":14314,"date":"2020-10-08T15:39:02","date_gmt":"2020-10-08T15:39:02","guid":{"rendered":"http:\/\/garrafeiragrandeescolha.pt\/?post_type=product&#038;p=14314"},"modified":"2025-11-05T18:13:26","modified_gmt":"2025-11-05T18:13:26","slug":"vermuiz-gin-50cl","status":"publish","type":"product","link":"https:\/\/garrafeiragrandeescolha.pt\/it\/prodotto\/vermuiz-gin-50cl\/","title":{"rendered":"Gin Vermuiz Secco 50cl"},"content":{"rendered":"<p>&nbsp;<\/p>\n<p>L&#039;origine della citt\u00e0 di Famalic\u00e3o ha dato il tono alla creazione del nostro gin, ispirato al cosiddetto Castello di Vermoim, costruito nell&#039;XI secolo dal conte Vermuiz Forjaz. Fu infatti proprio il conte a ordinare la costruzione della fortezza che proteggeva il paese da cui il gin prende il nome. Il nome e le caratteristiche principali: forte, combattivo e plasmabile ad ogni palato. Una nuova esperienza per ogni palato!<\/p>\n<p>Il gin Vermuiz crea una perfetta combinazione di sapori di agrumi con spezie ed erbe aromatiche. Ottenuto da una distillazione congiunta di sostanze botaniche in un alambicco tradizionale, Vermuiz \u00e8 stato sviluppato in due mesi da un distillatore con una vasta esperienza nella zona. Dopo un processo di macerazione di sei giorni e una doppia distillazione, il gin raggiunge l&#039;equilibrio botanico.<\/p>\n<p>Ginepro e coriandolo sono i pilastri essenziali del Vermuiz. Combinati raggiungono il giusto equilibrio affinch\u00e9 la freschezza invada la bocca e risvegli tutti i sensi. E se il palato \u00e8 lungo, il retrogusto ha un sapore speziato senza mai dimenticare il gusto del limone e del pompelmo.<\/p>\n<p>Ottenuto da una distillazione congiunta di sostanze botaniche in un alambicco tradizionale, Vermuiz \u00e8 stato sviluppato in due mesi da un distillatore con una vasta esperienza nella zona. Dopo un processo di macerazione che dura sei giorni e attraverso la doppia distillazione, Vermuiz raggiunge un equilibrio botanico che offre un&#039;esperienza unica.<\/p>\n<p>Con una gradazione alcolica di 42%, il nostro gin ha come pilastri essenziali il ginepro e il coriandolo, che insieme raggiungono il perfetto equilibrio affinch\u00e9 la freschezza invada la bocca e risvegli tutti i sensi.<\/p>\n<p>Vermuiz dona un palato istantaneo e lungo e un retrogusto che dura e incorpora mandorle, chiodi di garofano e goji. \u00c8 un retrogusto dal sapore speziato e un palato agrumato evidenziato dalla presenza di pompelmo e limone. Bere Vermuiz \u00e8 vivere un insieme di sapori in un&#039;unica esperienza.<\/p>","protected":false},"excerpt":{"rendered":"<p><img decoding=\"async\" class=\"alignnone size-full wp-image-3689\" src=\"https:\/\/garrafeiragrandeescolha.pt\/wp-content\/uploads\/2020\/04\/portugal.png\" alt=\"\" width=\"70\" height=\"40\" \/>Origine Portogallo<\/p>\n<p>Vermuiz \u00e8 un gin premium che utilizza botaniche tradizionali, combinandole con spezie che gli conferiscono un aroma e un gusto tutt&#039;altro che convenzionali. Ispirato dai ricordi di Minho, Vermuiz \u00e8 allo stesso tempo tradizionale e sorprendente. Mentre ti aspetti di assaggiare gli agrumi cos\u00ec caratteristici della regione del Minho, dove \u00e8 stato creato, sorprende con la combinazione di spezie ed erbe aromatiche.<\/p>","protected":false},"featured_media":7328,"template":"","meta":{"_exactmetrics_skip_tracking":false,"_exactmetrics_sitenote_active":false,"_exactmetrics_sitenote_note":"","_exactmetrics_sitenote_category":0,"_uf_show_specific_survey":0,"_uf_disable_surveys":false,"iawp_total_views":201},"product_brand":[],"product_cat":[158,183,162],"product_tag":[],"class_list":{"0":"post-14314","1":"product","2":"type-product","3":"status-publish","4":"has-post-thumbnail","6":"product_cat-espirituosos","7":"product_cat-gin","8":"product_cat-raridades","10":"first","11":"instock","12":"shipping-taxable","13":"purchasable","14":"product-type-simple"},"_links":{"self":[{"href":"https:\/\/garrafeiragrandeescolha.pt\/it\/wp-json\/wp\/v2\/product\/14314","targetHints":{"allow":["GET"]}}],"collection":[{"href":"https:\/\/garrafeiragrandeescolha.pt\/it\/wp-json\/wp\/v2\/product"}],"about":[{"href":"https:\/\/garrafeiragrandeescolha.pt\/it\/wp-json\/wp\/v2\/types\/product"}],"wp:featuredmedia":[{"embeddable":true,"href":"https:\/\/garrafeiragrandeescolha.pt\/it\/wp-json\/wp\/v2\/media\/7328"}],"wp:attachment":[{"href":"https:\/\/garrafeiragrandeescolha.pt\/it\/wp-json\/wp\/v2\/media?parent=14314"}],"wp:term":[{"taxonomy":"product_brand","embeddable":true,"href":"https:\/\/garrafeiragrandeescolha.pt\/it\/wp-json\/wp\/v2\/product_brand?post=14314"},{"taxonomy":"product_cat","embeddable":true,"href":"https:\/\/garrafeiragrandeescolha.pt\/it\/wp-json\/wp\/v2\/product_cat?post=14314"},{"taxonomy":"product_tag","embeddable":true,"href":"https:\/\/garrafeiragrandeescolha.pt\/it\/wp-json\/wp\/v2\/product_tag?post=14314"}],"curies":[{"name":"wp","href":"https:\/\/api.w.org\/{rel}","templated":true}]}}