{"id":14319,"date":"2020-10-10T10:22:26","date_gmt":"2020-10-10T10:22:26","guid":{"rendered":"http:\/\/garrafeiragrandeescolha.pt\/?post_type=product&#038;p=14319"},"modified":"2024-10-22T11:09:06","modified_gmt":"2024-10-22T11:09:06","slug":"champagne-gosset-blanc-des-blancs-brut-75cl","status":"publish","type":"product","link":"https:\/\/garrafeiragrandeescolha.pt\/it\/prodotto\/champagne-gosset-blanc-des-blancs-brut-75cl\/","title":{"rendered":"Champagne Gosset Grand Blanc Des Blancs Brut 75cl"},"content":{"rendered":"<p><img decoding=\"async\" class=\"size-full wp-image-15267 aligncenter\" src=\"http:\/\/garrafeiragrandeescolha.pt\/wp-content\/uploads\/2022\/02\/gosset-logo.png\" alt=\"\" width=\"201\" height=\"188\" \/><\/p>\n<p>La storia della famiglia GOSSET inizia pi\u00f9 di quattro secoli fa con il primo antenato ufficiale della linea, Jean GOSSET (1484-1556), \u201cSeigneur d&#039;A\u00ff et de Mareuil\u201d.<br \/>\nSedici generazioni in linea diretta lo seguiranno nello Champagne come consiglieri comunali, sindaci, avvocati, ma soprattutto nella cultura della vigna e nel commercio del vino dello Champagne.<br \/>\nQualunque sia l&#039;epoca, questi uomini e donne avranno avuto l&#039;ambizione esclusiva di sublimare il loro terroir. La fusione, alla fine del XX secolo, con la famiglia Cointreau e la nascita delle cuv\u00e9es vintage CELEBRIS porteranno lo Champagne GOSSET ai vertici di case prestigiose, in Francia e all&#039;estero.<br \/>\nUna passione che da ieri a oggi ha plasmato l&#039;immagine e la notoriet\u00e0 della pi\u00f9 antica casa vinicola della regione, il cui nome risuona oggi come garanzia di eccellenza per tutti gli amanti dei grandi vini. champagne.<\/p>\n<p>Fu intorno al 1760 che Jean GOSSET utilizz\u00f2 per la prima volta quello che sarebbe diventato l&#039;emblema della Maison GOSSET: l&#039;antica bottiglia.<br \/>\nQuesta bottiglia slanciata, dai lati arrotondati ed estremamente elegante, \u00e8 un modello esclusivo, che figurava nella collezione di vecchie bottiglie della famiglia. Deve il suo soprannome al colore \u201cvetro vecchio\u201d attribuito alla pasta di vetro contenuta nella sua composizione.<\/p>","protected":false},"excerpt":{"rendered":"<p>100% Chardonnay, o Grand Blanc de Blancs \u00e9 o precioso concentrado do terroir de cerca de quinze aldeias da C\u00f4te des Blancs (Avize, Chouilly, Cramant, Le Mesnil-sur-Oger, Oger, Cuis), mas tamb\u00e9m da C\u00f4te des Negros com Brancos (Villers-Marmery, Tours-sur-Marne, Tr\u00e9pail).\u00a0Tantas express\u00f5es de Champagne, complexidades e aromas que permitiram explorar tantas avenidas de trabalho, ricas e de sucesso, e finalizar esta cuv\u00e9e excepcional.<\/p>\n<p>A bolha fina e presente se move em dire\u00e7\u00e3o \u00e0 superf\u00edcie com leveza.\u00a0O vestido \u00e9 um tom dourado bastante claro.<\/p>\n<p>O nariz, ao mesmo tempo mineral e floral, revela aromas de flores e frutas brancas, damasco, ameixa mirabelle, e, em toques muito leves, notas de lim\u00e3o picante, frutas c\u00edtricas, pasta de marmelo e mel. suave.<\/p>\n<p>Na boca, flores brancas se misturam a fragr\u00e2ncias levemente tostadas.\u00a0Toque sedoso e paladar harmonioso para este champanhe vivo e estruturado.<\/p>\n<p>Esta cuv\u00e9e cheia de requinte e eleg\u00e2ncia \u00e9 a companhia ideal para um aperitivo.\u00a0A sua frescura permite-lhe ainda acompanhar numerosas vieiras, uma remoulade de caranguejos, goug\u00e8res, um t\u00e1rtaro de peixe, ostras, um risoto com aparas de parmes\u00e3o, carnes brancas, Comt\u00e9 jovem e frutado, parmes\u00e3o &#8230;<\/p>","protected":false},"featured_media":7352,"template":"","meta":{"_exactmetrics_skip_tracking":false,"_exactmetrics_sitenote_active":false,"_exactmetrics_sitenote_note":"","_exactmetrics_sitenote_category":0,"_uf_show_specific_survey":0,"_uf_disable_surveys":false,"iawp_total_views":11},"product_brand":[],"product_cat":[160,178],"product_tag":[],"class_list":{"0":"post-14319","1":"product","2":"type-product","3":"status-publish","4":"has-post-thumbnail","6":"product_cat-espumantes","7":"product_cat-champagne","9":"first","10":"instock","11":"shipping-taxable","12":"purchasable","13":"product-type-simple"},"_links":{"self":[{"href":"https:\/\/garrafeiragrandeescolha.pt\/it\/wp-json\/wp\/v2\/product\/14319","targetHints":{"allow":["GET"]}}],"collection":[{"href":"https:\/\/garrafeiragrandeescolha.pt\/it\/wp-json\/wp\/v2\/product"}],"about":[{"href":"https:\/\/garrafeiragrandeescolha.pt\/it\/wp-json\/wp\/v2\/types\/product"}],"wp:featuredmedia":[{"embeddable":true,"href":"https:\/\/garrafeiragrandeescolha.pt\/it\/wp-json\/wp\/v2\/media\/7352"}],"wp:attachment":[{"href":"https:\/\/garrafeiragrandeescolha.pt\/it\/wp-json\/wp\/v2\/media?parent=14319"}],"wp:term":[{"taxonomy":"product_brand","embeddable":true,"href":"https:\/\/garrafeiragrandeescolha.pt\/it\/wp-json\/wp\/v2\/product_brand?post=14319"},{"taxonomy":"product_cat","embeddable":true,"href":"https:\/\/garrafeiragrandeescolha.pt\/it\/wp-json\/wp\/v2\/product_cat?post=14319"},{"taxonomy":"product_tag","embeddable":true,"href":"https:\/\/garrafeiragrandeescolha.pt\/it\/wp-json\/wp\/v2\/product_tag?post=14319"}],"curies":[{"name":"wp","href":"https:\/\/api.w.org\/{rel}","templated":true}]}}