{"id":14333,"date":"2020-10-15T15:11:30","date_gmt":"2020-10-15T15:11:30","guid":{"rendered":"http:\/\/garrafeiragrandeescolha.pt\/?post_type=product&#038;p=14333"},"modified":"2025-04-14T14:33:52","modified_gmt":"2025-04-14T14:33:52","slug":"discordia-bianco-2018-75cl","status":"publish","type":"product","link":"https:\/\/garrafeiragrandeescolha.pt\/it\/prodotto\/discordia-bianco-2018-75cl\/","title":{"rendered":"Disc\u00f3rdia Branco 2021 75cl"},"content":{"rendered":"<p>&nbsp;<\/p>\n<p><img decoding=\"async\" class=\"size-medium wp-image-15220 aligncenter\" src=\"http:\/\/garrafeiragrandeescolha.pt\/wp-content\/uploads\/2022\/02\/discordia-logotipo-300x141.jpg\" alt=\"\" width=\"300\" height=\"141\" srcset=\"https:\/\/garrafeiragrandeescolha.pt\/wp-content\/uploads\/2022\/02\/discordia-logotipo-300x141.jpg 300w, https:\/\/garrafeiragrandeescolha.pt\/wp-content\/uploads\/2022\/02\/discordia-logotipo.jpg 403w\" sizes=\"(max-width: 300px) 100vw, 300px\" \/><\/p>\n<p>Innanzitutto il luogo. Herdade Vale d&#039;\u00c9vora si trova a pochi chilometri dal bellissimo villaggio di M\u00e9rtola, nel basso Alentejo. Fa parte del Parco Naturale della Valle del Guadiana, beneficiando di un paesaggio caratterizzato da terreni generosamente ondulati, vegetazione autoctona e dal fiume Guadiana che lo attraversa. In tutta la propriet\u00e0, 550 ettari in totale, sono presenti piantagioni di pino domestico, leccio e corbezzolo e un vigneto, il vigneto Discordia.<\/p>\n<p>I vini Discordia sono prodotti da uve raccolte in un vigneto di 10 ettari affacciato sul paesaggio selvaggio di Herdade Vale d&#039;\u00c9vora. Come nel Douro, i terreni scistosi e il clima rigido della regione fanno s\u00ec che il vigneto viva ai margini e in lotta per la sopravvivenza, ottenendo frutti ariosi, con buona concentrazione e struttura. La vicinanza al fiume Guadiana fornisce quel tocco di acidit\u00e0 importante per l&#039;equilibrio finale del vino.<\/p>","protected":false},"excerpt":{"rendered":"<p>Prodotto da uve raccolte a Herdade Vale d&#039;\u00c9vora, con i vitigni Verdelho, Arinto e Ant\u00e3o Vaz, \u00e8 un vino dal colore citrino brillante, dal profumo fruttato, fresco e strutturato.<\/p>","protected":false},"featured_media":7425,"template":"","meta":{"_exactmetrics_skip_tracking":false,"_exactmetrics_sitenote_active":false,"_exactmetrics_sitenote_note":"","_exactmetrics_sitenote_category":0,"_uf_show_specific_survey":0,"_uf_disable_surveys":false,"iawp_total_views":27},"product_brand":[],"product_cat":[157,185,189],"product_tag":[],"class_list":{"0":"post-14333","1":"product","2":"type-product","3":"status-publish","4":"has-post-thumbnail","6":"product_cat-vinhos","7":"product_cat-branco","8":"product_cat-alentejo-branco","10":"first","11":"instock","12":"shipping-taxable","13":"purchasable","14":"product-type-simple"},"_links":{"self":[{"href":"https:\/\/garrafeiragrandeescolha.pt\/it\/wp-json\/wp\/v2\/product\/14333","targetHints":{"allow":["GET"]}}],"collection":[{"href":"https:\/\/garrafeiragrandeescolha.pt\/it\/wp-json\/wp\/v2\/product"}],"about":[{"href":"https:\/\/garrafeiragrandeescolha.pt\/it\/wp-json\/wp\/v2\/types\/product"}],"wp:featuredmedia":[{"embeddable":true,"href":"https:\/\/garrafeiragrandeescolha.pt\/it\/wp-json\/wp\/v2\/media\/7425"}],"wp:attachment":[{"href":"https:\/\/garrafeiragrandeescolha.pt\/it\/wp-json\/wp\/v2\/media?parent=14333"}],"wp:term":[{"taxonomy":"product_brand","embeddable":true,"href":"https:\/\/garrafeiragrandeescolha.pt\/it\/wp-json\/wp\/v2\/product_brand?post=14333"},{"taxonomy":"product_cat","embeddable":true,"href":"https:\/\/garrafeiragrandeescolha.pt\/it\/wp-json\/wp\/v2\/product_cat?post=14333"},{"taxonomy":"product_tag","embeddable":true,"href":"https:\/\/garrafeiragrandeescolha.pt\/it\/wp-json\/wp\/v2\/product_tag?post=14333"}],"curies":[{"name":"wp","href":"https:\/\/api.w.org\/{rel}","templated":true}]}}