{"id":14339,"date":"2020-10-21T22:54:12","date_gmt":"2020-10-21T22:54:12","guid":{"rendered":"http:\/\/garrafeiragrandeescolha.pt\/?post_type=product&#038;p=14339"},"modified":"2026-02-09T15:43:23","modified_gmt":"2026-02-09T15:43:23","slug":"cultus-sui-generis-tinto-2017-75cl","status":"publish","type":"product","link":"https:\/\/garrafeiragrandeescolha.pt\/it\/prodotto\/cultus-sui-generis-tinto-2017-75cl\/","title":{"rendered":"Cultus Sui Generis Tinto 2017 75cl"},"content":{"rendered":"<p><img fetchpriority=\"high\" decoding=\"async\" class=\"size-full wp-image-15054 aligncenter\" src=\"http:\/\/garrafeiragrandeescolha.pt\/wp-content\/uploads\/2022\/02\/Logo__Evora_TopWines1.png\" alt=\"\" width=\"300\" height=\"189\" \/><\/p>\n<p>H\u00e1 na cria\u00e7\u00e3o do vinho, muito de intui\u00e7\u00e3o, muito que n\u00e3o se diz, que n\u00e3o se escreve, mas que se sente, e isso\u2026 \u00e9 Arte.<\/p>\n<p>Procurar a tradi\u00e7\u00e3o, os conhecimentos passados de pai para filho, rebuscar as nossos origens \u00e9 antes de mais uma paix\u00e3o, uma filosofia de aperfei\u00e7oamento constante.<\/p>\n<p>Inspirados na nossa cidade \u00c9vora, com os seus seis s\u00e9culos de cultura Romana, a imagem dos nossos vinhos \u00e9 uma homenagem a esta bela cidade, capital do Alentejo.<\/p>","protected":false},"excerpt":{"rendered":"<p>Castas: Alfrocheiro, Touriga Nacional, Alicante Bouschet, Aragon\u00eas e Tinta Caiada<\/p>\n<p>De n\u00edvel muito elevado, deliberadamente sem madeira de forma a enaltecer as caracter\u00edsticas peculiares que a Natureza nos concedeu, CULTUS (Latim) significa: Instru\u00eddo, Cultivado, Vener\u00e1vel.<br \/>\nEste vinho resulta de um ano at\u00edpico, irrepet\u00edvel, pelo que, com um meticuloso trabalho de \u201cassemblage\u201d, cri\u00e1mos este CULTUS \u201cSui Generis\u201d.<\/p>\n<p>Vinha certificada em \u201cProdu\u00e7\u00e3o Integrada\u201d, CULTUS \u00e9 um vinho Artesanal, seguindo um conceito de produ\u00e7\u00e3o natural. Sendo o nosso vinho de Topo, ele exprime a nossa devo\u00e7\u00e3o em criar vinhos tal como obras de arte.<\/p>\n<p>Este vinho resulta de um ano at\u00edpico, irrepet\u00edvel, pelo que, com um meticuloso trabalho de \u201cassemblage\u201d, cri\u00e1mos este CULTUS \u201cSui Generis\u201d<br \/>\nIntenso, mas muito suave e f\u00e1cil.<br \/>\nNa boca tem um excelente volume, acidez viva, bem integrada, taninos intensos e muito macios.<br \/>\nInvulgar, \u201cSui Generis\u201d, um vinho que deixa marca na mem\u00f3ria, para partilhar com algu\u00e9m especial.<br \/>\nO final \u00e9 longo e elegante.<br \/>\nCor rubi profundo.<br \/>\nAroma intenso e de excelente complexidade, com compotas de frutos vermelhos, harmonizando numa envolvente floral com apontamentos<br \/>\nbals\u00e2micos a lembrar anis.<br \/>\nPermite uma grande variedade de acompanhamentos, tal como churrasco, pizza, presunto, comidas fortes e picantes ou mesmo chocolate preto com queijo amanteigado.<\/p>\n<p>Edi\u00e7\u00e3o limitada de 6800 garrafas.<\/p>","protected":false},"featured_media":7452,"template":"","meta":{"_exactmetrics_skip_tracking":false,"_exactmetrics_sitenote_active":false,"_exactmetrics_sitenote_note":"","_exactmetrics_sitenote_category":0,"_uf_show_specific_survey":0,"_uf_disable_surveys":false,"iawp_total_views":24},"product_brand":[],"product_cat":[157,184,207],"product_tag":[],"class_list":{"0":"post-14339","1":"product","2":"type-product","3":"status-publish","4":"has-post-thumbnail","6":"product_cat-vinhos","7":"product_cat-tinto","8":"product_cat-alentejo","10":"first","11":"instock","12":"shipping-taxable","13":"purchasable","14":"product-type-simple"},"_links":{"self":[{"href":"https:\/\/garrafeiragrandeescolha.pt\/it\/wp-json\/wp\/v2\/product\/14339","targetHints":{"allow":["GET"]}}],"collection":[{"href":"https:\/\/garrafeiragrandeescolha.pt\/it\/wp-json\/wp\/v2\/product"}],"about":[{"href":"https:\/\/garrafeiragrandeescolha.pt\/it\/wp-json\/wp\/v2\/types\/product"}],"wp:featuredmedia":[{"embeddable":true,"href":"https:\/\/garrafeiragrandeescolha.pt\/it\/wp-json\/wp\/v2\/media\/7452"}],"wp:attachment":[{"href":"https:\/\/garrafeiragrandeescolha.pt\/it\/wp-json\/wp\/v2\/media?parent=14339"}],"wp:term":[{"taxonomy":"product_brand","embeddable":true,"href":"https:\/\/garrafeiragrandeescolha.pt\/it\/wp-json\/wp\/v2\/product_brand?post=14339"},{"taxonomy":"product_cat","embeddable":true,"href":"https:\/\/garrafeiragrandeescolha.pt\/it\/wp-json\/wp\/v2\/product_cat?post=14339"},{"taxonomy":"product_tag","embeddable":true,"href":"https:\/\/garrafeiragrandeescolha.pt\/it\/wp-json\/wp\/v2\/product_tag?post=14339"}],"curies":[{"name":"wp","href":"https:\/\/api.w.org\/{rel}","templated":true}]}}