{"id":14373,"date":"2020-11-16T18:03:49","date_gmt":"2020-11-16T18:03:49","guid":{"rendered":"http:\/\/garrafeiragrandeescolha.pt\/?post_type=product&#038;p=14373"},"modified":"2023-07-08T08:57:56","modified_gmt":"2023-07-08T08:57:56","slug":"espumante-original-cuvee-bruto-75cl","status":"publish","type":"product","link":"https:\/\/garrafeiragrandeescolha.pt\/it\/prodotto\/espumante-original-cuvee-bruto-75cl\/","title":{"rendered":"Espumante Original Cuv\u00e9e Bruto 75cl"},"content":{"rendered":"<p><img decoding=\"async\" class=\"size-medium wp-image-15409 aligncenter\" src=\"http:\/\/garrafeiragrandeescolha.pt\/wp-content\/uploads\/2021\/05\/quatro-cravos-logo-300x63.png\" alt=\"\" width=\"300\" height=\"63\" srcset=\"https:\/\/garrafeiragrandeescolha.pt\/wp-content\/uploads\/2021\/05\/quatro-cravos-logo-300x63.png 300w, https:\/\/garrafeiragrandeescolha.pt\/wp-content\/uploads\/2021\/05\/quatro-cravos-logo-1024x213.png 1024w, https:\/\/garrafeiragrandeescolha.pt\/wp-content\/uploads\/2021\/05\/quatro-cravos-logo-768x160.png 768w, https:\/\/garrafeiragrandeescolha.pt\/wp-content\/uploads\/2021\/05\/quatro-cravos-logo-600x125.png 600w, https:\/\/garrafeiragrandeescolha.pt\/wp-content\/uploads\/2021\/05\/quatro-cravos-logo.png 1190w\" sizes=\"(max-width: 300px) 100vw, 300px\" \/><\/p>\n<p>Quatro Cravos gestisce la produzione vinicola di due aziende vinicole nella regione della Bairrada: \u201cAdega Original\u201d e \u201cAdega Cravo\u201d.<\/p>\n<p>I vigneti sono impiantati in diverse tipologie di terreno, tra cui quelli argillosi, franco-argillosi-calcarei e sabbiosi di varia grana con maggiore o minore presenza di argilla.<\/p>\n<p>Le caratteristiche dei terreni nelle regioni in cui sono ubicate le cantine danno origine a vini differenziati, con equilibrio e raffinatezza aromatica nelle zone interne e con leggerezza e vigore nelle zone costiere.<\/p>\n<p>I marchi si presentano sul mercato con il sigillo \u201cBy Quatro Cravos\u201d come impegno di garanzia della qualit\u00e0 e assunzione della responsabilit\u00e0 istituzionale dell\u2019azienda per i propri prodotti.<\/p>","protected":false},"excerpt":{"rendered":"<p>Castas: Bical<\/p>\n<p>Apresenta uma cor c\u00edtrica brilhante com uma bolha fina e elegante. No nariz sentem-se notas suaves de p\u00eassego e frutos brancos maduros. Na boca \u00e9 crocante e cremoso com uma acidez bem equilibrada. Tem um final de boca longo com elevada eleg\u00e2ncia. Gastronomia | A sua estrutura e complexidade s\u00e3o ideais para harmonizar com sushi, salm\u00e3o fumado, ovas de peixe ligeiramente salgadas, ostras e mariscos e peixes grelhados.<\/p>","protected":false},"featured_media":7663,"template":"","meta":{"_exactmetrics_skip_tracking":false,"_exactmetrics_sitenote_active":false,"_exactmetrics_sitenote_note":"","_exactmetrics_sitenote_category":0,"_uf_show_specific_survey":0,"_uf_disable_surveys":false,"iawp_total_views":94},"product_brand":[],"product_cat":[177,160],"product_tag":[],"class_list":{"0":"post-14373","1":"product","2":"type-product","3":"status-publish","4":"has-post-thumbnail","6":"product_cat-espumante","7":"product_cat-espumantes","9":"first","10":"instock","11":"shipping-taxable","12":"purchasable","13":"product-type-simple"},"_links":{"self":[{"href":"https:\/\/garrafeiragrandeescolha.pt\/it\/wp-json\/wp\/v2\/product\/14373","targetHints":{"allow":["GET"]}}],"collection":[{"href":"https:\/\/garrafeiragrandeescolha.pt\/it\/wp-json\/wp\/v2\/product"}],"about":[{"href":"https:\/\/garrafeiragrandeescolha.pt\/it\/wp-json\/wp\/v2\/types\/product"}],"wp:featuredmedia":[{"embeddable":true,"href":"https:\/\/garrafeiragrandeescolha.pt\/it\/wp-json\/wp\/v2\/media\/7663"}],"wp:attachment":[{"href":"https:\/\/garrafeiragrandeescolha.pt\/it\/wp-json\/wp\/v2\/media?parent=14373"}],"wp:term":[{"taxonomy":"product_brand","embeddable":true,"href":"https:\/\/garrafeiragrandeescolha.pt\/it\/wp-json\/wp\/v2\/product_brand?post=14373"},{"taxonomy":"product_cat","embeddable":true,"href":"https:\/\/garrafeiragrandeescolha.pt\/it\/wp-json\/wp\/v2\/product_cat?post=14373"},{"taxonomy":"product_tag","embeddable":true,"href":"https:\/\/garrafeiragrandeescolha.pt\/it\/wp-json\/wp\/v2\/product_tag?post=14373"}],"curies":[{"name":"wp","href":"https:\/\/api.w.org\/{rel}","templated":true}]}}