{"id":14413,"date":"2021-01-26T16:42:22","date_gmt":"2021-01-26T16:42:22","guid":{"rendered":"http:\/\/garrafeiragrandeescolha.pt\/?post_type=product&#038;p=14413"},"modified":"2026-03-17T18:26:52","modified_gmt":"2026-03-17T18:26:52","slug":"legado-tinto-75cl","status":"publish","type":"product","link":"https:\/\/garrafeiragrandeescolha.pt\/it\/prodotto\/legado-tinto-75cl\/","title":{"rendered":"Legado &#8211; Fernando Guedes Tinto 2016 75cl"},"content":{"rendered":"<p class=\"brandTitle flex flex-col Title_title__Qhvrt text-xl lg:text-2xl xl:text-3xl text-left\"><em>&#8220;Legado \u00e9 mais do que um Vinho: \u00e9 o testemunho do conhecimento e do saber que recebi de meu pai e que agora deixo \u00e0s gera\u00e7\u00f5es futuras da nossa fam\u00edlia.&#8221;<\/em><\/p>\n<p class=\"text-left Paragraph_paragraph__v9vj7 undefined brandHeroLabel text-heroLabelSm md:text-heroLabel max-w-full\">Fernando Guedes, 1930-2018<\/p>\n<p>Todos os anos, o lan\u00e7amento de um novo Legado evoca a passagem do tempo na hist\u00f3ria de uma Sogrape desde sempre sonhadora. Cada colheita celebra o Douro no seu melhor, exalta a experi\u00eancia e a vida. Porque numa homenagem ao passado, este \u00e9 um vinho do presente, que Fernando Guedes idealizou para criar futuro. A hist\u00f3ria repete-se desde 2008, mas nunca \u00e9 de mais record\u00e1-la. Fernando Guedes, \u00e0 \u00e9poca Presidente da Sogrape, sonhava h\u00e1 muito com um vinho capaz de expressar os saberes, paix\u00e3o e valores de um neg\u00f3cio familiar, que tem na regi\u00e3o do Douro um lugar especial, e homenagear a passagem desse valioso testemunho \u00e0s gera\u00e7\u00f5es futuras, que um dia levariam o leme da empresa.<\/p>\n<p>Desde ent\u00e3o, a cada vindima, cabe \u00e0 natureza entregar o fruto dos oito hectares de vinhas centen\u00e1rias da Quinta do Ca\u00eado, em Ervedosa do Douro. Esta parcela, integrada num cen\u00e1rio que sempre fascinou Fernando Guedes, \u00e9 ber\u00e7o de um vinho diferente, distante de padr\u00f5es te\u00f3ricos de perfei\u00e7\u00e3o, mas pr\u00f3ximo do terroir, e acima de tudo, s\u00edmbolo m\u00e1ximo do desejo de eternizar experi\u00eancia, mem\u00f3ria e emo\u00e7\u00e3o numa garrafa.3<\/p>\n<p>&nbsp;<\/p>","protected":false},"excerpt":{"rendered":"<article id=\"Notas de prova\" class=\"flex flex-col gap-4\">\n<p class=\"Paragraph_paragraph__v9vj7 text-sm lg:text-base flex flex-col gap-4 brandParagraph text-base\">Cor rubi de boa intensidade. Aroma complexo e intenso, com notas florais, de urze, trufas e sous-bois, pedregoso bem evidente, fruta vermelha bem viva e uma madeira discreta muito bem integrada. Na boca tem um excelente volume, taninos bem definidos e de grande qualidade, especiarias, ligeira salinidade, frutos vermelhos e com um final extremamente longo, elegante e profundo.<\/p>\n<\/article>\n<article id=\"Ano vit\u00edcola\" class=\"flex flex-col gap-4\">\n<div class=\"flex flex-col w-fit\">\n<p class=\"leading-tight brandFeatured Title_title__Qhvrt undefined text-lg md:text-xl text-left\">Ano vit\u00edcola: Inverno seco e ameno. Chuvas cont\u00ednuas que come\u00e7aram no final do inverno e se prolongaram para a primavera, acompanhadas de per\u00edodos de baixas temperaturas. Estes fatores contribu\u00edram para uma incid\u00eancia anormal das doen\u00e7as da vinha, tendo afetado a flora\u00e7\u00e3o. O ver\u00e3o foi ameno, tendo geralmente as noites sido frias, o que contribuiu para um final de matura\u00e7\u00e3o longo e equilibrado, permitindo produzir vinhos de elevada qualidade.<\/p>\n<\/div>\n<\/article>\n<article id=\"Vinifica\u00e7\u00e3o\" class=\"flex flex-col gap-4\">\n<div class=\"flex flex-col w-fit\">\n<p class=\"leading-tight brandFeatured Title_title__Qhvrt undefined text-lg md:text-xl text-left\">Vinifica\u00e7\u00e3o: As uvas s\u00e3o provenientes de uma vinha centen\u00e1ria, da Quinta do Ca\u00eado. A vindima \u00e9 manual, as uvas s\u00e3o selecionadas na vinha e no tapete de escolha, na entrada para a adega. Ap\u00f3s desengace e suave esmagamento as uvas s\u00e3o encaminhadas para cubas inox, onde decorre a fermenta\u00e7\u00e3o alco\u00f3lica. Realiza-se uma longa e suave macera\u00e7\u00e3o, com temperatura controlada, com o objetivo de extrair os compostos que expressam o terroir daquela vinha.<\/p>\n<\/div>\n<\/article>","protected":false},"featured_media":16505,"template":"","meta":{"_exactmetrics_skip_tracking":false,"_exactmetrics_sitenote_active":false,"_exactmetrics_sitenote_note":"","_exactmetrics_sitenote_category":0,"_uf_show_specific_survey":0,"_uf_disable_surveys":false,"iawp_total_views":88},"product_brand":[],"product_cat":[162,157,201,184,215],"product_tag":[],"class_list":{"0":"post-14413","1":"product","2":"type-product","3":"status-publish","4":"has-post-thumbnail","6":"product_cat-raridades","7":"product_cat-vinhos","8":"product_cat-grandes-vinhos","9":"product_cat-tinto","10":"product_cat-douro","12":"first","13":"instock","14":"shipping-taxable","15":"purchasable","16":"product-type-simple"},"_links":{"self":[{"href":"https:\/\/garrafeiragrandeescolha.pt\/it\/wp-json\/wp\/v2\/product\/14413","targetHints":{"allow":["GET"]}}],"collection":[{"href":"https:\/\/garrafeiragrandeescolha.pt\/it\/wp-json\/wp\/v2\/product"}],"about":[{"href":"https:\/\/garrafeiragrandeescolha.pt\/it\/wp-json\/wp\/v2\/types\/product"}],"wp:featuredmedia":[{"embeddable":true,"href":"https:\/\/garrafeiragrandeescolha.pt\/it\/wp-json\/wp\/v2\/media\/16505"}],"wp:attachment":[{"href":"https:\/\/garrafeiragrandeescolha.pt\/it\/wp-json\/wp\/v2\/media?parent=14413"}],"wp:term":[{"taxonomy":"product_brand","embeddable":true,"href":"https:\/\/garrafeiragrandeescolha.pt\/it\/wp-json\/wp\/v2\/product_brand?post=14413"},{"taxonomy":"product_cat","embeddable":true,"href":"https:\/\/garrafeiragrandeescolha.pt\/it\/wp-json\/wp\/v2\/product_cat?post=14413"},{"taxonomy":"product_tag","embeddable":true,"href":"https:\/\/garrafeiragrandeescolha.pt\/it\/wp-json\/wp\/v2\/product_tag?post=14413"}],"curies":[{"name":"wp","href":"https:\/\/api.w.org\/{rel}","templated":true}]}}