{"id":14510,"date":"2021-03-13T10:46:09","date_gmt":"2021-03-13T10:46:09","guid":{"rendered":"http:\/\/garrafeiragrandeescolha.pt\/?post_type=product&#038;p=14510"},"modified":"2022-09-20T08:54:51","modified_gmt":"2022-09-20T08:54:51","slug":"porto-quinta-da-devesa-colheita-1970-branco-50cl","status":"publish","type":"product","link":"https:\/\/garrafeiragrandeescolha.pt\/it\/prodotto\/porto-quinta-da-devesa-colheita-1970-branco-50cl\/","title":{"rendered":"Porto Quinta da Devesa Vendemmia 1970 Bianco 50cl"},"content":{"rendered":"<p><img fetchpriority=\"high\" decoding=\"async\" class=\"size-medium wp-image-15218 aligncenter\" src=\"http:\/\/garrafeiragrandeescolha.pt\/wp-content\/uploads\/2022\/02\/devesa-logo-300x212.jpg\" alt=\"\" width=\"300\" height=\"212\" srcset=\"https:\/\/garrafeiragrandeescolha.pt\/wp-content\/uploads\/2022\/02\/devesa-logo-300x212.jpg 300w, https:\/\/garrafeiragrandeescolha.pt\/wp-content\/uploads\/2022\/02\/devesa-logo.jpg 566w\" sizes=\"(max-width: 300px) 100vw, 300px\" \/><\/p>\n<div id=\"comp-kf3tn221\" class=\"txtNew\" data-packed=\"true\" data-vertical-text=\"false\">\n<div>Quinta da Devesa ha una storia secolare. Nel 1844, il noto barone de Forrester inser\u00ec questa propriet\u00e0 su quella che fu la prima mappa della regione delimitata del Douro. Ma la storia pi\u00f9 importante di questa propriet\u00e0 inizia nel secolo scorso, nel 1941, quando la famiglia Fortunato acquis\u00ec la Quinta, iniziando cos\u00ec una nuova fase di maggiori investimenti nella produzione vinicola, con un focus particolare sui Vini di Porto. Successivamente sono apparsi anche riferimenti ai vini DOC Douro, che hanno rafforzato la sua presenza nel mercato vinicolo nazionale e internazionale.<\/div>\n<div>\n<p>Quinta da Devesa continua oggi ad essere un&#039;azienda familiare indipendente e orientata al futuro, con una presenza in diversi mercati internazionali. L&#039;investimento fatto negli ultimi anni \u00e8 riuscito a portare un maggiore riconoscimento da parte degli appassionati di vino e della critica specializzata. Il risultato di tutto ci\u00f2 \u00e8 visibile anche attraverso l\u2019enorme collezione di premi nazionali e internazionali conseguiti fino ad oggi.<\/p>\n<div id=\"comp-kf43khdr\" class=\"txtNew\" data-packed=\"true\" data-vertical-text=\"false\">\n<div>I fiumi Corgo e Douro hanno servito a lungo come paesaggio per Quinta da Devesa. E che paesaggio! Dall&#039;alto dei vigneti e degli imponenti terrazzamenti \u00e8 possibile osservare il collegamento dei due fiumi, abbracciati dalle montagne e dalle valli della magnifica regione del Douro. La propriet\u00e0 si trova ai limiti delle sottoregioni di Baixo e Cima Corgo, nella parrocchia di Canelas, e molto vicino a Peso da R\u00e9gua, uno dei luoghi di riferimento della regione, e sede di alcuni dei pi\u00f9 rinomati produttori di vino del il nostro Paese. . \u00c8 davvero un posto molto speciale e chiaramente meritevole di una visita attenta e tempestiva.<\/div>\n<\/div>\n<div><span class=\"numeros_bloco\"><span class=\"associado_bloco img\"><span class=\"forcefullwidth_wrapper_tp_banner\">In totale Quinta da Devesa pu\u00f2 contare su 34 ettari di vigneti piantati ad un&#039;altitudine compresa tra 50 e 500 metri, con esposizione solare a nord, sud e ovest. In questo modo \u00e8 possibile godere di tante ore di sole nei vigneti esposti a sud e della freschezza garantita dall&#039;orientamento a nord. Tutto ci\u00f2 contribuisce a garantire maturazioni differenti nel tempo, consentendo una migliore gestione della vendemmia. Un aspetto importante \u00e8 che tutti i vini Quinta da Devesa sono prodotti solo con uve provenienti dalla sua propriet\u00e0, garantendo il controllo totale della produzione e garantendo cos\u00ec un&#039;ottima qualit\u00e0 finale.<\/span><\/span><\/span><\/div>\n<\/div>\n<\/div>\n<p>Tutti i vigneti sono gestiti secondo un sistema di intervento minimo denominato \u201cProduzione Integrata\u201d. Dal 2016 i vigneti di Quinta da Devesa sono gestiti secondo i principi della Produzione Integrata, un metodo di produzione rigoroso che prevede il minor intervento possibile in vigneto. In pratica, ci\u00f2 significa limitare, per quanto possibile, il tipo e la quantit\u00e0 dei trattamenti applicati alla vite per controllare parassiti e malattie.<br \/>\nLa prevenzione \u00e8 fondamentale e, quindi, \u00e8 fondamentale contattare i dipendenti del vigneto per ottenere informazioni. Le informazioni ottenute vengono utilizzate per effettuare analisi di rischio e identificare potenziali minacce per la vite, al fine di evitare la necessit\u00e0 di trattamenti aggressivi.<br \/>\nUn altro aspetto benefico della gestione agricola introdotto dal team vitivinicolo \u00e8 stato l&#039;uso dell&#039;interplanting, cio\u00e8 della semina tra i vigneti. Questi aiutano a conservare l\u2019umidit\u00e0 e a combattere l\u2019erosione, apportando anche materia organica al suolo. Queste colture di copertura costituiscono una difesa contro le erbe infestanti e forniscono un habitat alternativo per gli insetti, che sono una parte essenziale della catena alimentare. In questo modo i vigneti forniscono un habitat sano per uccelli, rettili e mammiferi, garantendo un\u2019adeguata biodiversit\u00e0 e un ambiente equilibrato e sostenibile.<\/p>","protected":false},"excerpt":{"rendered":"<div id=\"portfolio-breve\" class=\"texto\">\n<div id=\"portfolio-breve\" class=\"texto\">\n<div id=\"portfolio-breve\" class=\"texto\">\n<div id=\"portfolio-breve\" class=\"texto\">\n<div id=\"portfolio-breve\" class=\"texto\">\n<div id=\"portfolio-breve\" class=\"texto\">\n<div id=\"portfolio-breve\" class=\"texto\">\n<div id=\"portfolio-breve\" class=\"texto\">\n<div id=\"portfolio-breve\" class=\"texto\">Produzido e envelhecido na Quinta da Devesa durante 50 anos, este colheita branco impressiona no aroma inebriante a casca de laranja, marmelada, resinas, mel, tostados delicados. Muito sedoso na boca, com grande frescura, num estilo perfumado, elegante, cheio de classe, \u00e9 realmente delicioso e subtil, com final muito prolongado e vigoroso. Engarrafado em 2018.<\/div>\n<\/div>\n<\/div>\n<\/div>\n<\/div>\n<\/div>\n<\/div>\n<\/div>\n<\/div>","protected":false},"featured_media":8496,"template":"","meta":{"_exactmetrics_skip_tracking":false,"_exactmetrics_sitenote_active":false,"_exactmetrics_sitenote_note":"","_exactmetrics_sitenote_category":0,"_uf_show_specific_survey":0,"_uf_disable_surveys":false,"iawp_total_views":2},"product_brand":[],"product_cat":[167,159,166],"product_tag":[],"class_list":{"0":"post-14510","1":"product","2":"type-product","3":"status-publish","4":"has-post-thumbnail","6":"product_cat-colheita","7":"product_cat-portos","8":"product_cat-white-portos","10":"first","11":"instock","12":"shipping-taxable","13":"purchasable","14":"product-type-simple"},"_links":{"self":[{"href":"https:\/\/garrafeiragrandeescolha.pt\/it\/wp-json\/wp\/v2\/product\/14510","targetHints":{"allow":["GET"]}}],"collection":[{"href":"https:\/\/garrafeiragrandeescolha.pt\/it\/wp-json\/wp\/v2\/product"}],"about":[{"href":"https:\/\/garrafeiragrandeescolha.pt\/it\/wp-json\/wp\/v2\/types\/product"}],"wp:featuredmedia":[{"embeddable":true,"href":"https:\/\/garrafeiragrandeescolha.pt\/it\/wp-json\/wp\/v2\/media\/8496"}],"wp:attachment":[{"href":"https:\/\/garrafeiragrandeescolha.pt\/it\/wp-json\/wp\/v2\/media?parent=14510"}],"wp:term":[{"taxonomy":"product_brand","embeddable":true,"href":"https:\/\/garrafeiragrandeescolha.pt\/it\/wp-json\/wp\/v2\/product_brand?post=14510"},{"taxonomy":"product_cat","embeddable":true,"href":"https:\/\/garrafeiragrandeescolha.pt\/it\/wp-json\/wp\/v2\/product_cat?post=14510"},{"taxonomy":"product_tag","embeddable":true,"href":"https:\/\/garrafeiragrandeescolha.pt\/it\/wp-json\/wp\/v2\/product_tag?post=14510"}],"curies":[{"name":"wp","href":"https:\/\/api.w.org\/{rel}","templated":true}]}}