{"id":14515,"date":"2021-03-16T18:21:32","date_gmt":"2021-03-16T18:21:32","guid":{"rendered":"http:\/\/garrafeiragrandeescolha.pt\/?post_type=product&#038;p=14515"},"modified":"2024-11-09T17:57:39","modified_gmt":"2024-11-09T17:57:39","slug":"terra-do-zambujeiro-tinto-75cl","status":"publish","type":"product","link":"https:\/\/garrafeiragrandeescolha.pt\/it\/prodotto\/terra-do-zambujeiro-tinto-75cl\/","title":{"rendered":"Terra do Zambujeiro Tinto 75cl"},"content":{"rendered":"<p style=\"text-align: center\"><img decoding=\"async\" class=\"alignnone size-full wp-image-15146\" src=\"http:\/\/garrafeiragrandeescolha.pt\/wp-content\/uploads\/2022\/02\/zambujeiro-image.png\" alt=\"\" width=\"254\" height=\"100\" \/><\/p>\n<p class=\"shortcode1-2\">A Quinta do Zambujeiro usamos um mix de pr\u00e1ticas convencionais e biol\u00f3gicas. N\u00e3o usamos herbicidas e protegemos os solos com culturas naturais durante o inverno.<\/p>\n<p>O objetivo \u00e9 preservar e proteger a beleza natural e o nosso terroir. A base dos nossos vinhos \u00e9 a vinha. Os nossos trabalhadores tomam conta de cada vinha com grande cuidado. Acreditamos piamente que s\u00f3 vinhas com baixas produ\u00e7\u00f5es podem produzir vinhos com elevadas concentra\u00e7\u00f5es de aromas e sabor por forma a terem uma longa vida na garrafa.<\/p>\n<p>Fazemos redu\u00e7\u00e3o na produ\u00e7\u00e3o das nossas vinhas sendo a m\u00e9dia vindimada 23hl hectare.<\/p>","protected":false},"excerpt":{"rendered":"<p>Castas: 30% Alicante Bouschet, 22% Aragonez, 20% Petit Verdot, 18% Touriga Nacional, 10% Cabernet Sauvignon<\/p>\n<p>Terra do zambujeiro surge opulento, rico e com um profundo e lindo bouquet. Tem notas sedutoras de violetas e notas de flores selvagens, bagas pretas e vermelhas, grafite e notas de baunilha. \u00c9 ligeiramente suave e cremoso na boca sustentado pelos t\u00edpicos taninos finos. A persist\u00eancia da fruta \u00e9 excelente, como \u00e9 habitual. Se armazenado at\u00e9 15\u00baC ir\u00e1 melhorar nos pr\u00f3ximos 10 anos.<\/p>\n<p class=\"p2\">Todos os pratos de carne, massas ou sozinho.<\/p>\n<p class=\"p2\">Servir entre 15-17\u00baC.<\/p>","protected":false},"featured_media":5441,"template":"","meta":{"_exactmetrics_skip_tracking":false,"_exactmetrics_sitenote_active":false,"_exactmetrics_sitenote_note":"","_exactmetrics_sitenote_category":0,"_uf_show_specific_survey":0,"_uf_disable_surveys":false,"iawp_total_views":48},"product_brand":[],"product_cat":[157,184,207],"product_tag":[],"class_list":{"0":"post-14515","1":"product","2":"type-product","3":"status-publish","4":"has-post-thumbnail","6":"product_cat-vinhos","7":"product_cat-tinto","8":"product_cat-alentejo","10":"first","11":"instock","12":"shipping-taxable","13":"purchasable","14":"product-type-simple"},"_links":{"self":[{"href":"https:\/\/garrafeiragrandeescolha.pt\/it\/wp-json\/wp\/v2\/product\/14515","targetHints":{"allow":["GET"]}}],"collection":[{"href":"https:\/\/garrafeiragrandeescolha.pt\/it\/wp-json\/wp\/v2\/product"}],"about":[{"href":"https:\/\/garrafeiragrandeescolha.pt\/it\/wp-json\/wp\/v2\/types\/product"}],"wp:featuredmedia":[{"embeddable":true,"href":"https:\/\/garrafeiragrandeescolha.pt\/it\/wp-json\/wp\/v2\/media\/5441"}],"wp:attachment":[{"href":"https:\/\/garrafeiragrandeescolha.pt\/it\/wp-json\/wp\/v2\/media?parent=14515"}],"wp:term":[{"taxonomy":"product_brand","embeddable":true,"href":"https:\/\/garrafeiragrandeescolha.pt\/it\/wp-json\/wp\/v2\/product_brand?post=14515"},{"taxonomy":"product_cat","embeddable":true,"href":"https:\/\/garrafeiragrandeescolha.pt\/it\/wp-json\/wp\/v2\/product_cat?post=14515"},{"taxonomy":"product_tag","embeddable":true,"href":"https:\/\/garrafeiragrandeescolha.pt\/it\/wp-json\/wp\/v2\/product_tag?post=14515"}],"curies":[{"name":"wp","href":"https:\/\/api.w.org\/{rel}","templated":true}]}}