{"id":14519,"date":"2021-03-22T13:06:50","date_gmt":"2021-03-22T13:06:50","guid":{"rendered":"http:\/\/garrafeiragrandeescolha.pt\/?post_type=product&#038;p=14519"},"modified":"2024-10-24T12:41:42","modified_gmt":"2024-10-24T12:41:42","slug":"felix-rocha-kosher-tinto-2010-75cl","status":"publish","type":"product","link":"https:\/\/garrafeiragrandeescolha.pt\/it\/prodotto\/felix-rocha-kosher-tinto-2010-75cl\/","title":{"rendered":"F\u00e9lix Rocha Kosher Tinto 2010 75cl"},"content":{"rendered":"<p>A Quinta da Ribeira fica situada em Meca, no antigo concelho medieval dos Montes de Alenquer, e \u00e9 actualmente sede da Sociedade Agr\u00edcola F\u00e9lix Rocha. Esta quinta come\u00e7ou a ser produtiva em meados do s\u00e9culo XIX por iniciativa do Sr. Felix Rocha, av\u00f4 dos actuais propriet\u00e1rios. Por volta de 1925, foi plantada vinha numa \u00e1rea de cerca de 220 hetares distribuidos por v\u00e1rias quintas na zona de Alenquer. A partir de 1927, a Quinta da Ribeira chega a produzir cerca de 1750 litros de vinho, a partir de uvas das castas tradicionais portuguesas, Tinta Mi\u00fada, Camarate, Castel\u00e3o e Preto Martinho, nos tintos, e de Fern\u00e3o Pires, Arinto, Rabo de Ovelha e Vital, nos brancos. A quarta gera\u00e7\u00e3o da fam\u00edlia F\u00e9lix Rocha reconheceu a necessidade de investimento para melhoria da qualidade produtiva investindo, desde 1991, na completa reestrutura\u00e7\u00e3o das vinhas e da adega. Presentemente explora 60 hectares de vinha distribu\u00eddos pela Quinta da Ribeira, Casal do Mato e S\u00e3o Cristov\u00e3o.<\/p>","protected":false},"excerpt":{"rendered":"<p>Este Kosher Regional Estremadura apresenta cor rubi com reflexos cereja <span style=\"font-weight: 400;\">brilhantes. O nariz <\/span>\u00e9 intenso e revela aromas a frutos maduros, ameixas pretas e notas t\u00edpicas da casta Castel\u00e3o. A boca \u00e9 volumosa e ligeiramente <span style=\"font-weight: 400;\">acidula, muito <\/span><span style=\"font-weight: 400;\">equilibrada. Evolui c<\/span>om os taninos bem colocados. T<span style=\"font-weight: 400;\">ermina longo <\/span>e persistente.<\/p>","protected":false},"featured_media":8530,"template":"","meta":{"_exactmetrics_skip_tracking":false,"_exactmetrics_sitenote_active":false,"_exactmetrics_sitenote_note":"","_exactmetrics_sitenote_category":0,"_uf_show_specific_survey":0,"_uf_disable_surveys":false,"iawp_total_views":78},"product_brand":[],"product_cat":[162,157,210],"product_tag":[],"class_list":{"0":"post-14519","1":"product","2":"type-product","3":"status-publish","4":"has-post-thumbnail","6":"product_cat-raridades","7":"product_cat-vinhos","8":"product_cat-lisboa","10":"first","11":"instock","12":"shipping-taxable","13":"purchasable","14":"product-type-simple"},"_links":{"self":[{"href":"https:\/\/garrafeiragrandeescolha.pt\/it\/wp-json\/wp\/v2\/product\/14519","targetHints":{"allow":["GET"]}}],"collection":[{"href":"https:\/\/garrafeiragrandeescolha.pt\/it\/wp-json\/wp\/v2\/product"}],"about":[{"href":"https:\/\/garrafeiragrandeescolha.pt\/it\/wp-json\/wp\/v2\/types\/product"}],"wp:featuredmedia":[{"embeddable":true,"href":"https:\/\/garrafeiragrandeescolha.pt\/it\/wp-json\/wp\/v2\/media\/8530"}],"wp:attachment":[{"href":"https:\/\/garrafeiragrandeescolha.pt\/it\/wp-json\/wp\/v2\/media?parent=14519"}],"wp:term":[{"taxonomy":"product_brand","embeddable":true,"href":"https:\/\/garrafeiragrandeescolha.pt\/it\/wp-json\/wp\/v2\/product_brand?post=14519"},{"taxonomy":"product_cat","embeddable":true,"href":"https:\/\/garrafeiragrandeescolha.pt\/it\/wp-json\/wp\/v2\/product_cat?post=14519"},{"taxonomy":"product_tag","embeddable":true,"href":"https:\/\/garrafeiragrandeescolha.pt\/it\/wp-json\/wp\/v2\/product_tag?post=14519"}],"curies":[{"name":"wp","href":"https:\/\/api.w.org\/{rel}","templated":true}]}}