{"id":14537,"date":"2021-04-16T11:35:22","date_gmt":"2021-04-16T11:35:22","guid":{"rendered":"http:\/\/garrafeiragrandeescolha.pt\/?post_type=product&#038;p=14537"},"modified":"2023-11-15T16:48:47","modified_gmt":"2023-11-15T16:48:47","slug":"manuel-correia-reserva-tinto-75cl","status":"publish","type":"product","link":"https:\/\/garrafeiragrandeescolha.pt\/it\/prodotto\/manuel-correia-reserva-tinto-75cl\/","title":{"rendered":"Manuel Correia Reserva Tinto 75cl"},"content":{"rendered":"<p><img decoding=\"async\" class=\"size-full wp-image-15313 aligncenter\" src=\"http:\/\/garrafeiragrandeescolha.pt\/wp-content\/uploads\/2022\/02\/logo-manuel-correia.png\" alt=\"\" width=\"250\" height=\"193\" \/><\/p>\n<p class=\"p1\"><span class=\"s1\">Manuel Correia nasceu no seio de uma fam\u00edlia humilde, fortemente ligada \u00e0 terra, que retirou de uma \u201cmanta de retalhos\u201d na regi\u00e3o do Douro, o sustento de tr\u00eas gera\u00e7\u00f5es.<\/span><\/p>\n<p class=\"p1\"><span class=\"s1\">Partiu jovem. Aventurou-se pelo pa\u00eds em busca da sorte, que s\u00f3 encontrou em pleno ao regressar onde, anos antes, nasceu o amor incomensur\u00e1vel \u00e0 regi\u00e3o que lhe permitiu desbravar o sonho de menino. Cada passo, \u00e9 hoje o somat\u00f3rio do trabalho, da dedica\u00e7\u00e3o e de muita \u00a0resili\u00eancia, conjugados com o amor \u00e0 fam\u00edlia que o impele a continuar.<\/span><\/p>\n<p><span class=\"s1\">Orienta-nos num caminho de descoberta de cheiros, de aromas, de tons, de riqueza e de partilha. Condensa o fluir do tempo entre o in\u00edcio deste projeto, vincadamente familiar e tudo o que ele poder\u00e1 ser. O poder do nome lembra a paix\u00e3o de quem produz. Tudo o resto est\u00e1 no pr\u00f3prio vinho<\/span><span class=\"s2\">.<\/span><\/p>\n<p class=\"p1\"><span class=\"s1\">Com os olhos postos num futuro de oportunidades no resto do pa\u00eds e do mundo, designadamente na Europa, EUA e Jap\u00e3o, mercados que saber\u00e3o reconhecer e valorizar o que faz de melhor, aposta na qualidade de um produto de excel\u00eancia. Afinal, cada garrafa transporta s\u00e9culos de hist\u00f3ria, de luta, de gl\u00f3ria e de muita sabedoria.<\/span><\/p>\n<p class=\"p1\"><span class=\"s1\">Douro Family \u00e9 a homenagem \u00e0s suas ra\u00edzes, \u00e0 sua fam\u00edlia, aos homens e mulheres que ajudaram a construir a marca, partes de um todo transformado num produto pr\u00f3prio e \u00fanico.<span class=\"Apple-converted-space\">\u00a0\u00a0<\/span>Do vinho recebeu a li\u00e7\u00e3o do tempo que \u00e9 preciso para que o sonho germine, cres\u00e7a e fortifique.<\/span><\/p>","protected":false},"excerpt":{"rendered":"<p>Castas: Touriga Nacional, Tinta Roriz e Lote de Vinhas Velhas<\/p>\n<p>Est\u00e1gio: 6 meses em cascos usados de Carvalho franc\u00eas<\/p>\n<p>Vinho de cor rubi, com aromas de frutos vermelhos maduros. Na boca \u00e9 denso e encorpado, marcado por taninos firmes, macios e doces. Final longo e muito agrad\u00e1vel.<\/p>","protected":false},"featured_media":8663,"template":"","meta":{"_exactmetrics_skip_tracking":false,"_exactmetrics_sitenote_active":false,"_exactmetrics_sitenote_note":"","_exactmetrics_sitenote_category":0,"_uf_show_specific_survey":0,"_uf_disable_surveys":false,"iawp_total_views":45},"product_brand":[],"product_cat":[157,184,215],"product_tag":[],"class_list":{"0":"post-14537","1":"product","2":"type-product","3":"status-publish","4":"has-post-thumbnail","6":"product_cat-vinhos","7":"product_cat-tinto","8":"product_cat-douro","10":"first","11":"instock","12":"shipping-taxable","13":"purchasable","14":"product-type-simple"},"_links":{"self":[{"href":"https:\/\/garrafeiragrandeescolha.pt\/it\/wp-json\/wp\/v2\/product\/14537","targetHints":{"allow":["GET"]}}],"collection":[{"href":"https:\/\/garrafeiragrandeescolha.pt\/it\/wp-json\/wp\/v2\/product"}],"about":[{"href":"https:\/\/garrafeiragrandeescolha.pt\/it\/wp-json\/wp\/v2\/types\/product"}],"wp:featuredmedia":[{"embeddable":true,"href":"https:\/\/garrafeiragrandeescolha.pt\/it\/wp-json\/wp\/v2\/media\/8663"}],"wp:attachment":[{"href":"https:\/\/garrafeiragrandeescolha.pt\/it\/wp-json\/wp\/v2\/media?parent=14537"}],"wp:term":[{"taxonomy":"product_brand","embeddable":true,"href":"https:\/\/garrafeiragrandeescolha.pt\/it\/wp-json\/wp\/v2\/product_brand?post=14537"},{"taxonomy":"product_cat","embeddable":true,"href":"https:\/\/garrafeiragrandeescolha.pt\/it\/wp-json\/wp\/v2\/product_cat?post=14537"},{"taxonomy":"product_tag","embeddable":true,"href":"https:\/\/garrafeiragrandeescolha.pt\/it\/wp-json\/wp\/v2\/product_tag?post=14537"}],"curies":[{"name":"wp","href":"https:\/\/api.w.org\/{rel}","templated":true}]}}