{"id":14695,"date":"2021-11-13T09:49:17","date_gmt":"2021-11-13T09:49:17","guid":{"rendered":"http:\/\/garrafeiragrandeescolha.pt\/?post_type=product&#038;p=14695"},"modified":"2025-12-15T15:31:19","modified_gmt":"2025-12-15T15:31:19","slug":"elevage-tinto-2019-75cl","status":"publish","type":"product","link":"https:\/\/garrafeiragrandeescolha.pt\/it\/prodotto\/elevage-tinto-2019-75cl\/","title":{"rendered":"\u00c9levage Tinto 2021 75cl"},"content":{"rendered":"<p><img fetchpriority=\"high\" decoding=\"async\" class=\"size-medium wp-image-15461 aligncenter\" src=\"http:\/\/garrafeiragrandeescolha.pt\/wp-content\/uploads\/2022\/02\/sobroso-logo-300x212.jpg\" alt=\"\" width=\"300\" height=\"212\" srcset=\"https:\/\/garrafeiragrandeescolha.pt\/wp-content\/uploads\/2022\/02\/sobroso-logo-300x212.jpg 300w, https:\/\/garrafeiragrandeescolha.pt\/wp-content\/uploads\/2022\/02\/sobroso-logo-1024x724.jpg 1024w, https:\/\/garrafeiragrandeescolha.pt\/wp-content\/uploads\/2022\/02\/sobroso-logo-768x543.jpg 768w, https:\/\/garrafeiragrandeescolha.pt\/wp-content\/uploads\/2022\/02\/sobroso-logo-1536x1086.jpg 1536w, https:\/\/garrafeiragrandeescolha.pt\/wp-content\/uploads\/2022\/02\/sobroso-logo-600x424.jpg 600w, https:\/\/garrafeiragrandeescolha.pt\/wp-content\/uploads\/2022\/02\/sobroso-logo.jpg 1754w\" sizes=\"(max-width: 300px) 100vw, 300px\" \/><\/p>\n<p>Nel 1519, il re Manuele I attribu\u00ec a Vasco da Gama il titolo di conte di Vidigueira. Sar\u00e0 nella quiete di questo bellissimo villaggio dell&#039;Alentejo. tra campi, querce da sughero, ulivi e vigneti che l&#039;uomo che scopr\u00ec la via marittima per l&#039;India aveva vissuto felicemente con la sua famiglia per alcuni anni.<\/p>\n<p>Herdade do Sobroso si inserisce in questo paesaggio unico, ricco di reminiscenze storiche e patrimoniali, oggi fortemente segnato dalla vicinanza del pi\u00f9 grande lago artificiale d&#039;Europa, la diga di Alqueva<\/p>\n<p>Situato in una regione nota per la sua ricca gastronomia e i dolci conventuali, il ristorante dell&#039;Herdade do Sobroso Country House non lascia il merito nelle mani di altri. Qui il men\u00f9 \u00e8 ricco di prodotti locali e vario. Sar\u00e0 difficile scegliere tra i milleuno piatti che da diversi anni consecutivi vincono premi in prestigiosi concorsi gastronomici.<\/p>","protected":false},"excerpt":{"rendered":"<p>Castas: Alicante Boushet<\/p>\n<p>Intenso na boca, profundo e fresco, revelando a pureza dos aromas. Sublime e envolvente.<\/p>\n<p>Aroma complexo e puro, com fruta vermelha madura, ameixa, amora e ginja. Taninos elegantes e suaves.<\/p>\n<p>Intenso na boca, profundo e fresco, revelando a pureza dos aromas. Sublime e envolvente.<\/p>\n<p>&nbsp;<\/p>","protected":false},"featured_media":9318,"template":"","meta":{"_exactmetrics_skip_tracking":false,"_exactmetrics_sitenote_active":false,"_exactmetrics_sitenote_note":"","_exactmetrics_sitenote_category":0,"_uf_show_specific_survey":0,"_uf_disable_surveys":false,"iawp_total_views":26},"product_brand":[],"product_cat":[157,201,184,207],"product_tag":[],"class_list":{"0":"post-14695","1":"product","2":"type-product","3":"status-publish","4":"has-post-thumbnail","6":"product_cat-vinhos","7":"product_cat-grandes-vinhos","8":"product_cat-tinto","9":"product_cat-alentejo","11":"first","12":"instock","13":"shipping-taxable","14":"purchasable","15":"product-type-simple"},"_links":{"self":[{"href":"https:\/\/garrafeiragrandeescolha.pt\/it\/wp-json\/wp\/v2\/product\/14695","targetHints":{"allow":["GET"]}}],"collection":[{"href":"https:\/\/garrafeiragrandeescolha.pt\/it\/wp-json\/wp\/v2\/product"}],"about":[{"href":"https:\/\/garrafeiragrandeescolha.pt\/it\/wp-json\/wp\/v2\/types\/product"}],"wp:featuredmedia":[{"embeddable":true,"href":"https:\/\/garrafeiragrandeescolha.pt\/it\/wp-json\/wp\/v2\/media\/9318"}],"wp:attachment":[{"href":"https:\/\/garrafeiragrandeescolha.pt\/it\/wp-json\/wp\/v2\/media?parent=14695"}],"wp:term":[{"taxonomy":"product_brand","embeddable":true,"href":"https:\/\/garrafeiragrandeescolha.pt\/it\/wp-json\/wp\/v2\/product_brand?post=14695"},{"taxonomy":"product_cat","embeddable":true,"href":"https:\/\/garrafeiragrandeescolha.pt\/it\/wp-json\/wp\/v2\/product_cat?post=14695"},{"taxonomy":"product_tag","embeddable":true,"href":"https:\/\/garrafeiragrandeescolha.pt\/it\/wp-json\/wp\/v2\/product_tag?post=14695"}],"curies":[{"name":"wp","href":"https:\/\/api.w.org\/{rel}","templated":true}]}}