{"id":15001,"date":"2022-01-28T17:59:48","date_gmt":"2022-01-28T17:59:48","guid":{"rendered":"https:\/\/garrafeiragrandeescolha.pt\/?post_type=product&#038;p=15001"},"modified":"2024-10-02T08:52:20","modified_gmt":"2024-10-02T08:52:20","slug":"amalias-adega-mayor-tinto-3-75cl","status":"publish","type":"product","link":"https:\/\/garrafeiragrandeescolha.pt\/it\/prodotto\/amalias-adega-mayor-tinto-3-75cl\/","title":{"rendered":"Am\u00e1lia Humanista Adega Mayor Tinto 75cl"},"content":{"rendered":"<p><img decoding=\"async\" class=\"size-medium wp-image-15310 aligncenter\" src=\"http:\/\/garrafeiragrandeescolha.pt\/wp-content\/uploads\/2022\/02\/LOGO-AM-300x132.jpg\" alt=\"\" width=\"300\" height=\"132\" srcset=\"https:\/\/garrafeiragrandeescolha.pt\/wp-content\/uploads\/2022\/02\/LOGO-AM-300x132.jpg 300w, https:\/\/garrafeiragrandeescolha.pt\/wp-content\/uploads\/2022\/02\/LOGO-AM.jpg 514w\" sizes=\"(max-width: 300px) 100vw, 300px\" \/><\/p>\n<p>Adega Mayor \u00e8 il risultato della visione del comandante Rui Nabeiro e della sua grande passione per i vini e la sua terra \u2013 Campo Maior.<br \/>\nDalla mano del prestigioso architetto Siza Vieira \u00e8 nato il design inconfondibile di questa azienda vinicola distinta, contemporanea e piena di sentimento. Inaugurato nel 2007 ma produttore di vini dal 2002, Adega Mayor conta 65 ettari di vigneti distribuiti in due tenute che danno origine ai marchi Monte Mayor, Touriga Nacional, Reserva do Comendador e Garrafeira do Comendador.<br \/>\nL&#039;enologo Paulo Laureano e un team dedicato sono responsabili della progettazione di questi nettari dalla forte personalit\u00e0, dove si rivela tutta la tradizione e la raffinatezza di un Alentejo da scoprire.<\/p>\n<p>Nella pianura di Campo Maior crescono i vigneti che danno origine a vini dal carattere fresco e sorprendente. \u00c8 stato su questa costa ondulata dell&#039;Alentejo che l&#039;architetto Siza Vieira ha progettato il design inconfondibile di questa azienda vinicola. Cos\u00ec \u00e8 disegnato il paesaggio, cos\u00ec sono sognati i vini che fanno questo Adega Mayor.<\/p>","protected":false},"excerpt":{"rendered":"<p>Un omaggio ad Am\u00e1lia, che non ha mai voluto essere una sola.<\/p>\n<p>Nell&#039;anno che celebra il centenario della nascita di Am\u00e1lia, Adega Mayor, in collaborazione con la Funda\u00e7\u00e3o Am\u00e1lia Rodrigues, apre i sensi al pi\u00f9 emotivo dei nostri simboli, portando sulla tavola del Portogallo e del mondo, un po&#039; di ci\u00f2 che Am\u00e1lia \u00e8 stata.<\/p>","protected":false},"featured_media":14995,"template":"","meta":{"_exactmetrics_skip_tracking":false,"_exactmetrics_sitenote_active":false,"_exactmetrics_sitenote_note":"","_exactmetrics_sitenote_category":0,"_uf_show_specific_survey":0,"_uf_disable_surveys":false,"iawp_total_views":55},"product_brand":[],"product_cat":[157,184,207],"product_tag":[],"class_list":{"0":"post-15001","1":"product","2":"type-product","3":"status-publish","4":"has-post-thumbnail","6":"product_cat-vinhos","7":"product_cat-tinto","8":"product_cat-alentejo","10":"first","11":"instock","12":"shipping-taxable","13":"purchasable","14":"product-type-simple"},"_links":{"self":[{"href":"https:\/\/garrafeiragrandeescolha.pt\/it\/wp-json\/wp\/v2\/product\/15001","targetHints":{"allow":["GET"]}}],"collection":[{"href":"https:\/\/garrafeiragrandeescolha.pt\/it\/wp-json\/wp\/v2\/product"}],"about":[{"href":"https:\/\/garrafeiragrandeescolha.pt\/it\/wp-json\/wp\/v2\/types\/product"}],"wp:featuredmedia":[{"embeddable":true,"href":"https:\/\/garrafeiragrandeescolha.pt\/it\/wp-json\/wp\/v2\/media\/14995"}],"wp:attachment":[{"href":"https:\/\/garrafeiragrandeescolha.pt\/it\/wp-json\/wp\/v2\/media?parent=15001"}],"wp:term":[{"taxonomy":"product_brand","embeddable":true,"href":"https:\/\/garrafeiragrandeescolha.pt\/it\/wp-json\/wp\/v2\/product_brand?post=15001"},{"taxonomy":"product_cat","embeddable":true,"href":"https:\/\/garrafeiragrandeescolha.pt\/it\/wp-json\/wp\/v2\/product_cat?post=15001"},{"taxonomy":"product_tag","embeddable":true,"href":"https:\/\/garrafeiragrandeescolha.pt\/it\/wp-json\/wp\/v2\/product_tag?post=15001"}],"curies":[{"name":"wp","href":"https:\/\/api.w.org\/{rel}","templated":true}]}}