{"id":15022,"date":"2022-02-01T13:32:43","date_gmt":"2022-02-01T13:32:43","guid":{"rendered":"https:\/\/garrafeiragrandeescolha.pt\/?post_type=product&#038;p=15022"},"modified":"2025-01-11T17:10:30","modified_gmt":"2025-01-11T17:10:30","slug":"senhor-doutor-evoramonte-touriga-nacional-tinto-75cl","status":"publish","type":"product","link":"https:\/\/garrafeiragrandeescolha.pt\/it\/prodotto\/senhor-doutor-evoramonte-touriga-nacional-tinto-75cl\/","title":{"rendered":"Senhor Doutor Reserva Touriga Nacional Tinto 2021 75cl"},"content":{"rendered":"<p><img fetchpriority=\"high\" decoding=\"async\" class=\"size-medium wp-image-15273 aligncenter\" src=\"http:\/\/garrafeiragrandeescolha.pt\/wp-content\/uploads\/2022\/02\/Herdade-da-maroteira-logo-300x300.png\" alt=\"\" width=\"300\" height=\"300\" srcset=\"https:\/\/garrafeiragrandeescolha.pt\/wp-content\/uploads\/2022\/02\/Herdade-da-maroteira-logo-300x300.png 300w, https:\/\/garrafeiragrandeescolha.pt\/wp-content\/uploads\/2022\/02\/Herdade-da-maroteira-logo-150x150.png 150w, https:\/\/garrafeiragrandeescolha.pt\/wp-content\/uploads\/2022\/02\/Herdade-da-maroteira-logo-100x100.png 100w, https:\/\/garrafeiragrandeescolha.pt\/wp-content\/uploads\/2022\/02\/Herdade-da-maroteira-logo.png 600w\" sizes=\"(max-width: 300px) 100vw, 300px\" \/><\/p>\n<p>&nbsp;<\/p>\n<div class=\"wpb_text_column wpb_content_element\">\n<div class=\"wpb_wrapper\">\n<p>Situata ai piedi della Serra D&#039;Ossa, a soli 35 km a nord di \u00c9vora, Herdade da Maroteira \u00e8 una propriet\u00e0 di 540 ettari che appartiene alla stessa famiglia anglo-portoghese da 5 generazioni, dalla met\u00e0 del XIX secolo. A quel tempo, Robert Reynolds invest\u00ec nella foresta di querce da sughero dell&#039;Alentejo per soddisfare le esigenze dell&#039;industria del vino di Porto nel nord del Portogallo.<\/p>\n<\/div>\n<\/div>\n<div class=\"wpb_text_column wpb_content_element\">\n<div class=\"wpb_wrapper\">\n<p>Per circa 150 anni, oltre al sughero, l&#039;azienda produceva principalmente bovini e alcune olive. Nel 2000, Philip Mollet, attuale proprietario e gestore, rivoluziona la strategia dell&#039;azienda agricola e pianta vigneti. Il vitigno Syrah scelto si \u00e8 rivelato un enorme successo sotto forma del vino Cem Reis acclamato in tutto il mondo. Successivamente, dalla piantagione di vigneti di Alicante Bouschet, Aragon\u00eaz e Touriga Nacional in una valle aperta, \u00e8 nata un&#039;affascinante selezione di rossi, bianchi e rosati.<\/p>\n<\/div>\n<\/div>\n<div class=\"wpb_text_column wpb_content_element\">\n<div class=\"wpb_wrapper\">\n<p>Nel 2004, l&#039;agroturismo (turismo rurale) \u00e8 stata la naturale evoluzione dell&#039;azienda agricola, ideale per rilassarsi in una zona storica con splendidi paesaggi nell&#039;Alentejo, in Portogallo. Questo \u00e8 l&#039;ambiente perfetto per una piacevole avventura attraverso la foresta di sughero, concentrandosi sull&#039;incredibile mondo del sughero, con un giro in jeep o un&#039;escursione... e il birdwatching (Birdwatching) o le stelle (Stargazing). Intorno ad esso si possono svolgere le tipiche attivit\u00e0 agricole stagionali: estrazione manuale del sughero (maggio\/giugno), raccolta, allevamento di agnelli e tosatura delle pecore, raccolta delle olive. In autunno e inverno, i maiali neri (da cui si ricava il prosciutto) provengono dalla Spagna e vagano liberamente, nutrendosi di ghiande.<\/p>\n<\/div>\n<\/div>","protected":false},"excerpt":{"rendered":"<p>Touriga Nacional (100%), com 16 meses em barricas novas de Carvalho Franc\u00eas, apresenta-se robusto e estruturado.<\/p>\n<p>Um Vinho de complexidade ineg\u00e1vel, com aromas fortes de bergamota, alca\u00e7uz e tons discretos de couro. Um vinho que achamos \u00e0 altura da Casta Rainha de Portugal.<\/p>","protected":false},"featured_media":15047,"template":"","meta":{"_exactmetrics_skip_tracking":false,"_exactmetrics_sitenote_active":false,"_exactmetrics_sitenote_note":"","_exactmetrics_sitenote_category":0,"_uf_show_specific_survey":0,"_uf_disable_surveys":false,"iawp_total_views":82},"product_brand":[],"product_cat":[157,184,207],"product_tag":[],"class_list":{"0":"post-15022","1":"product","2":"type-product","3":"status-publish","4":"has-post-thumbnail","6":"product_cat-vinhos","7":"product_cat-tinto","8":"product_cat-alentejo","10":"first","11":"instock","12":"shipping-taxable","13":"purchasable","14":"product-type-simple"},"_links":{"self":[{"href":"https:\/\/garrafeiragrandeescolha.pt\/it\/wp-json\/wp\/v2\/product\/15022","targetHints":{"allow":["GET"]}}],"collection":[{"href":"https:\/\/garrafeiragrandeescolha.pt\/it\/wp-json\/wp\/v2\/product"}],"about":[{"href":"https:\/\/garrafeiragrandeescolha.pt\/it\/wp-json\/wp\/v2\/types\/product"}],"wp:featuredmedia":[{"embeddable":true,"href":"https:\/\/garrafeiragrandeescolha.pt\/it\/wp-json\/wp\/v2\/media\/15047"}],"wp:attachment":[{"href":"https:\/\/garrafeiragrandeescolha.pt\/it\/wp-json\/wp\/v2\/media?parent=15022"}],"wp:term":[{"taxonomy":"product_brand","embeddable":true,"href":"https:\/\/garrafeiragrandeescolha.pt\/it\/wp-json\/wp\/v2\/product_brand?post=15022"},{"taxonomy":"product_cat","embeddable":true,"href":"https:\/\/garrafeiragrandeescolha.pt\/it\/wp-json\/wp\/v2\/product_cat?post=15022"},{"taxonomy":"product_tag","embeddable":true,"href":"https:\/\/garrafeiragrandeescolha.pt\/it\/wp-json\/wp\/v2\/product_tag?post=15022"}],"curies":[{"name":"wp","href":"https:\/\/api.w.org\/{rel}","templated":true}]}}