{"id":15695,"date":"2022-03-16T17:25:47","date_gmt":"2022-03-16T17:25:47","guid":{"rendered":"https:\/\/garrafeiragrandeescolha.pt\/?post_type=product&#038;p=15695"},"modified":"2024-11-07T18:08:50","modified_gmt":"2024-11-07T18:08:50","slug":"whisky-old-virginia-6-anos-70cl","status":"publish","type":"product","link":"https:\/\/garrafeiragrandeescolha.pt\/it\/prodotto\/whisky-old-virginia-6-anos-70cl\/","title":{"rendered":"Whisky Old Virginia 6 Anos 70cl"},"content":{"rendered":"","protected":false},"excerpt":{"rendered":"<p>\u00c9 Bourbon que usa os gr\u00e3os muito superiores e adota um amplo processo de matura\u00e7\u00e3o de mais de 6 anos em barris de carvalho novos.<\/p>\n<p>Cor:\u00a0\u00c2mbar.<\/p>\n<p>Olfato:\u00a0Carvalho, baunilha, fruta, casca de lim\u00e3o.<\/p>\n<p>Paladar:\u00a0Terra, leite doce e milho doce. Suave.<\/p>","protected":false},"featured_media":15696,"template":"","meta":{"_exactmetrics_skip_tracking":false,"_exactmetrics_sitenote_active":false,"_exactmetrics_sitenote_note":"","_exactmetrics_sitenote_category":0,"_uf_show_specific_survey":0,"_uf_disable_surveys":false,"iawp_total_views":10},"product_brand":[],"product_cat":[158,179],"product_tag":[],"class_list":{"0":"post-15695","1":"product","2":"type-product","3":"status-publish","4":"has-post-thumbnail","6":"product_cat-espirituosos","7":"product_cat-whisky","9":"first","10":"instock","11":"shipping-taxable","12":"purchasable","13":"product-type-simple"},"_links":{"self":[{"href":"https:\/\/garrafeiragrandeescolha.pt\/it\/wp-json\/wp\/v2\/product\/15695","targetHints":{"allow":["GET"]}}],"collection":[{"href":"https:\/\/garrafeiragrandeescolha.pt\/it\/wp-json\/wp\/v2\/product"}],"about":[{"href":"https:\/\/garrafeiragrandeescolha.pt\/it\/wp-json\/wp\/v2\/types\/product"}],"wp:featuredmedia":[{"embeddable":true,"href":"https:\/\/garrafeiragrandeescolha.pt\/it\/wp-json\/wp\/v2\/media\/15696"}],"wp:attachment":[{"href":"https:\/\/garrafeiragrandeescolha.pt\/it\/wp-json\/wp\/v2\/media?parent=15695"}],"wp:term":[{"taxonomy":"product_brand","embeddable":true,"href":"https:\/\/garrafeiragrandeescolha.pt\/it\/wp-json\/wp\/v2\/product_brand?post=15695"},{"taxonomy":"product_cat","embeddable":true,"href":"https:\/\/garrafeiragrandeescolha.pt\/it\/wp-json\/wp\/v2\/product_cat?post=15695"},{"taxonomy":"product_tag","embeddable":true,"href":"https:\/\/garrafeiragrandeescolha.pt\/it\/wp-json\/wp\/v2\/product_tag?post=15695"}],"curies":[{"name":"wp","href":"https:\/\/api.w.org\/{rel}","templated":true}]}}