{"id":15893,"date":"2022-04-12T15:59:59","date_gmt":"2022-04-12T15:59:59","guid":{"rendered":"https:\/\/garrafeiragrandeescolha.pt\/?post_type=product&#038;p=15893"},"modified":"2025-09-05T09:43:24","modified_gmt":"2025-09-05T09:43:24","slug":"tapada-do-chaves-reserva-rosso-2015-75cl","status":"publish","type":"product","link":"https:\/\/garrafeiragrandeescolha.pt\/it\/prodotto\/tapada-do-chaves-reserva-rosso-2015-75cl\/","title":{"rendered":"Tapada do Chaves Reserva Tinto 2017 75cl"},"content":{"rendered":"<p><img decoding=\"async\" class=\"size-full wp-image-15895 aligncenter\" src=\"http:\/\/garrafeiragrandeescolha.pt\/wp-content\/uploads\/2022\/04\/logo-tapada-chaves.png\" alt=\"\" width=\"270\" height=\"108\" srcset=\"https:\/\/garrafeiragrandeescolha.pt\/wp-content\/uploads\/2022\/04\/logo-tapada-chaves.png 270w, https:\/\/garrafeiragrandeescolha.pt\/wp-content\/uploads\/2022\/04\/logo-tapada-chaves-18x7.png 18w\" sizes=\"(max-width: 270px) 100vw, 270px\" \/><\/p>\n<div class=\"vc_row wpb_row section vc_row-fluid vc_inner font-roboto\">\n<div class=\"full_section_inner clearfix\">\n<div class=\"wpb_column vc_column_container vc_col-sm-12\">\n<div class=\"vc_column-inner\">\n<div class=\"wpb_wrapper\">\n<div class=\"vc_text_separator wpb_content_element full separator_align_center separator-custom\">Situata a Frangoneiro, alla periferia di Portalegre, nella regione dell&#039;Alto Alentejo, si trova Tapada do Chaves, una propriet\u00e0 che da quasi 100 anni produce vini di riconosciuta qualit\u00e0.<\/div>\n<\/div>\n<\/div>\n<\/div>\n<\/div>\n<\/div>\n<div class=\"vc_row wpb_row section vc_row-fluid vc_inner grid_section\">\n<div class=\"section_inner clearfix\">\n<div class=\"section_inner_margin clearfix\">\n<div class=\"wpb_column vc_column_container vc_col-sm-6\">\n<div class=\"vc_column-inner\">\n<div class=\"wpb_wrapper\">\n<div class=\"wpb_text_column wpb_content_element\">\n<div class=\"wpb_wrapper\">\n<p>Con 60 ettari di terreno e 32 di patrimonio viticolo, di cui 23 di vitigni a bacca rossa e nove ettari di vitigni a bacca bianca, Tapada do Chaves \u00e8 situata in un&#039;area fortemente influenzata dall&#039;orografia (Serra de S\u00e3o Mamede) e dalla copertura agroforestale che le conferisce uno specifico microclima determinante per la qualit\u00e0 e la tipicit\u00e0 dei vini ivi prodotti.<br \/>\nLe tenute vinicole dell&#039;Alentejo che esistono da pi\u00f9 di un secolo sono rare. Tapada do Chaves \u00e8, quindi, un caso unico nel panorama dell&#039;Alentejo. \u00c8 un luogo particolare, unico per il suo patrimonio e la sua orografia. Situata su un massiccio granitico e con un&#039;altitudine generosa che permette alle uve di maturare lentamente e completamente, che si riflette in aromi purissimi nei vini e in una freschezza unica nei rossi e nei bianchi.<\/p>\n<\/div>\n<\/div>\n<\/div>\n<\/div>\n<\/div>\n<div class=\"wpb_column vc_column_container vc_col-sm-6\">\n<div class=\"vc_column-inner\">\n<div class=\"wpb_wrapper\">\n<div class=\"wpb_text_column wpb_content_element\">\n<div class=\"wpb_wrapper\">\n<p>La sua storia risale agli inizi del XX secolo quando, a Frangoneiro, il signor Chaves piant\u00f2 i primi vigneti nella sua piccola propriet\u00e0 (Tapada), iniziando un rapporto di passione e dedizione alla terra.<br \/>\nA Tapada do Chaves ci sono due dei vigneti pi\u00f9 antichi dell&#039;Alentejo, in produzione, con registrazioni negli ultimi anni del 1901 (vecchia vite rossa) e del 1903 (vecchia vite bianca).<br \/>\nFin dall&#039;inizio della sua storia, Tapada do Chaves si \u00e8 distinta per un invidiabile elenco di premi e riconoscimenti che ancora oggi possono essere visti nei diversi ambienti che compongono la storica cantina di questa propriet\u00e0.<br \/>\nAvere una Tapada do Chaves in tavola o in cantina divenne presto il significato di avere il meglio che l&#039;Alentejo poteva offrire. Questi famosi vini vantavano una buona freschezza senza compromettere un corpo generoso e vellutato. La longevit\u00e0 di questi vini, soprattutto dei rossi, \u00e8 anche una delle loro glorie.<\/p>\n<\/div>\n<\/div>\n<\/div>\n<\/div>\n<\/div>\n<\/div>\n<\/div>\n<\/div>","protected":false},"excerpt":{"rendered":"<p>Deriva dalla selezione dei vitigni Aragonez, Trincadeira e Alicante Bouschet, provenienti dai vigneti Vinha das Malhadas, Vinha das Moutas e Vinha Velha (1901), piantati tra i 350 ei 400 metri di altitudine. Colore granato concentrato, profumo intenso e pieno, dominato da frutti di bosco e frutta nera, con morbide note affumicate. In bocca ha grande struttura, con tannini robusti, volume e acidit\u00e0 decisa. Il frutto intenso si affianca a note speziate e balsamiche morbide. Finale molto complesso, con frutta e molta eleganza che persistono.<\/p>","protected":false},"featured_media":15894,"template":"","meta":{"_exactmetrics_skip_tracking":false,"_exactmetrics_sitenote_active":false,"_exactmetrics_sitenote_note":"","_exactmetrics_sitenote_category":0,"_uf_show_specific_survey":0,"_uf_disable_surveys":false,"iawp_total_views":84},"product_brand":[],"product_cat":[207,184,157],"product_tag":[],"class_list":{"0":"post-15893","1":"product","2":"type-product","3":"status-publish","4":"has-post-thumbnail","6":"product_cat-alentejo","7":"product_cat-tinto","8":"product_cat-vinhos","10":"first","11":"instock","12":"shipping-taxable","13":"purchasable","14":"product-type-simple"},"_links":{"self":[{"href":"https:\/\/garrafeiragrandeescolha.pt\/it\/wp-json\/wp\/v2\/product\/15893","targetHints":{"allow":["GET"]}}],"collection":[{"href":"https:\/\/garrafeiragrandeescolha.pt\/it\/wp-json\/wp\/v2\/product"}],"about":[{"href":"https:\/\/garrafeiragrandeescolha.pt\/it\/wp-json\/wp\/v2\/types\/product"}],"wp:featuredmedia":[{"embeddable":true,"href":"https:\/\/garrafeiragrandeescolha.pt\/it\/wp-json\/wp\/v2\/media\/15894"}],"wp:attachment":[{"href":"https:\/\/garrafeiragrandeescolha.pt\/it\/wp-json\/wp\/v2\/media?parent=15893"}],"wp:term":[{"taxonomy":"product_brand","embeddable":true,"href":"https:\/\/garrafeiragrandeescolha.pt\/it\/wp-json\/wp\/v2\/product_brand?post=15893"},{"taxonomy":"product_cat","embeddable":true,"href":"https:\/\/garrafeiragrandeescolha.pt\/it\/wp-json\/wp\/v2\/product_cat?post=15893"},{"taxonomy":"product_tag","embeddable":true,"href":"https:\/\/garrafeiragrandeescolha.pt\/it\/wp-json\/wp\/v2\/product_tag?post=15893"}],"curies":[{"name":"wp","href":"https:\/\/api.w.org\/{rel}","templated":true}]}}