{"id":15933,"date":"2022-04-15T15:49:04","date_gmt":"2022-04-15T15:49:04","guid":{"rendered":"https:\/\/garrafeiragrandeescolha.pt\/?post_type=product&#038;p=15933"},"modified":"2025-10-08T10:51:06","modified_gmt":"2025-10-08T10:51:06","slug":"bafarela-grande-reserva-tinto-6l-2","status":"publish","type":"product","link":"https:\/\/garrafeiragrandeescolha.pt\/it\/prodotto\/bafarela-grande-reserva-tinto-6l-2\/","title":{"rendered":"Bafarela Grande Reserva Tinto 2022 6L"},"content":{"rendered":"<p><img fetchpriority=\"high\" decoding=\"async\" class=\"size-medium wp-image-15542 aligncenter\" src=\"http:\/\/garrafeiragrandeescolha.pt\/wp-content\/uploads\/2021\/09\/logotipo-brites-de-aguiar-300x224.png\" alt=\"\" width=\"300\" height=\"224\" srcset=\"https:\/\/garrafeiragrandeescolha.pt\/wp-content\/uploads\/2021\/09\/logotipo-brites-de-aguiar-300x224.png 300w, https:\/\/garrafeiragrandeescolha.pt\/wp-content\/uploads\/2021\/09\/logotipo-brites-de-aguiar-768x573.png 768w, https:\/\/garrafeiragrandeescolha.pt\/wp-content\/uploads\/2021\/09\/logotipo-brites-de-aguiar-600x448.png 600w, https:\/\/garrafeiragrandeescolha.pt\/wp-content\/uploads\/2021\/09\/logotipo-brites-de-aguiar.png 1001w\" sizes=\"(max-width: 300px) 100vw, 300px\" \/><\/p>\n<p>La famiglia Brites Aguiar vive da sempre nella Regione Demarcata del Douro e la sua attivit\u00e0 \u00e8 un continuo legame con la terra; agricoltura.<\/p>\n<p>Nel piccolo villaggio di V\u00e1rzea de Trev\u00f5es nel comune di S. Jo\u00e3o da Pesqueira si trova la residenza di famiglia e la casa agricola.<\/p>\n<p>La generazione attiva, L\u00facia, Paulo e Tomi, ha alle spalle i suoi genitori: Maria Fernanda Costa Brites e Manuel Ant\u00f3nio Pacheco Aguiar. L&#039;ultima generazione, In\u00eas, Mariana e Man\u00e9, completa e continua la discendenza della famiglia Brites Aguiar.<\/p>","protected":false},"excerpt":{"rendered":"<p>Bafarela Grande Reserva \u00e9 um vinho que exprime, no seu melhor, a eleg\u00e2ncia de uma das especialidades da Casa Brites Aguiar. Uma edi\u00e7\u00e3o limitada apresentada somente em anos de excep\u00e7\u00e3o.<\/p>","protected":false},"featured_media":15932,"template":"","meta":{"_exactmetrics_skip_tracking":false,"_exactmetrics_sitenote_active":false,"_exactmetrics_sitenote_note":"","_exactmetrics_sitenote_category":0,"_uf_show_specific_survey":0,"_uf_disable_surveys":false,"iawp_total_views":134},"product_brand":[],"product_cat":[157,184,215],"product_tag":[],"class_list":{"0":"post-15933","1":"product","2":"type-product","3":"status-publish","4":"has-post-thumbnail","6":"product_cat-vinhos","7":"product_cat-tinto","8":"product_cat-douro","10":"first","11":"instock","12":"shipping-taxable","13":"purchasable","14":"product-type-simple"},"_links":{"self":[{"href":"https:\/\/garrafeiragrandeescolha.pt\/it\/wp-json\/wp\/v2\/product\/15933","targetHints":{"allow":["GET"]}}],"collection":[{"href":"https:\/\/garrafeiragrandeescolha.pt\/it\/wp-json\/wp\/v2\/product"}],"about":[{"href":"https:\/\/garrafeiragrandeescolha.pt\/it\/wp-json\/wp\/v2\/types\/product"}],"wp:featuredmedia":[{"embeddable":true,"href":"https:\/\/garrafeiragrandeescolha.pt\/it\/wp-json\/wp\/v2\/media\/15932"}],"wp:attachment":[{"href":"https:\/\/garrafeiragrandeescolha.pt\/it\/wp-json\/wp\/v2\/media?parent=15933"}],"wp:term":[{"taxonomy":"product_brand","embeddable":true,"href":"https:\/\/garrafeiragrandeescolha.pt\/it\/wp-json\/wp\/v2\/product_brand?post=15933"},{"taxonomy":"product_cat","embeddable":true,"href":"https:\/\/garrafeiragrandeescolha.pt\/it\/wp-json\/wp\/v2\/product_cat?post=15933"},{"taxonomy":"product_tag","embeddable":true,"href":"https:\/\/garrafeiragrandeescolha.pt\/it\/wp-json\/wp\/v2\/product_tag?post=15933"}],"curies":[{"name":"wp","href":"https:\/\/api.w.org\/{rel}","templated":true}]}}