{"id":15969,"date":"2022-04-27T11:28:16","date_gmt":"2022-04-27T11:28:16","guid":{"rendered":"https:\/\/garrafeiragrandeescolha.pt\/?post_type=product&#038;p=15969"},"modified":"2025-01-06T18:30:26","modified_gmt":"2025-01-06T18:30:26","slug":"quinta-nova-rose-75cl","status":"publish","type":"product","link":"https:\/\/garrafeiragrandeescolha.pt\/it\/prodotto\/quinta-nova-rose-75cl\/","title":{"rendered":"Quinta Nova Ros\u00e9 2023 75cl"},"content":{"rendered":"<div class=\"page-title\">\n<p class=\"h2\"><img decoding=\"async\" class=\"size-medium wp-image-15436 aligncenter\" src=\"http:\/\/garrafeiragrandeescolha.pt\/wp-content\/uploads\/2022\/02\/quinta-nova-logo-300x158.png\" alt=\"\" width=\"300\" height=\"158\" srcset=\"https:\/\/garrafeiragrandeescolha.pt\/wp-content\/uploads\/2022\/02\/quinta-nova-logo-300x158.png 300w, https:\/\/garrafeiragrandeescolha.pt\/wp-content\/uploads\/2022\/02\/quinta-nova-logo-1024x539.png 1024w, https:\/\/garrafeiragrandeescolha.pt\/wp-content\/uploads\/2022\/02\/quinta-nova-logo-768x404.png 768w, https:\/\/garrafeiragrandeescolha.pt\/wp-content\/uploads\/2022\/02\/quinta-nova-logo-1536x808.png 1536w, https:\/\/garrafeiragrandeescolha.pt\/wp-content\/uploads\/2022\/02\/quinta-nova-logo-600x316.png 600w, https:\/\/garrafeiragrandeescolha.pt\/wp-content\/uploads\/2022\/02\/quinta-nova-logo.png 1583w\" sizes=\"(max-width: 300px) 100vw, 300px\" \/><\/p>\n<p class=\"h2\">Con una storia bicentenaria, Quinta Nova de Nossa Senhora do Carmo si estende su 120 ettari di terreno, risalenti alla prima demarcazione pombalina del 1756.<\/p>\n<\/div>\n<div class=\"xms-text big-text\">\n<p>Armoniosamente integrate in una delle colline della propriet\u00e0 sono l&#039;originaria cantina, risalente al 1764, e l&#039;ottocentesca casa padronale con la cappella (1765).<\/p>\n<p>Di propriet\u00e0 della casa reale portoghese fino al 1725, divenne una \u201cnuova fattoria\u201d unendo due fattorie in una. Durante i secoli XVIII e XIX, qui vissero diverse famiglie portoghesi che diedero vita alla vigna e al vino, ai frutteti, al mulino ad acqua accanto al vecchio uliveto e al fiume che attraversa la fattoria, in un momento importante per l&#039;agricoltura del Douro.<\/p>\n<\/div>\n<p>&nbsp;<\/p>","protected":false},"excerpt":{"rendered":"<p>O Quinta Nova de Nossa Senhora do Carmo Ros\u00e9 destaca-se pela elevada estrutura, numa vers\u00e3o ligeiramente mais arom\u00e1tica da Tinta Roriz e Touriga Franca, posicionando-se enquanto vinho num n\u00edvel muito elevado para os grandes apreciadores de ros\u00e9s.<\/p>\n<p>2018 |\u00a0<strong>Silver Medal<\/strong>,\u00a0Mundusvini, Alemanha<br \/>\n2017 |\u00a0<strong>Argento<\/strong>, Sommelier Wine Awards, Inglaterra<br \/>\n2017 |\u00a0<strong>92 pontos<\/strong>, Decanter, UK<br \/>\n2016 |\u00a0<strong>97 pontos<\/strong>, Best in show, Decanter Wine Awards, Inglaterra<br \/>\n2014 |\u00a0<strong>87 pontos<\/strong>, eRobert Parker, EUA<br \/>\n2009 |\u00a0<strong>2\u00ba Melhor Vinho do Douro<\/strong>, New York Times, EUA<br \/>\n2006 |\u00a0<strong>Argento<\/strong>, Challenge International du Vin, Fran\u00e7a<\/p>","protected":false},"featured_media":1368,"template":"","meta":{"_exactmetrics_skip_tracking":false,"_exactmetrics_sitenote_active":false,"_exactmetrics_sitenote_note":"","_exactmetrics_sitenote_category":0,"_uf_show_specific_survey":0,"_uf_disable_surveys":false,"iawp_total_views":5},"product_brand":[],"product_cat":[186,157],"product_tag":[],"class_list":{"0":"post-15969","1":"product","2":"type-product","3":"status-publish","4":"has-post-thumbnail","6":"product_cat-rose","7":"product_cat-vinhos","9":"first","10":"instock","11":"shipping-taxable","12":"purchasable","13":"product-type-simple"},"_links":{"self":[{"href":"https:\/\/garrafeiragrandeescolha.pt\/it\/wp-json\/wp\/v2\/product\/15969","targetHints":{"allow":["GET"]}}],"collection":[{"href":"https:\/\/garrafeiragrandeescolha.pt\/it\/wp-json\/wp\/v2\/product"}],"about":[{"href":"https:\/\/garrafeiragrandeescolha.pt\/it\/wp-json\/wp\/v2\/types\/product"}],"wp:featuredmedia":[{"embeddable":true,"href":"https:\/\/garrafeiragrandeescolha.pt\/it\/wp-json\/wp\/v2\/media\/1368"}],"wp:attachment":[{"href":"https:\/\/garrafeiragrandeescolha.pt\/it\/wp-json\/wp\/v2\/media?parent=15969"}],"wp:term":[{"taxonomy":"product_brand","embeddable":true,"href":"https:\/\/garrafeiragrandeescolha.pt\/it\/wp-json\/wp\/v2\/product_brand?post=15969"},{"taxonomy":"product_cat","embeddable":true,"href":"https:\/\/garrafeiragrandeescolha.pt\/it\/wp-json\/wp\/v2\/product_cat?post=15969"},{"taxonomy":"product_tag","embeddable":true,"href":"https:\/\/garrafeiragrandeescolha.pt\/it\/wp-json\/wp\/v2\/product_tag?post=15969"}],"curies":[{"name":"wp","href":"https:\/\/api.w.org\/{rel}","templated":true}]}}