{"id":16061,"date":"2022-05-14T11:47:37","date_gmt":"2022-05-14T11:47:37","guid":{"rendered":"https:\/\/garrafeiragrandeescolha.pt\/?post_type=product&#038;p=16061"},"modified":"2025-08-20T11:51:12","modified_gmt":"2025-08-20T11:51:12","slug":"herdade-papa-leite-tiro-no-escuro-tinto-75cl","status":"publish","type":"product","link":"https:\/\/garrafeiragrandeescolha.pt\/it\/prodotto\/herdade-papa-leite-tiro-no-escuro-tinto-75cl\/","title":{"rendered":"Herdade Papa Leite Tiro no Escuro Tinto 75cl"},"content":{"rendered":"<p><img decoding=\"async\" class=\"size-full wp-image-15055 aligncenter\" src=\"http:\/\/garrafeiragrandeescolha.pt\/wp-content\/uploads\/2022\/02\/logo_herdade-papa-leite.png\" alt=\"\" width=\"192\" height=\"199\" \/><\/p>\n<div id=\"u13137-4\" class=\"clearfix colelem\" data-muse-uid=\"U13137\" data-muse-type=\"txt_frame\" data-ibe-flags=\"txtStyleSrc\">\n<p>Situada em pleno cora\u00e7\u00e3o do Alto Alentejo, em Alter do Ch\u00e3o, a Herdade Papa Leite remonta ao s\u00e9culo XVII, marco que ainda hoje se pode encontrar na herdade.<\/p>\n<\/div>\n<div id=\"u13135\" class=\"colelem\">Filipe Barreiros Cardoso, apaixonado pela zona e pela propriedade, adquiriu a Herdade Papa Leite para realizar o sonho de produzir produtos de grande qualidade.<\/div>\n<div id=\"u13140-6\" class=\"clearfix colelem\" data-muse-uid=\"U13140\" data-muse-type=\"txt_frame\" data-ibe-flags=\"txtStyleSrc\">\n<p>Sonho este, que s\u00f3 foi poss\u00edvel concretizar com o apoio da sua fam\u00edlia e da equipa com quem trabalha.<\/p>\n<div id=\"pu602313\" class=\"clearfix grpelem\">\n<div id=\"u62518-6\" class=\"clearfix colelem\" data-muse-uid=\"U62518\" data-muse-type=\"txt_frame\" data-ibe-flags=\"txtStyleSrc\">\n<p>Durante s\u00e9culos, a explora\u00e7\u00e3o cereal\u00edfera, de olival, de azinheiras e de sobreiros foram as principais atividades a que a herdade se dedicava.<\/p>\n<p>Com a reprodu\u00e7\u00e3o da j\u00e1 existente ra\u00e7a Alentejana e a com introdu\u00e7\u00e3o da ra\u00e7a Aberdeen-Angus, a herdade viu a sua atividade revitalizada e, hoje em dia, os cerca de 320 hectares para al\u00e9m de criarem gado bovino, tamb\u00e9m produzem vinho e azeite.<\/p>\n<p>&nbsp;<\/p>\n<\/div>\n<div id=\"u15321\" class=\"colelem\"><\/div>\n<\/div>\n<\/div>","protected":false},"excerpt":{"rendered":"<p>Alicante Bouschet, Merlot, Cabernet Sauvignon e Syrah<\/p>\n<p>Teor Alco\u00f3lico: 16%<\/p>\n<p>Cor: Rubi carregado<br \/>\nAroma: Complexo e intenso onde se destacam notas de frutos secos<\/p>\n<p>Sabor: Boca elegante, sustentada por uma estrutura t\u00e2nica. Nuances florais com acidez vibrante<br \/>\nSugest\u00e3o Decantar 1h antes e servir a uma temperatura de 16\u00ba &#8211; 18\u00baC<\/p>\n<p>Acompanha bem queijos intensos e \u201ccomida de tacho\u201d, como por exemplo ensopado de borrego, arroz caldosos, favada e pratos de ca\u00e7a<\/p>","protected":false},"featured_media":17152,"template":"","meta":{"_exactmetrics_skip_tracking":false,"_exactmetrics_sitenote_active":false,"_exactmetrics_sitenote_note":"","_exactmetrics_sitenote_category":0,"_uf_show_specific_survey":0,"_uf_disable_surveys":false,"iawp_total_views":66},"product_brand":[],"product_cat":[207,201,162,184,157],"product_tag":[],"class_list":{"0":"post-16061","1":"product","2":"type-product","3":"status-publish","4":"has-post-thumbnail","6":"product_cat-alentejo","7":"product_cat-grandes-vinhos","8":"product_cat-raridades","9":"product_cat-tinto","10":"product_cat-vinhos","12":"first","13":"instock","14":"sold-individually","15":"shipping-taxable","16":"purchasable","17":"product-type-simple"},"_links":{"self":[{"href":"https:\/\/garrafeiragrandeescolha.pt\/it\/wp-json\/wp\/v2\/product\/16061","targetHints":{"allow":["GET"]}}],"collection":[{"href":"https:\/\/garrafeiragrandeescolha.pt\/it\/wp-json\/wp\/v2\/product"}],"about":[{"href":"https:\/\/garrafeiragrandeescolha.pt\/it\/wp-json\/wp\/v2\/types\/product"}],"wp:featuredmedia":[{"embeddable":true,"href":"https:\/\/garrafeiragrandeescolha.pt\/it\/wp-json\/wp\/v2\/media\/17152"}],"wp:attachment":[{"href":"https:\/\/garrafeiragrandeescolha.pt\/it\/wp-json\/wp\/v2\/media?parent=16061"}],"wp:term":[{"taxonomy":"product_brand","embeddable":true,"href":"https:\/\/garrafeiragrandeescolha.pt\/it\/wp-json\/wp\/v2\/product_brand?post=16061"},{"taxonomy":"product_cat","embeddable":true,"href":"https:\/\/garrafeiragrandeescolha.pt\/it\/wp-json\/wp\/v2\/product_cat?post=16061"},{"taxonomy":"product_tag","embeddable":true,"href":"https:\/\/garrafeiragrandeescolha.pt\/it\/wp-json\/wp\/v2\/product_tag?post=16061"}],"curies":[{"name":"wp","href":"https:\/\/api.w.org\/{rel}","templated":true}]}}