{"id":16086,"date":"2022-05-20T11:58:08","date_gmt":"2022-05-20T11:58:08","guid":{"rendered":"https:\/\/garrafeiragrandeescolha.pt\/?post_type=product&#038;p=16086"},"modified":"2024-10-29T15:39:12","modified_gmt":"2024-10-29T15:39:12","slug":"pera-manca-branco-75cl","status":"publish","type":"product","link":"https:\/\/garrafeiragrandeescolha.pt\/it\/prodotto\/pera-manca-branco-75cl\/","title":{"rendered":"P\u00eara Manca Branco 2021 75cl"},"content":{"rendered":"<p><img decoding=\"async\" class=\"size-medium wp-image-15182 aligncenter\" src=\"http:\/\/garrafeiragrandeescolha.pt\/wp-content\/uploads\/2022\/02\/cartuxa-logo-300x97.png\" alt=\"\" width=\"300\" height=\"97\" srcset=\"https:\/\/garrafeiragrandeescolha.pt\/wp-content\/uploads\/2022\/02\/cartuxa-logo-300x97.png 300w, https:\/\/garrafeiragrandeescolha.pt\/wp-content\/uploads\/2022\/02\/cartuxa-logo.png 332w\" sizes=\"(max-width: 300px) 100vw, 300px\" \/><\/p>\n<p>Dietro Adega Cartuxa c&#039;\u00e8 una grande famiglia, la famiglia Eug\u00e9nio de Almeida. Torniamo al 1913, anno in cui nasce Vasco Maria, in una delle famiglie pi\u00f9 influenti del XIX secolo. Nato a Lisbona, stabil\u00ec presto legami con \u00c9vora e Alentejo, dove la famiglia aveva un vasto patrimonio. Vasco Maria ha sempre considerato le persone come la variabile pi\u00f9 preziosa attorno alla quale ha organizzato tutti i suoi sforzi. Tra questi spiccano il rilancio dell&#039;attivit\u00e0 vitivinicola e l&#039;investimento nella piantumazione di una vasta area di uliveti a pochi chilometri da \u00c9vora, che ha dato come risultato i vini e gli oli d&#039;oliva prodotti ancora oggi.<\/p>\n<div class=\"vc_row wpb_row section vc_row-fluid grid_section\">\n<div class=\"section_inner clearfix\">\n<div class=\"section_inner_margin clearfix\">\n<div class=\"wpb_column vc_column_container vc_col-sm-12 vc_col-lg-offset-2 vc_col-lg-8\">\n<div class=\"vc_column-inner\">\n<div class=\"wpb_wrapper\">\n<div class=\"wpb_text_column wpb_content_element\">\n<div class=\"wpb_wrapper\">\n<p>Secondo la tradizione il nome P\u00eara-Manca deriverebbe dal toponimo \u201cpietra lame\u201d ovvero \u201cpietra oscillante\u201d \u2013 una formazione granitica di blocchi arrotondati, sbilanciati su roccia compatta.<\/p>\n<\/div>\n<\/div>\n<\/div>\n<\/div>\n<\/div>\n<\/div>\n<\/div>\n<\/div>\n<div class=\"vc_row wpb_row section vc_row-fluid grid_section\">\n<div class=\"section_inner clearfix\">\n<div class=\"section_inner_margin clearfix\">\n<div class=\"wpb_column vc_column_container vc_col-sm-12 vc_col-lg-offset-2 vc_col-lg-8\">\n<div class=\"vc_column-inner\">\n<div class=\"wpb_wrapper\">\n<div class=\"wpb_text_column wpb_content_element\">\n<div class=\"wpb_wrapper\">\n<p>La storia associa questo nome ai frati del Convento di Espinheiro, a \u00c9vora, che possedevano, nei secoli XV e XVI, vigneti situati in un luogo con molte pietre di granito sciolte, che ondeggiavano.<\/p>\n<\/div>\n<\/div>\n<\/div>\n<\/div>\n<\/div>\n<\/div>\n<\/div>\n<\/div>\n<div class=\"vc_row wpb_row section vc_row-fluid grid_section\">\n<div class=\"section_inner clearfix\">\n<div class=\"section_inner_margin clearfix\">\n<div class=\"wpb_column vc_column_container vc_col-sm-12 vc_col-lg-offset-2 vc_col-lg-8\">\n<div class=\"vc_column-inner\">\n<div class=\"wpb_wrapper\">\n<div class=\"wpb_text_column wpb_content_element\">\n<div class=\"wpb_wrapper\">\n<p>I suoi vini sarebbero stati molto famosi all&#039;epoca, al punto che Pedro \u00c1lvares Cabral ne port\u00f2 alcune botti durante la spedizione alla scoperta del Brasile.<br \/>\nQuesto sarebbe il vino, condiviso con gli indigeni, di cui parla Pero Vaz de Caminha in una delle sue lettere.<\/p>\n<\/div>\n<\/div>\n<\/div>\n<\/div>\n<\/div>\n<\/div>\n<\/div>\n<\/div>\n<div class=\"vc_row wpb_row section vc_row-fluid grid_section\">\n<div class=\"section_inner clearfix\">\n<div class=\"section_inner_margin clearfix\">\n<div class=\"wpb_column vc_column_container vc_col-sm-12 vc_col-lg-offset-2 vc_col-lg-8\">\n<div class=\"vc_column-inner\">\n<div class=\"wpb_wrapper\">\n<div class=\"wpb_text_column wpb_content_element\">\n<div class=\"wpb_wrapper\">\n<p>La storia racconta che la tradizione del vino P\u00eara-Manca risale al Medioevo. Si narra inoltre che intorno al 1365 la Madonna apparve ad un pastore in cima ad un cespuglio spinoso. Pochi anni dopo venne costruito un oratorio in suo onore e nel 1458, vista la crescente importanza del luogo come meta di pellegrinaggio, una chiesa. Segu\u00ec la successiva fondazione di un Convento che avrebbe ospitato l&#039;Ordine di San Girolamo. E, nel XV e XVI secolo, i vigneti di P\u00eara-Manca erano di propriet\u00e0 dei frati del Convento do Espinheiro, a \u00c9vora.<\/p>\n<\/div>\n<\/div>\n<\/div>\n<\/div>\n<\/div>\n<\/div>\n<\/div>\n<\/div>\n<div class=\"vc_row wpb_row section vc_row-fluid grid_section\">\n<div class=\"section_inner clearfix\">\n<div class=\"section_inner_margin clearfix\">\n<div class=\"wpb_column vc_column_container vc_col-sm-12 vc_col-lg-offset-2 vc_col-lg-8\">\n<div class=\"vc_column-inner\">\n<div class=\"wpb_wrapper\">\n<div class=\"wpb_text_column wpb_content_element\">\n<div class=\"wpb_wrapper\">\n<p>Nel 1517, i frati del Convento do Espinheiro furono costretti ad affittare questi vigneti \u2013 poich\u00e9 molto costosi da gestire \u2013 ad \u00c1lvaro Azedo, scudiero del re e sua moglie, Filipa Rodrigues. Ne parla D. Jo\u00e3o II, in una lettera al Consiglio comunale di \u00c9vora.<\/p>\n<\/div>\n<\/div>\n<\/div>\n<\/div>\n<\/div>\n<\/div>\n<\/div>\n<\/div>\n<div class=\"vc_row wpb_row section vc_row-fluid grid_section\">\n<div class=\"section_inner clearfix\">\n<div class=\"section_inner_margin clearfix\">\n<div class=\"wpb_column vc_column_container vc_col-sm-12 vc_col-lg-offset-2 vc_col-lg-8\">\n<div class=\"vc_column-inner\">\n<div class=\"wpb_wrapper\">\n<div class=\"wpb_text_column wpb_content_element\">\n<div class=\"wpb_wrapper\">\n<p>Fu recuperato nel XIX secolo dalla prospera Casa Soares, di propriet\u00e0 del consigliere Jos\u00e9 Ant\u00f3nio d&#039;Oliveira Soares, che lo trasform\u00f2 in un vino sofisticato. Tuttavia, in seguito alla crisi della fillossera, Casa Soares smise di produrre P\u00eara-Manca. Fu l&#039;erede dell&#039;estinta Casa Soares, Jos\u00e9 Ant\u00f3nio de Oliveira Soares, a proporre nel 1987 il nome alla Fondazione Eug\u00e9nio de Almeida, che inizi\u00f2 ad utilizzare come etichetta l&#039;adattamento di un manifesto pubblicitario disegnato da Roque Gameiro nel 18\u00b0 secolo e acquisisce notoriet\u00e0 e riconoscimento in tutto il mondo, essendo oggi considerato uno dei grandi marchi nazionali.<\/p>\n<\/div>\n<\/div>\n<\/div>\n<\/div>\n<\/div>\n<\/div>\n<\/div>\n<\/div>","protected":false},"excerpt":{"rendered":"<p>P\u00eara-Manca \u00e9 a marca que a Funda\u00e7\u00e3o Eug\u00e9nio de Almeida destina aos seus vinhos de excep\u00e7\u00e3o.<br \/>\nCastas:\u00a0 Ant\u00e3o Vaz e Arinto, apresentando uma cor citrina, um aroma frutado persistente, fino e complexo.<\/p>\n<p>Na boca, s\u00e3o macios, secos, complexos e equilibrados.<\/p>","protected":false},"featured_media":7309,"template":"","meta":{"_exactmetrics_skip_tracking":false,"_exactmetrics_sitenote_active":false,"_exactmetrics_sitenote_note":"","_exactmetrics_sitenote_category":0,"_uf_show_specific_survey":0,"_uf_disable_surveys":false,"iawp_total_views":161},"product_brand":[],"product_cat":[157,201,185,189],"product_tag":[],"class_list":{"0":"post-16086","1":"product","2":"type-product","3":"status-publish","4":"has-post-thumbnail","6":"product_cat-vinhos","7":"product_cat-grandes-vinhos","8":"product_cat-branco","9":"product_cat-alentejo-branco","11":"first","12":"instock","13":"shipping-taxable","14":"purchasable","15":"product-type-simple"},"_links":{"self":[{"href":"https:\/\/garrafeiragrandeescolha.pt\/it\/wp-json\/wp\/v2\/product\/16086","targetHints":{"allow":["GET"]}}],"collection":[{"href":"https:\/\/garrafeiragrandeescolha.pt\/it\/wp-json\/wp\/v2\/product"}],"about":[{"href":"https:\/\/garrafeiragrandeescolha.pt\/it\/wp-json\/wp\/v2\/types\/product"}],"wp:featuredmedia":[{"embeddable":true,"href":"https:\/\/garrafeiragrandeescolha.pt\/it\/wp-json\/wp\/v2\/media\/7309"}],"wp:attachment":[{"href":"https:\/\/garrafeiragrandeescolha.pt\/it\/wp-json\/wp\/v2\/media?parent=16086"}],"wp:term":[{"taxonomy":"product_brand","embeddable":true,"href":"https:\/\/garrafeiragrandeescolha.pt\/it\/wp-json\/wp\/v2\/product_brand?post=16086"},{"taxonomy":"product_cat","embeddable":true,"href":"https:\/\/garrafeiragrandeescolha.pt\/it\/wp-json\/wp\/v2\/product_cat?post=16086"},{"taxonomy":"product_tag","embeddable":true,"href":"https:\/\/garrafeiragrandeescolha.pt\/it\/wp-json\/wp\/v2\/product_tag?post=16086"}],"curies":[{"name":"wp","href":"https:\/\/api.w.org\/{rel}","templated":true}]}}