{"id":16182,"date":"2022-06-22T14:27:53","date_gmt":"2022-06-22T14:27:53","guid":{"rendered":"https:\/\/garrafeiragrandeescolha.pt\/?post_type=product&#038;p=16182"},"modified":"2024-10-25T11:53:28","modified_gmt":"2024-10-25T11:53:28","slug":"liberalitas-tinto-75cl","status":"publish","type":"product","link":"https:\/\/garrafeiragrandeescolha.pt\/it\/prodotto\/liberalitas-tinto-75cl\/","title":{"rendered":"Liberalitas Tinto 2015 75cl"},"content":{"rendered":"<p>O gosto de receber os amigos e a fam\u00edlia e a paix\u00e3o pelos vinhos levou Jos\u00e9 Rodrigues, empres\u00e1rio da regi\u00e3o de Set\u00fabal, a procurar um lugar onde pudesse reunir estes dois prazeres. Foi em 2011 que, depois de muito procurar, descobriu o ref\u00fagio ideal. Uma propriedade no Alentejo, a cerca de 10 Kms de \u00c9vora, situada numa zona de paisagem protegida pela Rede Natura 2000, que o encantou de imediato.<br \/>\nA casa do Monte da Ribeira era a \u00fanica edifica\u00e7\u00e3o a pontuar a propriedade. Come\u00e7ou por adquirir um tractor e algumas alfaias para apoio do assento agr\u00edcola e o seu esp\u00edrito inquieto n\u00e3o sossegou enquanto n\u00e3o concretizou o desejo de plantar uma vinha. \u00abFui muitas vezes avisado para desistir, diziam-me que n\u00e3o sabia onde me estava a meter, porque plantar uma vinha e fazer vinho d\u00e1 muito trabalho&#8230; Mas, apesar disso, segui em frente e sinto-me feliz com os resultados\u00bb, afirma Jos\u00e9 Rodrigues.<br \/>\nPlantou ent\u00e3o, entre Abril e Maio de 2012, 2,5 hectares de vinha com castas que sempre apreciou: Aragonez, Touriga Nacional, Alicante Bouschet, Syrah e Cabernet Sauvignon.<br \/>\nDepois, chamou o Arquitecto Jorge Fragoso Pires para lhe desenhar uma adega funcional e contextualizada. Finalmente, convidou um dos melhores En\u00f3logos do Alentejo, Pedro Baptista, para lhe fazer o vinho. A imagem dos produtos tamb\u00e9m n\u00e3o foi esquecida, assinada pela Designer Rita Rivotti.<br \/>\nApesar de ser um projecto jovem, j\u00e1 apresentou algumas das suas refer\u00eancias em Concursos de Vinhos tendo arrecadado este ano duas Medalhas de Ouro, uma no Concurso de Vinhos de Portugal e outra no Concurso Syrah du Monde, com o seu Vinho Humanitas Tinto Reserva 2013, e duas Medalhas de Prata para o Vinho Liberalitas Ros\u00e9 2014, uma no Concours Mondial de Bruxelles e outra no Concurso de Vinhos de Portugal.<\/p>","protected":false},"excerpt":{"rendered":"<p>O gosto de receber os amigos e a fam\u00edlia e a paix\u00e3o pelos vinhos levou Jos\u00e9 Rodrigues, empres\u00e1rio da regi\u00e3o de Set\u00fabal, a procurar um lugar onde pudesse reunir estes dois prazeres. Foi em 2011 que, depois de muito procurar, descobriu o ref\u00fagio ideal. Uma propriedade no Alentejo, a cerca de 10 Kms de \u00c9vora, [&hellip;]<\/p>","protected":false},"featured_media":16183,"template":"","meta":{"_exactmetrics_skip_tracking":false,"_exactmetrics_sitenote_active":false,"_exactmetrics_sitenote_note":"","_exactmetrics_sitenote_category":0,"_uf_show_specific_survey":0,"_uf_disable_surveys":false,"iawp_total_views":29},"product_brand":[],"product_cat":[157,184,207],"product_tag":[],"class_list":{"0":"post-16182","1":"product","2":"type-product","3":"status-publish","4":"has-post-thumbnail","6":"product_cat-vinhos","7":"product_cat-tinto","8":"product_cat-alentejo","10":"first","11":"instock","12":"shipping-taxable","13":"purchasable","14":"product-type-simple"},"_links":{"self":[{"href":"https:\/\/garrafeiragrandeescolha.pt\/it\/wp-json\/wp\/v2\/product\/16182","targetHints":{"allow":["GET"]}}],"collection":[{"href":"https:\/\/garrafeiragrandeescolha.pt\/it\/wp-json\/wp\/v2\/product"}],"about":[{"href":"https:\/\/garrafeiragrandeescolha.pt\/it\/wp-json\/wp\/v2\/types\/product"}],"wp:featuredmedia":[{"embeddable":true,"href":"https:\/\/garrafeiragrandeescolha.pt\/it\/wp-json\/wp\/v2\/media\/16183"}],"wp:attachment":[{"href":"https:\/\/garrafeiragrandeescolha.pt\/it\/wp-json\/wp\/v2\/media?parent=16182"}],"wp:term":[{"taxonomy":"product_brand","embeddable":true,"href":"https:\/\/garrafeiragrandeescolha.pt\/it\/wp-json\/wp\/v2\/product_brand?post=16182"},{"taxonomy":"product_cat","embeddable":true,"href":"https:\/\/garrafeiragrandeescolha.pt\/it\/wp-json\/wp\/v2\/product_cat?post=16182"},{"taxonomy":"product_tag","embeddable":true,"href":"https:\/\/garrafeiragrandeescolha.pt\/it\/wp-json\/wp\/v2\/product_tag?post=16182"}],"curies":[{"name":"wp","href":"https:\/\/api.w.org\/{rel}","templated":true}]}}