{"id":16193,"date":"2022-06-22T15:52:41","date_gmt":"2022-06-22T15:52:41","guid":{"rendered":"https:\/\/garrafeiragrandeescolha.pt\/?post_type=product&#038;p=16193"},"modified":"2023-11-12T18:50:23","modified_gmt":"2023-11-12T18:50:23","slug":"porto-noval-vintage-2019-75cl","status":"publish","type":"product","link":"https:\/\/garrafeiragrandeescolha.pt\/it\/prodotto\/porto-noval-vintage-2019-75cl\/","title":{"rendered":"Porto Noval Vintage 2019 75cl"},"content":{"rendered":"<p>&nbsp;<\/p>\n<p><img decoding=\"async\" class=\"size-medium wp-image-15374 aligncenter\" src=\"http:\/\/garrafeiragrandeescolha.pt\/wp-content\/uploads\/2022\/02\/noval-logo-300x105.jpg\" alt=\"\" width=\"300\" height=\"105\" srcset=\"https:\/\/garrafeiragrandeescolha.pt\/wp-content\/uploads\/2022\/02\/noval-logo-300x105.jpg 300w, https:\/\/garrafeiragrandeescolha.pt\/wp-content\/uploads\/2022\/02\/noval-logo-768x268.jpg 768w, https:\/\/garrafeiragrandeescolha.pt\/wp-content\/uploads\/2022\/02\/noval-logo-600x209.jpg 600w, https:\/\/garrafeiragrandeescolha.pt\/wp-content\/uploads\/2022\/02\/noval-logo.jpg 800w\" sizes=\"(max-width: 300px) 100vw, 300px\" \/><\/p>\n<p class=\"wysiwyg-text-align-justify\">Quinta do Noval beneficia di una posizione privilegiata, nel cuore del Douro.<br \/>\nIl vigneto di 145 ettari, interamente classificato come lettera A, \u00e8 coltivato con i vitigni pi\u00f9 nobili del Douro: Touriga Nacional, Touriga Franca, Tinta Roriz, Tinto C\u00e3o e Sous\u00e3o.<br \/>\nGli appezzamenti di vigneto presentano una ricca diversit\u00e0 geografica.<br \/>\n. altitudine: da 100m a 500m<br \/>\n. Esposizione: a tutti i punti cardinali<br \/>\n. terreno: scistoso con frammenti argillosi, impasto variabile<br \/>\nQueste caratteristiche conferiscono ai vini sfumature diverse a seconda del loro appezzamento di origine. Dalla fusione di queste sfumature nasce la magia dei vini Quinta do Noval.<\/p>\n<p class=\"wysiwyg-text-align-justify\">Attualmente i vigneti vengono reimpiantati con un&#039;unica variet\u00e0 adattata ad ogni singolo appezzamento secondo tre fattori principali: altitudine, esposizione e tipologia di impianto del vigneto.<br \/>\nLe magnifiche antiche terrazze in pietra scistosa continuano ad essere l&#039;immagine di Quinta do Noval.<br \/>\nQuinta do Noval \u00e8 l&#039;unico esportatore storico di vino di Porto che prende il nome dalla sua Quinta, e che produce Porto Vintage da un unico appezzamento, quando dichiarato.<\/p>","protected":false},"excerpt":{"rendered":"<p>O vinho estagia durante 18 meses em cascos de carvalho, nos armaz\u00e9ns climatizados da Quinta na regi\u00e3o demarcada do Douro, antes de ser engarrafado.<\/p>\n<p>Castas: Touriga Nacional, Touriga Franca, Tinto C\u00e3o, Sous\u00e3o.<\/p>","protected":false},"featured_media":1952,"template":"","meta":{"_exactmetrics_skip_tracking":false,"_exactmetrics_sitenote_active":false,"_exactmetrics_sitenote_note":"","_exactmetrics_sitenote_category":0,"_uf_show_specific_survey":0,"_uf_disable_surveys":false,"iawp_total_views":4},"product_brand":[],"product_cat":[201,159,168],"product_tag":[],"class_list":{"0":"post-16193","1":"product","2":"type-product","3":"status-publish","4":"has-post-thumbnail","6":"product_cat-grandes-vinhos","7":"product_cat-portos","8":"product_cat-vintage","10":"first","11":"instock","12":"shipping-taxable","13":"purchasable","14":"product-type-simple"},"_links":{"self":[{"href":"https:\/\/garrafeiragrandeescolha.pt\/it\/wp-json\/wp\/v2\/product\/16193","targetHints":{"allow":["GET"]}}],"collection":[{"href":"https:\/\/garrafeiragrandeescolha.pt\/it\/wp-json\/wp\/v2\/product"}],"about":[{"href":"https:\/\/garrafeiragrandeescolha.pt\/it\/wp-json\/wp\/v2\/types\/product"}],"wp:featuredmedia":[{"embeddable":true,"href":"https:\/\/garrafeiragrandeescolha.pt\/it\/wp-json\/wp\/v2\/media\/1952"}],"wp:attachment":[{"href":"https:\/\/garrafeiragrandeescolha.pt\/it\/wp-json\/wp\/v2\/media?parent=16193"}],"wp:term":[{"taxonomy":"product_brand","embeddable":true,"href":"https:\/\/garrafeiragrandeescolha.pt\/it\/wp-json\/wp\/v2\/product_brand?post=16193"},{"taxonomy":"product_cat","embeddable":true,"href":"https:\/\/garrafeiragrandeescolha.pt\/it\/wp-json\/wp\/v2\/product_cat?post=16193"},{"taxonomy":"product_tag","embeddable":true,"href":"https:\/\/garrafeiragrandeescolha.pt\/it\/wp-json\/wp\/v2\/product_tag?post=16193"}],"curies":[{"name":"wp","href":"https:\/\/api.w.org\/{rel}","templated":true}]}}