{"id":16483,"date":"2022-10-06T21:28:45","date_gmt":"2022-10-06T21:28:45","guid":{"rendered":"https:\/\/garrafeiragrandeescolha.pt\/?post_type=product&#038;p=16483"},"modified":"2022-10-07T15:15:21","modified_gmt":"2022-10-07T15:15:21","slug":"principal-grande-reserva-branco-2015-15l","status":"publish","type":"product","link":"https:\/\/garrafeiragrandeescolha.pt\/it\/prodotto\/principal-grande-reserva-branco-2015-15l\/","title":{"rendered":"Principal Grande Reserva Bianco 2015 1.5L"},"content":{"rendered":"<div><img decoding=\"async\" class=\"size-full wp-image-15404 aligncenter\" src=\"http:\/\/garrafeiragrandeescolha.pt\/wp-content\/uploads\/2022\/02\/proudly-produced-in-portugal-logo.png\" alt=\"\" width=\"199\" height=\"78\" \/><\/div>\n<div class=\"headline\">QUINTA COLINAS DE S. LOUREN\u00c7O, la prima propriet\u00e0 entrata a far parte del patrimonio del Gruppo, \u00e8 un&#039;azienda agricola moderna ed esemplare che segna le origini di IDEALDRINKS.<\/div>\n<div class=\"information\">\n<div class=\"main\">\n<p>Acquisita nel 2009, questa vasta propriet\u00e0 si trova a S\u00e3o Louren\u00e7o do Bairro, Anadia, nel cuore della Bairrada, zona vitivinicola per eccellenza e regione particolarmente cara a IDEALDRINKS. Gli 80 ettari di vigneto si estendono sui terreni argillosi-calcarei delle dolci colline tipiche della Regione, che hanno dato origine al suo nome.<\/p>\n<p>Il vigneto, completamente ristrutturato e reimpiantato con diversi vitigni nazionali e internazionali - Touriga Nacional, Cabernet Sauvignon, Merlot, Petit Verdot, Syrah, Pinot Nero, Pinot Meunier, Chardonnay, Sauvignon Blanc e Arinto - consente la produzione di un&#039;ampia e vasta gamma di prodotti, tra cui vini rossi, rosati, bianchi e spumanti.<\/p>\n<\/div>\n<div id=\"extrainformation\">\n<p>La cantina dell&#039;azienda, recentemente costruita secondo i migliori esempi a livello mondiale, utilizza le pi\u00f9 moderne tecnologie di vinificazione, muovendo tutti i liquidi e le masse per gravit\u00e0. Gli ampi locali di invecchiamento, dotati delle migliori botti di rovere francese, offrono le condizioni ideali per il sereno riposo dei vini, che normalmente maturano anche in bottiglia per diversi anni. In questi locali invecchiano in imponenti botti di riserva anche i vini riserva destinati alla produzione di spumanti.<\/p>\n<p>La tradizione del T\u00e9rroir da Bairrada e il \u201csavoir-faire\u201d del team IDEALDRINKS si uniscono qui con la modernit\u00e0 del vigneto e dei processi di vinificazione, creando vini e spumanti di elevata complessit\u00e0 ed eleganza, presentati attraverso un portafoglio ricco ed ampio che comprende i marchi Principal, Colinas e S\u00e3o Louren\u00e7o.<\/p>\n<\/div>\n<\/div>","protected":false},"excerpt":{"rendered":"<p><span style=\"color: #800000;\">Com caixa de madeira<\/span><\/p>\n<p>Castas: Chardonnay e Sauvignon Blanc<\/p>\n<p>Na boca revela complexidade, estrutura e um cara\u0301cter mineral. Com notas florais e tostadas, aliadas a uma mineralidade ci\u0301trica, formam um aroma vigoroso e complexo. A fruta persistente, o cara\u0301cter e a estrutura, conferem-lhe longevidade.<\/p>","protected":false},"featured_media":16484,"template":"","meta":{"_exactmetrics_skip_tracking":false,"_exactmetrics_sitenote_active":false,"_exactmetrics_sitenote_note":"","_exactmetrics_sitenote_category":0,"_uf_show_specific_survey":0,"_uf_disable_surveys":false,"iawp_total_views":27},"product_brand":[],"product_cat":[157,201,185,190],"product_tag":[],"class_list":{"0":"post-16483","1":"product","2":"type-product","3":"status-publish","4":"has-post-thumbnail","6":"product_cat-vinhos","7":"product_cat-grandes-vinhos","8":"product_cat-branco","9":"product_cat-bairrada-branco","11":"first","12":"instock","13":"shipping-taxable","14":"purchasable","15":"product-type-simple"},"_links":{"self":[{"href":"https:\/\/garrafeiragrandeescolha.pt\/it\/wp-json\/wp\/v2\/product\/16483","targetHints":{"allow":["GET"]}}],"collection":[{"href":"https:\/\/garrafeiragrandeescolha.pt\/it\/wp-json\/wp\/v2\/product"}],"about":[{"href":"https:\/\/garrafeiragrandeescolha.pt\/it\/wp-json\/wp\/v2\/types\/product"}],"wp:featuredmedia":[{"embeddable":true,"href":"https:\/\/garrafeiragrandeescolha.pt\/it\/wp-json\/wp\/v2\/media\/16484"}],"wp:attachment":[{"href":"https:\/\/garrafeiragrandeescolha.pt\/it\/wp-json\/wp\/v2\/media?parent=16483"}],"wp:term":[{"taxonomy":"product_brand","embeddable":true,"href":"https:\/\/garrafeiragrandeescolha.pt\/it\/wp-json\/wp\/v2\/product_brand?post=16483"},{"taxonomy":"product_cat","embeddable":true,"href":"https:\/\/garrafeiragrandeescolha.pt\/it\/wp-json\/wp\/v2\/product_cat?post=16483"},{"taxonomy":"product_tag","embeddable":true,"href":"https:\/\/garrafeiragrandeescolha.pt\/it\/wp-json\/wp\/v2\/product_tag?post=16483"}],"curies":[{"name":"wp","href":"https:\/\/api.w.org\/{rel}","templated":true}]}}