{"id":16687,"date":"2022-11-05T12:17:14","date_gmt":"2022-11-05T12:17:14","guid":{"rendered":"https:\/\/garrafeiragrandeescolha.pt\/?post_type=product&#038;p=16687"},"modified":"2024-09-19T17:47:27","modified_gmt":"2024-09-19T17:47:27","slug":"porto-real-vinicola-orgulho-portugal-tawny-avelhado-75cl","status":"publish","type":"product","link":"https:\/\/garrafeiragrandeescolha.pt\/it\/prodotto\/porto-real-vinicola-orgulho-portugal-tawny-avelhado-75cl\/","title":{"rendered":"Porto Real Vin\u00edcola Orgulho Portogallo Tawny Avelhado 75cl"},"content":{"rendered":"<p>Fundada em 1889 a Real Companhia Vin\u00edcola do Norte de Portugal, conhecida na g\u00edria do povo como a \u201cReal Vin\u00edcola\u201d gera, aquando da sua cria\u00e7\u00e3o, uma enorme confus\u00e3o entre as duas Companhias Reais, a nova e a Velha Real Companhia dos Vinhos do Porto. E \u00e9 atrav\u00e9s da voz do povo e da g\u00edria comercial que a Pombalina Real Companhia fundada em 1756 come\u00e7a a ser conhecida por \u201cReal Companhia Velha\u201d e a utilizar essa designa\u00e7\u00e3o como marca comercial.<\/p>\n<p>A centen\u00e1ria Real Vin\u00edcola criada sob os ausp\u00edcios do Marqu\u00eas de Pombal tornou-se com o passar dos anos numa sociedade meramente patrimonial sendo adquirida pela reconhecida Fladgate Partnership, detentora de grandes marcas de vinho do Porto como a Taylor\u2019s.<\/p>","protected":false},"excerpt":{"rendered":"<p>Fundada em 1889 a Real Companhia Vin\u00edcola do Norte de Portugal, conhecida na g\u00edria do povo como a \u201cReal Vin\u00edcola\u201d gera, aquando da sua cria\u00e7\u00e3o, uma enorme confus\u00e3o entre as duas Companhias Reais, a nova e a Velha Real Companhia dos Vinhos do Porto. E \u00e9 atrav\u00e9s da voz do povo e da g\u00edria comercial [&hellip;]<\/p>","protected":false},"featured_media":16688,"template":"","meta":{"_exactmetrics_skip_tracking":false,"_exactmetrics_sitenote_active":false,"_exactmetrics_sitenote_note":"","_exactmetrics_sitenote_category":0,"_uf_show_specific_survey":0,"_uf_disable_surveys":false,"iawp_total_views":72},"product_brand":[],"product_cat":[162,159,173],"product_tag":[],"class_list":{"0":"post-16687","1":"product","2":"type-product","3":"status-publish","4":"has-post-thumbnail","6":"product_cat-raridades","7":"product_cat-portos","8":"product_cat-tawny-ruby","10":"first","11":"instock","12":"shipping-taxable","13":"purchasable","14":"product-type-simple"},"_links":{"self":[{"href":"https:\/\/garrafeiragrandeescolha.pt\/it\/wp-json\/wp\/v2\/product\/16687","targetHints":{"allow":["GET"]}}],"collection":[{"href":"https:\/\/garrafeiragrandeescolha.pt\/it\/wp-json\/wp\/v2\/product"}],"about":[{"href":"https:\/\/garrafeiragrandeescolha.pt\/it\/wp-json\/wp\/v2\/types\/product"}],"wp:featuredmedia":[{"embeddable":true,"href":"https:\/\/garrafeiragrandeescolha.pt\/it\/wp-json\/wp\/v2\/media\/16688"}],"wp:attachment":[{"href":"https:\/\/garrafeiragrandeescolha.pt\/it\/wp-json\/wp\/v2\/media?parent=16687"}],"wp:term":[{"taxonomy":"product_brand","embeddable":true,"href":"https:\/\/garrafeiragrandeescolha.pt\/it\/wp-json\/wp\/v2\/product_brand?post=16687"},{"taxonomy":"product_cat","embeddable":true,"href":"https:\/\/garrafeiragrandeescolha.pt\/it\/wp-json\/wp\/v2\/product_cat?post=16687"},{"taxonomy":"product_tag","embeddable":true,"href":"https:\/\/garrafeiragrandeescolha.pt\/it\/wp-json\/wp\/v2\/product_tag?post=16687"}],"curies":[{"name":"wp","href":"https:\/\/api.w.org\/{rel}","templated":true}]}}