{"id":16783,"date":"2022-11-16T09:41:03","date_gmt":"2022-11-16T09:41:03","guid":{"rendered":"https:\/\/garrafeiragrandeescolha.pt\/?post_type=product&#038;p=16783"},"modified":"2026-04-02T18:28:56","modified_gmt":"2026-04-02T18:28:56","slug":"as-velhas-bonitonas-pack-3-garrafas","status":"publish","type":"product","link":"https:\/\/garrafeiragrandeescolha.pt\/it\/prodotto\/as-velhas-bonitonas-pack-3-garrafas\/","title":{"rendered":"As Velhas Bonitonas &#8211; Morais Rocha Pack 3 Garrafas"},"content":{"rendered":"<p><img fetchpriority=\"high\" decoding=\"async\" class=\"size-medium wp-image-16784 aligncenter\" src=\"http:\/\/garrafeiragrandeescolha.pt\/wp-content\/uploads\/2022\/11\/morais-rocha-logo-300x200.jpg\" alt=\"\" width=\"300\" height=\"200\" srcset=\"https:\/\/garrafeiragrandeescolha.pt\/wp-content\/uploads\/2022\/11\/morais-rocha-logo-300x200.jpg 300w, https:\/\/garrafeiragrandeescolha.pt\/wp-content\/uploads\/2022\/11\/morais-rocha-logo-18x12.jpg 18w, https:\/\/garrafeiragrandeescolha.pt\/wp-content\/uploads\/2022\/11\/morais-rocha-logo.jpg 450w\" sizes=\"(max-width: 300px) 100vw, 300px\" \/><\/p>\n<p>Morais Rocha Wines nasce dal desiderio, a lungo delineato, di produrre vini eccellenti che esprimano il carattere unico della regione di Vidigueira.<\/p>\n<p>La cura dei prodotti non termina con la vendita. L&#039;esigenza di Morais Rocha prevede che i suoi prodotti, una volta esportati, siano adeguatamente imballati in contenitori per garantire che non subiscano modifiche, n\u00e9 a causa di differenze termiche n\u00e9 ad altri agenti aggressivi esterni.<\/p>","protected":false},"excerpt":{"rendered":"<p>Nesta cole\u00e7\u00e3o As Velhas desafiam-nos a encarar o nosso processo de envelhecimento com determina\u00e7\u00e3o. a pergunta com que nos brindam \u00e9 &#8220;porque n\u00e3o?&#8221; &#8211; Porque n\u00e3o encarar a passagem do tempo com confian\u00e7a? Qualquer uma de n\u00f3s \u00e9 capaz de se superar, e mais ainda&#8230; nunca \u00e9 tarde!<\/p>\n<p>Confezione composta da:<\/p>\n<p>2 Reserva Tinto 2021<\/p>\n<p>1 Reserva Branco 2023<\/p>\n<p>Em parceria com Maria Seruya, fundadora da marca Velhas Bonitonas<\/p>","protected":false},"featured_media":21637,"template":"","meta":{"_exactmetrics_skip_tracking":false,"_exactmetrics_sitenote_active":false,"_exactmetrics_sitenote_note":"","_exactmetrics_sitenote_category":0,"_uf_show_specific_survey":0,"_uf_disable_surveys":false,"iawp_total_views":99},"product_brand":[],"product_cat":[258,257,216,157,184,207,186],"product_tag":[],"class_list":{"0":"post-16783","1":"product","2":"type-product","3":"status-publish","4":"has-post-thumbnail","6":"product_cat-conjuntos-de-oferta","7":"product_cat-conjuntos-de-vinhos","8":"product_cat-conjuntos","9":"product_cat-vinhos","10":"product_cat-tinto","11":"product_cat-alentejo","12":"product_cat-rose","14":"first","15":"instock","16":"featured","17":"shipping-taxable","18":"purchasable","19":"product-type-simple"},"_links":{"self":[{"href":"https:\/\/garrafeiragrandeescolha.pt\/it\/wp-json\/wp\/v2\/product\/16783","targetHints":{"allow":["GET"]}}],"collection":[{"href":"https:\/\/garrafeiragrandeescolha.pt\/it\/wp-json\/wp\/v2\/product"}],"about":[{"href":"https:\/\/garrafeiragrandeescolha.pt\/it\/wp-json\/wp\/v2\/types\/product"}],"wp:featuredmedia":[{"embeddable":true,"href":"https:\/\/garrafeiragrandeescolha.pt\/it\/wp-json\/wp\/v2\/media\/21637"}],"wp:attachment":[{"href":"https:\/\/garrafeiragrandeescolha.pt\/it\/wp-json\/wp\/v2\/media?parent=16783"}],"wp:term":[{"taxonomy":"product_brand","embeddable":true,"href":"https:\/\/garrafeiragrandeescolha.pt\/it\/wp-json\/wp\/v2\/product_brand?post=16783"},{"taxonomy":"product_cat","embeddable":true,"href":"https:\/\/garrafeiragrandeescolha.pt\/it\/wp-json\/wp\/v2\/product_cat?post=16783"},{"taxonomy":"product_tag","embeddable":true,"href":"https:\/\/garrafeiragrandeescolha.pt\/it\/wp-json\/wp\/v2\/product_tag?post=16783"}],"curies":[{"name":"wp","href":"https:\/\/api.w.org\/{rel}","templated":true}]}}