{"id":16872,"date":"2022-11-28T17:27:07","date_gmt":"2022-11-28T17:27:07","guid":{"rendered":"https:\/\/garrafeiragrandeescolha.pt\/?post_type=product&#038;p=16872"},"modified":"2023-05-11T14:23:23","modified_gmt":"2023-05-11T14:23:23","slug":"ventozelo-tinta-amarela-tinto-75cl","status":"publish","type":"product","link":"https:\/\/garrafeiragrandeescolha.pt\/it\/prodotto\/ventozelo-tinta-amarela-tinto-75cl\/","title":{"rendered":"Ventozelo Tinta Amarela Tinto 2020 75cl"},"content":{"rendered":"<p><img decoding=\"async\" class=\"size-medium wp-image-15068 aligncenter\" src=\"http:\/\/garrafeiragrandeescolha.pt\/wp-content\/uploads\/2022\/02\/ventozelo-logo-300x155.png\" alt=\"\" width=\"300\" height=\"155\" srcset=\"https:\/\/garrafeiragrandeescolha.pt\/wp-content\/uploads\/2022\/02\/ventozelo-logo-300x155.png 300w, https:\/\/garrafeiragrandeescolha.pt\/wp-content\/uploads\/2022\/02\/ventozelo-logo.png 400w\" sizes=\"(max-width: 300px) 100vw, 300px\" \/><\/p>\n<p>A Quinta de Ventozelo era terra cultivada pelos monges de Cister, grandes impulsionadores da agricultura local e fundadores do vinho do Porto, que povoaram a regi\u00e3o na Idade m\u00e9dia. A primeira refer\u00eancia hist\u00f3rica de Ventozelo data de 1288, mas por volta de 1500, por emprazamento ao mosteiro Cisterciense de S. Pedro das \u00c1guias, que entrou na posse dos fidalgos da Casa do Po\u00e7o, de Lamego, que a fundaram como Quinta.<br \/>\nEsta \u00e9 uma das maiores e mais antigas Quintas do Douro. Foi passando por diferentes m\u00e3os ao longo dos s\u00e9culos, m\u00e3os que a foram moldando e transformando at\u00e9 \u00e0quilo que \u00e9 hoje.<\/p>\n<p>Em 2014 a Quinta de Ventozelo foi adquirida pela Gran Cruz, a maior empresa exportadora de vinho do Porto em Portugal, que j\u00e1 transformava as suas uvas desde 2011.<br \/>\nA estrat\u00e9gia da Gran Cruz busca, desde esse momento, valorizar o enorme potencial da propriedade. Isto passa n\u00e3o s\u00f3 por trabalhar a riqueza e diversidade dos seus vinhos, mas tamb\u00e9m por apostar no azeite, no enoturismo e no turismo de natureza.<br \/>\nNum envolvimento total com este lugar e o seu terroir, todo o trabalho desenvolvido tem como principal foco privilegiar e preservar a sua simplicidade e autenticidade.<\/p>","protected":false},"excerpt":{"rendered":"<p>A Quinta de Ventozelo era terra cultivada pelos monges de Cister, grandes impulsionadores da agricultura local e fundadores do vinho do Porto, que povoaram a regi\u00e3o na Idade m\u00e9dia. A primeira refer\u00eancia hist\u00f3rica de Ventozelo data de 1288, mas por volta de 1500, por emprazamento ao mosteiro Cisterciense de S. Pedro das \u00c1guias, que entrou [&hellip;]<\/p>","protected":false},"featured_media":1233,"template":"","meta":{"_exactmetrics_skip_tracking":false,"_exactmetrics_sitenote_active":false,"_exactmetrics_sitenote_note":"","_exactmetrics_sitenote_category":0,"_uf_show_specific_survey":0,"_uf_disable_surveys":false,"iawp_total_views":2},"product_brand":[],"product_cat":[157,184,215],"product_tag":[],"class_list":{"0":"post-16872","1":"product","2":"type-product","3":"status-publish","4":"has-post-thumbnail","6":"product_cat-vinhos","7":"product_cat-tinto","8":"product_cat-douro","10":"first","11":"instock","12":"shipping-taxable","13":"purchasable","14":"product-type-simple"},"_links":{"self":[{"href":"https:\/\/garrafeiragrandeescolha.pt\/it\/wp-json\/wp\/v2\/product\/16872","targetHints":{"allow":["GET"]}}],"collection":[{"href":"https:\/\/garrafeiragrandeescolha.pt\/it\/wp-json\/wp\/v2\/product"}],"about":[{"href":"https:\/\/garrafeiragrandeescolha.pt\/it\/wp-json\/wp\/v2\/types\/product"}],"wp:featuredmedia":[{"embeddable":true,"href":"https:\/\/garrafeiragrandeescolha.pt\/it\/wp-json\/wp\/v2\/media\/1233"}],"wp:attachment":[{"href":"https:\/\/garrafeiragrandeescolha.pt\/it\/wp-json\/wp\/v2\/media?parent=16872"}],"wp:term":[{"taxonomy":"product_brand","embeddable":true,"href":"https:\/\/garrafeiragrandeescolha.pt\/it\/wp-json\/wp\/v2\/product_brand?post=16872"},{"taxonomy":"product_cat","embeddable":true,"href":"https:\/\/garrafeiragrandeescolha.pt\/it\/wp-json\/wp\/v2\/product_cat?post=16872"},{"taxonomy":"product_tag","embeddable":true,"href":"https:\/\/garrafeiragrandeescolha.pt\/it\/wp-json\/wp\/v2\/product_tag?post=16872"}],"curies":[{"name":"wp","href":"https:\/\/api.w.org\/{rel}","templated":true}]}}