{"id":17037,"date":"2023-01-12T18:32:49","date_gmt":"2023-01-12T18:32:49","guid":{"rendered":"https:\/\/garrafeiragrandeescolha.pt\/?post_type=product&#038;p=17037"},"modified":"2025-10-15T14:34:55","modified_gmt":"2025-10-15T14:34:55","slug":"quinta-do-mouro-tinto-2016-75cl","status":"publish","type":"product","link":"https:\/\/garrafeiragrandeescolha.pt\/it\/prodotto\/quinta-do-mouro-tinto-2016-75cl\/","title":{"rendered":"Quinta do Mouro Tinto 2016 75cl"},"content":{"rendered":"<p><img decoding=\"async\" class=\"size-medium wp-image-15435 aligncenter\" src=\"http:\/\/garrafeiragrandeescolha.pt\/wp-content\/uploads\/2022\/02\/Quinta-Mouro-Logo-300x144.png\" alt=\"\" width=\"300\" height=\"144\" srcset=\"https:\/\/garrafeiragrandeescolha.pt\/wp-content\/uploads\/2022\/02\/Quinta-Mouro-Logo-300x144.png 300w, https:\/\/garrafeiragrandeescolha.pt\/wp-content\/uploads\/2022\/02\/Quinta-Mouro-Logo.png 350w\" sizes=\"(max-width: 300px) 100vw, 300px\" \/><\/p>\n<p>A Quinta do Mouro est\u00e1 situada \u00e0s portas da cidade de Estremoz, e pertenceu por s\u00e9culos \u00e0 fam\u00edlia Zagalos, uma das mais abastadas da cidade. Esta original \u201cquinta\u201d no Alentejo, onde dominam as vastas herdades, possui uma casa apala\u00e7ada do s\u00e9c. XVIII, jardins encantadores, caramanch\u00f5es e tanques setecentistas. Em 1979, com apenas 26 anos, a sorte ditou o destino de Miguel Louro numa mesa de p\u00f3quer, entre amigos, ao surgir-lhe o dilema de comprar um Porsche ou a Quinta do Mouro. Os primeiros hectares de vinha seriam plantados em 1989, ap\u00f3s uma incurs\u00e3o falhada na pecu\u00e1ria, sendo hoje um dos mais ic\u00f3nicos produtores de vinho da regi\u00e3o.<\/p>\n<p>A Quinta do Mouro foi eleita o Melhor Produtor do Alentejo pela revista Wine em 2015.\u00a0 Nesse mesmo ano, na The Wine Advocate, o cr\u00edtico Mark Squires afirmou: \u00abTodas as provas que fiz no Alentejo s\u00f3 me levam a uma conclus\u00e3o. A Quinta do Mouro \u00e9 o melhor produtor da regi\u00e3o. \u00c9 imposs\u00edvel ignor\u00e1-lo\u00bb<\/p>\n<p><em>\u00ab \u2018Numa passagem por aqui, em 1978, vim ver esta quinta que estava \u00e0 venda. Isto ficou-me no olho, na ideia, mas eu na altura tinha 25 anos e tinha que arranjar dinheiro para compr\u00e1-la\u2026<\/em><em>\u00a0Fui sentar-me a uma mesa de p\u00f3quer, umas horas largas, na esperan\u00e7a de a sorte me dar os meios. E foi o que aconteceu\u2019.\u00a0 (\u2026)\u00a0<\/em><em>Deram, os cr\u00e9ditos da jogatina, para comprar a quinta e fazer obras\u2026\u00a0<\/em><em>Os meus amigos quando perdiam diziam: \u2018Pronto, \u2018l\u00e1 vai ele arranjar mais um bocado do telhado\u2019 \u00bb<\/em><\/p>","protected":false},"excerpt":{"rendered":"<p><strong>Caste:<\/strong> Aragonez, Alicante Bouschet, Touriga Nacional, Cabernet Sauvignon<\/p>\n<p><strong>Risultati del test:<\/strong>\u00a0Carregado na cor, \u00e9 um vinho de grande complexidade arom\u00e1tica. Na boca \u00e9 encorpado, com boa estrutura, excelente equil\u00edbrio de fruta muito pura e notas mais vegetais, e acima de tudo muita frescura, que dificilmente se encontra no Alentejo.<\/p>","protected":false},"featured_media":6930,"template":"","meta":{"_exactmetrics_skip_tracking":false,"_exactmetrics_sitenote_active":false,"_exactmetrics_sitenote_note":"","_exactmetrics_sitenote_category":0,"_uf_show_specific_survey":0,"_uf_disable_surveys":false,"iawp_total_views":44},"product_brand":[],"product_cat":[207,184,157],"product_tag":[],"class_list":{"0":"post-17037","1":"product","2":"type-product","3":"status-publish","4":"has-post-thumbnail","6":"product_cat-alentejo","7":"product_cat-tinto","8":"product_cat-vinhos","10":"first","11":"instock","12":"shipping-taxable","13":"purchasable","14":"product-type-simple"},"_links":{"self":[{"href":"https:\/\/garrafeiragrandeescolha.pt\/it\/wp-json\/wp\/v2\/product\/17037","targetHints":{"allow":["GET"]}}],"collection":[{"href":"https:\/\/garrafeiragrandeescolha.pt\/it\/wp-json\/wp\/v2\/product"}],"about":[{"href":"https:\/\/garrafeiragrandeescolha.pt\/it\/wp-json\/wp\/v2\/types\/product"}],"wp:featuredmedia":[{"embeddable":true,"href":"https:\/\/garrafeiragrandeescolha.pt\/it\/wp-json\/wp\/v2\/media\/6930"}],"wp:attachment":[{"href":"https:\/\/garrafeiragrandeescolha.pt\/it\/wp-json\/wp\/v2\/media?parent=17037"}],"wp:term":[{"taxonomy":"product_brand","embeddable":true,"href":"https:\/\/garrafeiragrandeescolha.pt\/it\/wp-json\/wp\/v2\/product_brand?post=17037"},{"taxonomy":"product_cat","embeddable":true,"href":"https:\/\/garrafeiragrandeescolha.pt\/it\/wp-json\/wp\/v2\/product_cat?post=17037"},{"taxonomy":"product_tag","embeddable":true,"href":"https:\/\/garrafeiragrandeescolha.pt\/it\/wp-json\/wp\/v2\/product_tag?post=17037"}],"curies":[{"name":"wp","href":"https:\/\/api.w.org\/{rel}","templated":true}]}}