{"id":17054,"date":"2023-01-14T12:01:09","date_gmt":"2023-01-14T12:01:09","guid":{"rendered":"https:\/\/garrafeiragrandeescolha.pt\/?post_type=product&#038;p=17054"},"modified":"2023-04-07T11:56:03","modified_gmt":"2023-04-07T11:56:03","slug":"quinta-do-paral-tinto-75cl","status":"publish","type":"product","link":"https:\/\/garrafeiragrandeescolha.pt\/it\/prodotto\/quinta-do-paral-tinto-75cl\/","title":{"rendered":"Quinta do Paral Tinto 2019 75cl"},"content":{"rendered":"<p><img decoding=\"async\" class=\"wp-image-17047 aligncenter\" src=\"http:\/\/garrafeiragrandeescolha.pt\/wp-content\/uploads\/2023\/01\/paral-logo-300x300.png\" alt=\"\" width=\"215\" height=\"215\" srcset=\"https:\/\/garrafeiragrandeescolha.pt\/wp-content\/uploads\/2023\/01\/paral-logo-300x300.png 300w, https:\/\/garrafeiragrandeescolha.pt\/wp-content\/uploads\/2023\/01\/paral-logo-150x150.png 150w, https:\/\/garrafeiragrandeescolha.pt\/wp-content\/uploads\/2023\/01\/paral-logo-12x12.png 12w, https:\/\/garrafeiragrandeescolha.pt\/wp-content\/uploads\/2023\/01\/paral-logo-100x100.png 100w, https:\/\/garrafeiragrandeescolha.pt\/wp-content\/uploads\/2023\/01\/paral-logo.png 600w\" sizes=\"(max-width: 215px) 100vw, 215px\" \/><\/p>\n<div class=\"elementor-element elementor-element-f375660 elementor-widget elementor-widget-text-editor animated fadeInUp\" data-id=\"f375660\" data-element_type=\"widget\" data-settings=\"{&quot;_animation&quot;:&quot;fadeInUp&quot;,&quot;_animation_delay&quot;:600}\" data-widget_type=\"text-editor.default\">\n<div class=\"elementor-widget-container\">\n<p>Quinta do Paral continua la sua storia, quando nel 2017 l&#039;imprenditore Dieter Morszeck ha acquistato 85 ettari di terreno in Alentejo.<\/p>\n<\/div>\n<\/div>\n<div class=\"elementor-element elementor-element-9c3ccb9 elementor-widget elementor-widget-text-editor animated fadeInUp\" data-id=\"9c3ccb9\" data-element_type=\"widget\" data-settings=\"{&quot;_animation&quot;:&quot;fadeInUp&quot;,&quot;_animation_delay&quot;:900}\" data-widget_type=\"text-editor.default\">\n<div class=\"elementor-widget-container\">\n<p>Riprogettata in collaborazione con l&#039;enologo Lu\u00eds Morgado Le\u00e3o, l&#039;attenzione dell&#039;azienda agricola \u00e8 la sostenibilit\u00e0 ambientale e il rispetto della cultura e della tradizione dell&#039;Alentejo.<\/p>\n<p>La preservazione della cultura del vino dell&#039;Alentejo e di Vidigueira \u00e8 ci\u00f2 che guida il progetto Quinta do Paral.<\/p>\n<p>Qui vengono prodotti vini unici e ottimi oli d&#039;oliva. Assapora le tradizioni dell&#039;Alentejo in un ristorante di alto livello e riposa in un affascinante hotel con 21 camere.<\/p>\n<p>Quinta do Paral \u00e8 un&#039;azienda familiare che restituisce al mondo la tradizione vinicola e l&#039;anima della regione, in ogni bottiglia che produce.<\/p>\n<\/div>\n<\/div>","protected":false},"excerpt":{"rendered":"<p>Castas: Touriga Franca, Touriga Nacional, Petit Verdot e Petite Syrah<\/p>\n<p>Ap\u00f3s sele\u00e7\u00e3o manual de cachos inteiros, as uvas desenga\u00e7adas fermentam em cuba de em inox com temperatura controlada (24-28\u00ba), seguida de fermenta\u00e7\u00e3o malol\u00e1ctica.<\/p>\n<p>NOTAS PROVA No aroma destacam-se os frutos silvestres, amoras e framboesas. Na boca mostra-se cheio e redondo, um perfeito equil\u00edbrio entre corpo, taninos e acidez. Termina amplo e apetec\u00edvel.<\/p>","protected":false},"featured_media":17055,"template":"","meta":{"_exactmetrics_skip_tracking":false,"_exactmetrics_sitenote_active":false,"_exactmetrics_sitenote_note":"","_exactmetrics_sitenote_category":0,"_uf_show_specific_survey":0,"_uf_disable_surveys":false,"iawp_total_views":5},"product_brand":[],"product_cat":[157,184,207],"product_tag":[],"class_list":{"0":"post-17054","1":"product","2":"type-product","3":"status-publish","4":"has-post-thumbnail","6":"product_cat-vinhos","7":"product_cat-tinto","8":"product_cat-alentejo","10":"first","11":"instock","12":"shipping-taxable","13":"purchasable","14":"product-type-simple"},"_links":{"self":[{"href":"https:\/\/garrafeiragrandeescolha.pt\/it\/wp-json\/wp\/v2\/product\/17054","targetHints":{"allow":["GET"]}}],"collection":[{"href":"https:\/\/garrafeiragrandeescolha.pt\/it\/wp-json\/wp\/v2\/product"}],"about":[{"href":"https:\/\/garrafeiragrandeescolha.pt\/it\/wp-json\/wp\/v2\/types\/product"}],"wp:featuredmedia":[{"embeddable":true,"href":"https:\/\/garrafeiragrandeescolha.pt\/it\/wp-json\/wp\/v2\/media\/17055"}],"wp:attachment":[{"href":"https:\/\/garrafeiragrandeescolha.pt\/it\/wp-json\/wp\/v2\/media?parent=17054"}],"wp:term":[{"taxonomy":"product_brand","embeddable":true,"href":"https:\/\/garrafeiragrandeescolha.pt\/it\/wp-json\/wp\/v2\/product_brand?post=17054"},{"taxonomy":"product_cat","embeddable":true,"href":"https:\/\/garrafeiragrandeescolha.pt\/it\/wp-json\/wp\/v2\/product_cat?post=17054"},{"taxonomy":"product_tag","embeddable":true,"href":"https:\/\/garrafeiragrandeescolha.pt\/it\/wp-json\/wp\/v2\/product_tag?post=17054"}],"curies":[{"name":"wp","href":"https:\/\/api.w.org\/{rel}","templated":true}]}}