{"id":17110,"date":"2023-01-19T09:02:29","date_gmt":"2023-01-19T09:02:29","guid":{"rendered":"https:\/\/garrafeiragrandeescolha.pt\/?post_type=product&#038;p=17110"},"modified":"2023-10-24T18:19:11","modified_gmt":"2023-10-24T18:19:11","slug":"quinta-do-sanguinhal-reserva-20-years-70cl","status":"publish","type":"product","link":"https:\/\/garrafeiragrandeescolha.pt\/it\/prodotto\/quinta-do-sanguinhal-reserva-20-years-70cl\/","title":{"rendered":"Quinta do Sanguinhal Reserva 20 Years 70cl"},"content":{"rendered":"<p><img fetchpriority=\"high\" decoding=\"async\" class=\"size-medium wp-image-17114 aligncenter\" src=\"http:\/\/garrafeiragrandeescolha.pt\/wp-content\/uploads\/2023\/01\/sanguinhal-logo-300x300.jpg\" alt=\"\" width=\"300\" height=\"300\" srcset=\"https:\/\/garrafeiragrandeescolha.pt\/wp-content\/uploads\/2023\/01\/sanguinhal-logo-300x300.jpg 300w, https:\/\/garrafeiragrandeescolha.pt\/wp-content\/uploads\/2023\/01\/sanguinhal-logo-150x150.jpg 150w, https:\/\/garrafeiragrandeescolha.pt\/wp-content\/uploads\/2023\/01\/sanguinhal-logo-12x12.jpg 12w, https:\/\/garrafeiragrandeescolha.pt\/wp-content\/uploads\/2023\/01\/sanguinhal-logo-100x100.jpg 100w, https:\/\/garrafeiragrandeescolha.pt\/wp-content\/uploads\/2023\/01\/sanguinhal-logo.jpg 499w\" sizes=\"(max-width: 300px) 100vw, 300px\" \/><\/p>\n<p>A Companhia Agr\u00edcola do Sanguinhal dedica-se desde 1928 \u00e0 explora\u00e7\u00e3o de 3 Quintas na Regi\u00e3o Demarcada de \u00d3bidos que perfazem 100 ha de vinha: Quinta do Sanguinhal, Quinta das Cerejeiras e Quinta de S. Francisco.<\/p>\n<p>Os nomes destas Quintas representam os vinhos DOC mais prestigiados desta empresa familiar, onde hoje existe uma equipa coesa, formada pela nova gera\u00e7\u00e3o da fam\u00edlia Pereira da Fonseca e por um grupo de pessoas empenhadas em modernizar, inovar e sobretudo, agradar ao consumidor mais exigente.<\/p>\n<p>A nossa miss\u00e3o \u00e9 produzir vinhos tranquilos, vinhos licorosos e aguardentes, que celebrem e sustentem a singularidade de Portugal, contribuindo sempre para um futuro melhor, principalmente na regi\u00e3o onde opera.<\/p>","protected":false},"excerpt":{"rendered":"<div class=\"product-details__product-attributes\">\n<div class=\"details-product-attribute\"><span class=\"details-product-attribute__title\">Teor Alcoolico:\u00a0<\/span><span class=\"details-product-attribute__value\">40%<\/span><\/div>\n<div class=\"details-product-attribute\"><span class=\"details-product-attribute__title\">Alerg\u00e9nicos:\u00a0<\/span><span class=\"details-product-attribute__value\">Contem Sulfitos<\/span><\/div>\n<\/div>\n<div id=\"productDescription\" class=\"product-details__product-description\">\n<div>\n<p>Clima:\u00a0Atl\u00e2ntico<\/p>\n<p><span class=\"sub-tit-contactos\">Caste:<\/span>\u00a0Boal Alicante e Malvasia Rei<\/p>\n<p><span class=\"sub-tit-contactos\">Cor:<\/span>\u00a0Marrom Dourado<\/p>\n<p><span class=\"sub-tit-contactos\">Aroma:<\/span>\u00a0Notas poderosas de fumo, com notas de mel e tangerina.\u00a0Muito frutado e fumado<\/p>\n<p><span class=\"sub-tit-contactos\">Prova:<\/span>\u00a0Elegante, com notas fortes de madeira, com um final persistente, suave e aveludado<\/p>\n<p><span class=\"sub-tit-contactos\">Sugest\u00f5es de Consumo:<\/span>\u00a0Para ser servido no final de uma boa refei\u00e7\u00e3o, acompanhando um caf\u00e9 e um bom charuto.<\/p>\n<p>Pr\u00eamios e cr\u00edticas: GOLD ISW \u2013 MEININGERS SPIRIT AWARDS<\/p>\n<\/div>\n<\/div>","protected":false},"featured_media":17111,"template":"","meta":{"_exactmetrics_skip_tracking":false,"_exactmetrics_sitenote_active":false,"_exactmetrics_sitenote_note":"","_exactmetrics_sitenote_category":0,"_uf_show_specific_survey":0,"_uf_disable_surveys":false,"iawp_total_views":12},"product_brand":[],"product_cat":[158,180],"product_tag":[],"class_list":{"0":"post-17110","1":"product","2":"type-product","3":"status-publish","4":"has-post-thumbnail","6":"product_cat-espirituosos","7":"product_cat-aguardente","9":"first","10":"instock","11":"shipping-taxable","12":"purchasable","13":"product-type-simple"},"_links":{"self":[{"href":"https:\/\/garrafeiragrandeescolha.pt\/it\/wp-json\/wp\/v2\/product\/17110","targetHints":{"allow":["GET"]}}],"collection":[{"href":"https:\/\/garrafeiragrandeescolha.pt\/it\/wp-json\/wp\/v2\/product"}],"about":[{"href":"https:\/\/garrafeiragrandeescolha.pt\/it\/wp-json\/wp\/v2\/types\/product"}],"wp:featuredmedia":[{"embeddable":true,"href":"https:\/\/garrafeiragrandeescolha.pt\/it\/wp-json\/wp\/v2\/media\/17111"}],"wp:attachment":[{"href":"https:\/\/garrafeiragrandeescolha.pt\/it\/wp-json\/wp\/v2\/media?parent=17110"}],"wp:term":[{"taxonomy":"product_brand","embeddable":true,"href":"https:\/\/garrafeiragrandeescolha.pt\/it\/wp-json\/wp\/v2\/product_brand?post=17110"},{"taxonomy":"product_cat","embeddable":true,"href":"https:\/\/garrafeiragrandeescolha.pt\/it\/wp-json\/wp\/v2\/product_cat?post=17110"},{"taxonomy":"product_tag","embeddable":true,"href":"https:\/\/garrafeiragrandeescolha.pt\/it\/wp-json\/wp\/v2\/product_tag?post=17110"}],"curies":[{"name":"wp","href":"https:\/\/api.w.org\/{rel}","templated":true}]}}