{"id":17124,"date":"2023-01-19T11:42:40","date_gmt":"2023-01-19T11:42:40","guid":{"rendered":"https:\/\/garrafeiragrandeescolha.pt\/?post_type=product&#038;p=17124"},"modified":"2023-01-19T11:50:16","modified_gmt":"2023-01-19T11:50:16","slug":"marel-tinto-75cl","status":"publish","type":"product","link":"https:\/\/garrafeiragrandeescolha.pt\/it\/prodotto\/marel-tinto-75cl\/","title":{"rendered":"Marel Tinto 75cl"},"content":{"rendered":"<p><img decoding=\"async\" class=\"size-medium wp-image-17122 aligncenter\" src=\"http:\/\/garrafeiragrandeescolha.pt\/wp-content\/uploads\/2023\/01\/adega-marel-logo-1-300x121.png\" alt=\"\" width=\"300\" height=\"121\" srcset=\"https:\/\/garrafeiragrandeescolha.pt\/wp-content\/uploads\/2023\/01\/adega-marel-logo-1-300x121.png 300w, https:\/\/garrafeiragrandeescolha.pt\/wp-content\/uploads\/2023\/01\/adega-marel-logo-1-18x7.png 18w, https:\/\/garrafeiragrandeescolha.pt\/wp-content\/uploads\/2023\/01\/adega-marel-logo-1.png 339w\" sizes=\"(max-width: 300px) 100vw, 300px\" \/><\/p>\n<p>Situata nel Baixo Alentejo, sulla riva sinistra del Guadiana, la regione dell&#039;Amareleja presenta, per le sue caratteristiche climatiche e geomorfologiche, condizioni uniche, particolarmente impegnative per la coltivazione della vite e del vino. In questo territorio dalle ampie escursioni termiche e dalle estati lunghe e intensamente calde, nel corso della storia, diversi popoli ne hanno riconosciuto il potenziale agricolo, soprattutto per la produzione di vino e olivo. Si presume che siano stati i Tartesso i primi ad addomesticare la vite e successivamente a introdurre il vino nella regione. Seguirono poi i Fenici, i Greci e solo successivamente i Romani \u2013 che arrivarono a generalizzare la cultura del vino e della vite nell&#039;Alentejo.<\/p>\n<p>Il segno dell&#039;antica saggezza dell&#039;Impero Romano rimane, oggi, sia nella pratica tradizionale della vinificazione, sia nella tecnica di vinificazione in vasi di terracotta.<\/p>","protected":false},"excerpt":{"rendered":"<p>Castas: Alicante Bouschet,\u00a0Aragonez,\u00a0Touriga-Nacional e Trincadeira<\/p>\n<p>Visualmente, apresenta uma cor rubi granada intensa, viol\u00e1cea e brilhante. No aroma tem notas ricas e concentradas de fruta madura, ameixa (Aragonez), florais (Touriga-Nacional), fruta preta madura (Alicante-Bouschet e Trincadeira). Aroma limpo e de boa exuber\u00e2ncia. Na boca, tem um \u00f3ptimo equil\u00edbrio, apresentando uma acidez viva e um bom volume de boca. \u00c9 rico e texturado, terminando longo e agrad\u00e1vel.<\/p>\n<p>Dada a sua intensidade, jovialidade e equil\u00edbrio \u00e1cido, torna-se vers\u00e1til \u00e0 mesa! Acompanha pratos de charcutaria, queijos de ovelha de meia cura e carnes grelhadas ou de forno. Massas e pizzas tamb\u00e9m se adequam bem a este perfil.<\/p>","protected":false},"featured_media":17125,"template":"","meta":{"_exactmetrics_skip_tracking":false,"_exactmetrics_sitenote_active":false,"_exactmetrics_sitenote_note":"","_exactmetrics_sitenote_category":0,"_uf_show_specific_survey":0,"_uf_disable_surveys":false,"iawp_total_views":14},"product_brand":[],"product_cat":[157,184,207],"product_tag":[],"class_list":{"0":"post-17124","1":"product","2":"type-product","3":"status-publish","4":"has-post-thumbnail","6":"product_cat-vinhos","7":"product_cat-tinto","8":"product_cat-alentejo","10":"first","11":"instock","12":"shipping-taxable","13":"purchasable","14":"product-type-simple"},"_links":{"self":[{"href":"https:\/\/garrafeiragrandeescolha.pt\/it\/wp-json\/wp\/v2\/product\/17124","targetHints":{"allow":["GET"]}}],"collection":[{"href":"https:\/\/garrafeiragrandeescolha.pt\/it\/wp-json\/wp\/v2\/product"}],"about":[{"href":"https:\/\/garrafeiragrandeescolha.pt\/it\/wp-json\/wp\/v2\/types\/product"}],"wp:featuredmedia":[{"embeddable":true,"href":"https:\/\/garrafeiragrandeescolha.pt\/it\/wp-json\/wp\/v2\/media\/17125"}],"wp:attachment":[{"href":"https:\/\/garrafeiragrandeescolha.pt\/it\/wp-json\/wp\/v2\/media?parent=17124"}],"wp:term":[{"taxonomy":"product_brand","embeddable":true,"href":"https:\/\/garrafeiragrandeescolha.pt\/it\/wp-json\/wp\/v2\/product_brand?post=17124"},{"taxonomy":"product_cat","embeddable":true,"href":"https:\/\/garrafeiragrandeescolha.pt\/it\/wp-json\/wp\/v2\/product_cat?post=17124"},{"taxonomy":"product_tag","embeddable":true,"href":"https:\/\/garrafeiragrandeescolha.pt\/it\/wp-json\/wp\/v2\/product_tag?post=17124"}],"curies":[{"name":"wp","href":"https:\/\/api.w.org\/{rel}","templated":true}]}}