{"id":17161,"date":"2023-01-21T10:46:22","date_gmt":"2023-01-21T10:46:22","guid":{"rendered":"https:\/\/garrafeiragrandeescolha.pt\/?post_type=product&#038;p=17161"},"modified":"2024-11-13T10:03:13","modified_gmt":"2024-11-13T10:03:13","slug":"maritavora-no-4-reserva-tinto-biologico-75cl","status":"publish","type":"product","link":"https:\/\/garrafeiragrandeescolha.pt\/it\/prodotto\/maritavora-no-4-reserva-tinto-biologico-75cl\/","title":{"rendered":"Marit\u00e1vora n\u00ba 4 Reserva Tinto Biol\u00f3gico 2012 75cl"},"content":{"rendered":"<p><img fetchpriority=\"high\" decoding=\"async\" class=\"size-full wp-image-15059 aligncenter\" src=\"http:\/\/garrafeiragrandeescolha.pt\/wp-content\/uploads\/2022\/02\/maritavora-logo.png\" alt=\"\" width=\"253\" height=\"199\" \/><\/p>\n<div class=\"title-subtitle-box\">\n<p>150 anni di storia e tradizione<\/p>\n<\/div>\n<div class=\"wpb_text_column wpb_content_element\">\n<div class=\"wpb_wrapper\">\n<p>Benvenuti a Quinta de Marit\u00e1vora, dove storia e tradizione convivono armoniosamente con arte e innovazione. L\u2019esperienza secolare \u00e8 alla base del nostro lavoro ed \u00e8 con impegno e dedizione che tracciamo il nostro percorso verso un futuro di eccellenza.<\/p>\n<p>Lasciati trasportare dalla bellezza del paesaggio del Douro Internacional che accoglie cos\u00ec bene i nostri vigneti e lasciati sedurre dall&#039;aroma e dal sapore dei nostri vini biologici.<\/p>\n<p>Quinta de Marit\u00e1vora produce vini Porto e Douro DOC, bianchi e rossi. Jorge Ser\u00f4dio Borges \u00e8 l&#039;enologo responsabile dei vini e della supervisione della viticoltura.<\/p>\n<\/div>\n<\/div>","protected":false},"excerpt":{"rendered":"<p><img decoding=\"async\" class=\"alignnone size-full wp-image-15124\" src=\"http:\/\/garrafeiragrandeescolha.pt\/wp-content\/uploads\/2020\/04\/bio.jpg\" alt=\"\" width=\"80\" height=\"53\" \/><\/p>\n<p>Castas: Touriga Nacional (40%) Touriga Franca (30%), Tinta Roriz (20%) entre outras (10%).<\/p>\n<p>Est\u00e1gio: 18 meses em barricas novas de carvalho franc\u00eas.<\/p>\n<p>Este vinho foi elaborado com uvas das castas Touriga Nacional, Tinta Roriz, Touriga Franca e outras, provenientes de vinhas com idades compreendidas entre 15 e 50 anos. Fermentou em lagares de pedra com pisa a p\u00e9. Estagiou 18 meses em barricas de carvalho franc\u00eas.<\/p>","protected":false},"featured_media":901,"template":"","meta":{"_exactmetrics_skip_tracking":false,"_exactmetrics_sitenote_active":false,"_exactmetrics_sitenote_note":"","_exactmetrics_sitenote_category":0,"_uf_show_specific_survey":0,"_uf_disable_surveys":false,"iawp_total_views":6},"product_brand":[],"product_cat":[215,184,157],"product_tag":[],"class_list":{"0":"post-17161","1":"product","2":"type-product","3":"status-publish","4":"has-post-thumbnail","6":"product_cat-douro","7":"product_cat-tinto","8":"product_cat-vinhos","10":"first","11":"instock","12":"shipping-taxable","13":"purchasable","14":"product-type-simple"},"_links":{"self":[{"href":"https:\/\/garrafeiragrandeescolha.pt\/it\/wp-json\/wp\/v2\/product\/17161","targetHints":{"allow":["GET"]}}],"collection":[{"href":"https:\/\/garrafeiragrandeescolha.pt\/it\/wp-json\/wp\/v2\/product"}],"about":[{"href":"https:\/\/garrafeiragrandeescolha.pt\/it\/wp-json\/wp\/v2\/types\/product"}],"wp:featuredmedia":[{"embeddable":true,"href":"https:\/\/garrafeiragrandeescolha.pt\/it\/wp-json\/wp\/v2\/media\/901"}],"wp:attachment":[{"href":"https:\/\/garrafeiragrandeescolha.pt\/it\/wp-json\/wp\/v2\/media?parent=17161"}],"wp:term":[{"taxonomy":"product_brand","embeddable":true,"href":"https:\/\/garrafeiragrandeescolha.pt\/it\/wp-json\/wp\/v2\/product_brand?post=17161"},{"taxonomy":"product_cat","embeddable":true,"href":"https:\/\/garrafeiragrandeescolha.pt\/it\/wp-json\/wp\/v2\/product_cat?post=17161"},{"taxonomy":"product_tag","embeddable":true,"href":"https:\/\/garrafeiragrandeescolha.pt\/it\/wp-json\/wp\/v2\/product_tag?post=17161"}],"curies":[{"name":"wp","href":"https:\/\/api.w.org\/{rel}","templated":true}]}}