{"id":17295,"date":"2023-02-07T12:52:35","date_gmt":"2023-02-07T12:52:35","guid":{"rendered":"https:\/\/garrafeiragrandeescolha.pt\/?post_type=product&#038;p=17295"},"modified":"2026-02-20T17:51:22","modified_gmt":"2026-02-20T17:51:22","slug":"macanita-tinto-douro-75cl","status":"publish","type":"product","link":"https:\/\/garrafeiragrandeescolha.pt\/it\/prodotto\/macanita-tinto-douro-75cl\/","title":{"rendered":"Ma\u00e7anita Tinto Douro 75cl"},"content":{"rendered":"<p><img decoding=\"async\" class=\"size-full wp-image-15336 aligncenter\" src=\"http:\/\/garrafeiragrandeescolha.pt\/wp-content\/uploads\/2022\/02\/macanita-logo.png\" alt=\"\" width=\"235\" height=\"100\" \/><\/p>\n<div class=\"col-sm-6 mb-sm-50 mb-xs-30\">\n<p>Anticonformista, dirompente, scomodo, audace, inquieto, estasiante. Questi sono alcuni degli aggettivi non consensuali che possono definire sia Ant\u00f3nio Ma\u00e7anita, enologo e consulente, sia i vini su cui mette le mani. Ant\u00f3nio Ma\u00e7anita, oggi 39enne, ha iniziato nel mondo del vino nel 2000, nelle Azzorre, ma \u00e8 solo nel 2004, all&#039;et\u00e0 di 23 anni, che ha realizzato il suo primo vino. Durante i suoi 15 anni di carriera, ha recuperato vitigni abbandonati, come il Negra Mole, in Algarve, e il Terrantez do Pico, nelle Azzorre.<br \/>\nLaddove gli altri non vedono futuro, Ant\u00f3nio vede una sfida. Prendiamo l&#039;esempio del vino Branco de Tintas, il primo imbottigliato in Portogallo, un vino di protesta dell&#039;Alentejo, sviluppato nel 2008 quando la CVRA decise di consentire l&#039;acquisto di uve bianche al di fuori della regione. Altro debutto degno di nota, Branco de Talha, nel 2010, primo anche lui in Portogallo nel suo genere, nel recupero di una tradizione enologica creata dai romani e che ha visto in questo decennio una rinascita esponenziale. Ma \u00e8 forse nelle Azzorre che la rivoluzione \u00e8 pi\u00f9 visibile, le uve delle Azzorre sono oggi le pi\u00f9 costose del Portogallo, dove attualmente si combatte la battaglia per legalizzare l\u2019uso dei vigneti aromatici, \u201cbellissimi vigneti, alcuni di oltre 150 anni\u201d , come li descrive Ma\u00e7anita, con visibile orgoglio ed entusiasmo.<\/p>\n<\/div>\n<div class=\"col-sm-6 mb-sm-50 mb-xs-30\">\n<p>\u00c8 stato nel 2018 che Ant\u00f3nio Ma\u00e7anita ha vinto sia il titolo di Enologo dell&#039;anno dalla Revista dos Vinhos che il Premio Singularidade 2018 della rivista Grandes Escolhas. Ma fin dal suo primo vino, l&#039;enologo ha vinto un premio: il vino PRETA 2004 ha vinto il Trofeo Alentejo, all&#039;International Wine Challenge. Sempre nel 2016, Ant\u00f3nio Ma\u00e7anita ha ricevuto il Trofeo Enologo Generazione XXI 10 anni 2006-2016 dalla rivista Paix\u00e3o do Vinho. Nello stesso anno, Revista Wine ha preso in considerazione l&#039;Azienda Vinicola delle Azzorre. Produttore di rivelazioni. Nel 2016, l&#039;Azienda Vinicola delle Azzorre e i suoi tre soci hanno vinto i premi Progetto dell&#039;anno e Imprenditore dell&#039;anno nella rivista 100 Maiores Empresas dos A\u00e7ores, del quotidiano A\u00e7oriano Oriental \u2013 il pi\u00f9 antico quotidiano del Portogallo. Due anni dopo, la Revista de Vinhos ha scelto Vinha Centen\u00e1ria, della Azores Wine Company, come uno dei migliori vini del Portogallo 2018. Tutti i vini firmati Ant\u00f3nio Ma\u00e7anita, siano essi dell&#039;Alentejo, del Douro o delle Azzorre, ottengono spesso pi\u00f9 di 90 punti nella Wine Advocate di Robert Parker, la classificazione dei vini pi\u00f9 rilevante al mondo.<br \/>\nAnt\u00f3nio Ma\u00e7anita produce vini in cinque diverse regioni, ha creato tre progetti di produzione propri, attraverso la sua societ\u00e0 di consulenza supporta 12 produttori e lancia ogni anno sul mercato pi\u00f9 di 50 etichette esclusive.<\/p>\n<\/div>","protected":false},"excerpt":{"rendered":"<p>CASTAS: Sous\u00e3o,\u00a0Touriga Nacional,\u00a0Vinhas Velhas<\/p>\n<p>De cor ruby violeta concentrada, nariz intenso e maduro com notas florais de fruto preto. Encorpado, redondo e com boa persist\u00eancia.<\/p>","protected":false},"featured_media":17296,"template":"","meta":{"_exactmetrics_skip_tracking":false,"_exactmetrics_sitenote_active":false,"_exactmetrics_sitenote_note":"","_exactmetrics_sitenote_category":0,"_uf_show_specific_survey":0,"_uf_disable_surveys":false,"iawp_total_views":47},"product_brand":[],"product_cat":[215,184,157],"product_tag":[],"class_list":{"0":"post-17295","1":"product","2":"type-product","3":"status-publish","4":"has-post-thumbnail","6":"product_cat-douro","7":"product_cat-tinto","8":"product_cat-vinhos","10":"first","11":"instock","12":"shipping-taxable","13":"purchasable","14":"product-type-simple"},"_links":{"self":[{"href":"https:\/\/garrafeiragrandeescolha.pt\/it\/wp-json\/wp\/v2\/product\/17295","targetHints":{"allow":["GET"]}}],"collection":[{"href":"https:\/\/garrafeiragrandeescolha.pt\/it\/wp-json\/wp\/v2\/product"}],"about":[{"href":"https:\/\/garrafeiragrandeescolha.pt\/it\/wp-json\/wp\/v2\/types\/product"}],"wp:featuredmedia":[{"embeddable":true,"href":"https:\/\/garrafeiragrandeescolha.pt\/it\/wp-json\/wp\/v2\/media\/17296"}],"wp:attachment":[{"href":"https:\/\/garrafeiragrandeescolha.pt\/it\/wp-json\/wp\/v2\/media?parent=17295"}],"wp:term":[{"taxonomy":"product_brand","embeddable":true,"href":"https:\/\/garrafeiragrandeescolha.pt\/it\/wp-json\/wp\/v2\/product_brand?post=17295"},{"taxonomy":"product_cat","embeddable":true,"href":"https:\/\/garrafeiragrandeescolha.pt\/it\/wp-json\/wp\/v2\/product_cat?post=17295"},{"taxonomy":"product_tag","embeddable":true,"href":"https:\/\/garrafeiragrandeescolha.pt\/it\/wp-json\/wp\/v2\/product_tag?post=17295"}],"curies":[{"name":"wp","href":"https:\/\/api.w.org\/{rel}","templated":true}]}}