{"id":17354,"date":"2023-02-24T11:18:56","date_gmt":"2023-02-24T11:18:56","guid":{"rendered":"https:\/\/garrafeiragrandeescolha.pt\/?post_type=product&#038;p=17354"},"modified":"2024-02-02T19:05:49","modified_gmt":"2024-02-02T19:05:49","slug":"kelman-touriga-nacional-75-cl","status":"publish","type":"product","link":"https:\/\/garrafeiragrandeescolha.pt\/it\/prodotto\/kelman-touriga-nacional-75-cl\/","title":{"rendered":"Kelman Touriga Nacional Tinto 75cl"},"content":{"rendered":"<p><img decoding=\"async\" class=\"size-full wp-image-17355 aligncenter\" src=\"http:\/\/garrafeiragrandeescolha.pt\/wp-content\/uploads\/2023\/02\/Kelman_brand_edited.webp\" alt=\"\" width=\"101\" height=\"51\" srcset=\"https:\/\/garrafeiragrandeescolha.pt\/wp-content\/uploads\/2023\/02\/Kelman_brand_edited.webp 101w, https:\/\/garrafeiragrandeescolha.pt\/wp-content\/uploads\/2023\/02\/Kelman_brand_edited-18x9.webp 18w\" sizes=\"(max-width: 101px) 100vw, 101px\" \/><\/p>\n<p class=\"font_8\">A Quinta da Fam\u00edlia Kelman est\u00e1 localizada em Nelas, no cora\u00e7\u00e3o da regi\u00e3o do D\u00e3o. \u00c9 na pra\u00e7a desta cidade\u00a0que se realiza a feira do vinho do D\u00e3o, em setembro de cada ano. Nelas abriga ainda o\u00a0Centro de Estudos Vitivin\u00edcolas do D\u00e3o, famoso pela longevidade de seus vinhos.<\/p>\n<p class=\"font_8\">A vinha tem 6 hectares que foram plantados no ano 2000 com castas tradicionais, das quais a Touriga Nacional representa cerca de 50%. Mais recentemente, 1,5 hectares de vinhas velhas foram incorporados \u00e0 propriedade. A altitude m\u00e9dia \u00e9 de 430 metros. O declive suave e o solo arenoso (granito decomposto) proporcionam uma boa drenagem. A precipita\u00e7\u00e3o \u00e9 de 900 mm \/ ano, concentrada principalmente no inverno. A temperatura varia de pr\u00f3ximo a zero no inverno at\u00e9 30 graus Celsius ou mais durante o ver\u00e3o. A amplitude da temperatura diurna \u00e9 elevada (os dias podem ser quentes, mas noites s\u00e3o sempre frescas). As condi\u00e7\u00f5es s\u00e3o ideais para o amadurecimento gradual da uva e a frescura dos vinhos.<\/p>\n<p class=\"font_8\">Da vinha \u00e9 poss\u00edvel distinguir a serra do Caramulo e a vila de Vilar Seco. A vinha fica a 20 km de Viseu, 90 km de Coimbra, 120 km do Porto e 280 km de Lisboa. O acesso pode ser feito por carro ou comboio (itiner\u00e1rio Lisboa-Nelas).<\/p>","protected":false},"excerpt":{"rendered":"<p>Fruta delicada bem t\u00edpica da casta. Predominam as notas florais tipo violeta e toques de compota de fruta negra madura e notas doces e minerais. Na boca apresenta-se com volume, estrutura e boa acidez. Final agrad\u00e1vel e persistente, ressaltando a complexidade de aromas.<\/p>","protected":false},"featured_media":17356,"template":"","meta":{"_exactmetrics_skip_tracking":false,"_exactmetrics_sitenote_active":false,"_exactmetrics_sitenote_note":"","_exactmetrics_sitenote_category":0,"_uf_show_specific_survey":0,"_uf_disable_surveys":false,"iawp_total_views":29},"product_brand":[],"product_cat":[157,184,187],"product_tag":[],"class_list":{"0":"post-17354","1":"product","2":"type-product","3":"status-publish","4":"has-post-thumbnail","6":"product_cat-vinhos","7":"product_cat-tinto","8":"product_cat-dao-tinto","10":"first","11":"instock","12":"shipping-taxable","13":"purchasable","14":"product-type-simple"},"_links":{"self":[{"href":"https:\/\/garrafeiragrandeescolha.pt\/it\/wp-json\/wp\/v2\/product\/17354","targetHints":{"allow":["GET"]}}],"collection":[{"href":"https:\/\/garrafeiragrandeescolha.pt\/it\/wp-json\/wp\/v2\/product"}],"about":[{"href":"https:\/\/garrafeiragrandeescolha.pt\/it\/wp-json\/wp\/v2\/types\/product"}],"wp:featuredmedia":[{"embeddable":true,"href":"https:\/\/garrafeiragrandeescolha.pt\/it\/wp-json\/wp\/v2\/media\/17356"}],"wp:attachment":[{"href":"https:\/\/garrafeiragrandeescolha.pt\/it\/wp-json\/wp\/v2\/media?parent=17354"}],"wp:term":[{"taxonomy":"product_brand","embeddable":true,"href":"https:\/\/garrafeiragrandeescolha.pt\/it\/wp-json\/wp\/v2\/product_brand?post=17354"},{"taxonomy":"product_cat","embeddable":true,"href":"https:\/\/garrafeiragrandeescolha.pt\/it\/wp-json\/wp\/v2\/product_cat?post=17354"},{"taxonomy":"product_tag","embeddable":true,"href":"https:\/\/garrafeiragrandeescolha.pt\/it\/wp-json\/wp\/v2\/product_tag?post=17354"}],"curies":[{"name":"wp","href":"https:\/\/api.w.org\/{rel}","templated":true}]}}