{"id":17519,"date":"2023-04-14T18:18:15","date_gmt":"2023-04-14T18:18:15","guid":{"rendered":"https:\/\/garrafeiragrandeescolha.pt\/?post_type=product&#038;p=17519"},"modified":"2025-08-09T11:35:36","modified_gmt":"2025-08-09T11:35:36","slug":"porto-croft-fine-tawny-miniatura-5cl","status":"publish","type":"product","link":"https:\/\/garrafeiragrandeescolha.pt\/it\/prodotto\/porto-croft-fine-tawny-miniatura-5cl\/","title":{"rendered":"Croft Fine Tawny Porto in miniatura 5cl"},"content":{"rendered":"<p><img decoding=\"async\" class=\"size-full wp-image-16519 aligncenter\" src=\"http:\/\/garrafeiragrandeescolha.pt\/wp-content\/uploads\/2022\/10\/croft-logo.png\" alt=\"\" width=\"232\" height=\"162\" srcset=\"https:\/\/garrafeiragrandeescolha.pt\/wp-content\/uploads\/2022\/10\/croft-logo.png 232w, https:\/\/garrafeiragrandeescolha.pt\/wp-content\/uploads\/2022\/10\/croft-logo-18x12.png 18w\" sizes=\"(max-width: 232px) 100vw, 232px\" \/><\/p>\n<p>Il marchio Croft \u00e8 una delle case produttrici di vino di Porto pi\u00f9 illustri. Fondata nel 1588, \u00e8 la pi\u00f9 antica azienda operativa della zona ed \u00e8 particolarmente nota per i suoi vini Porto Vintage, la sua gamma di vini Porto Riserva invecchiati in legno e anche i suoi Tawnies, stili che durano nel tempo grazie all&#039;abilit\u00e0 e all&#039;esperienza che \u00e8 stata tramandato di generazione in generazione.<\/p>\n<p>Tuttavia, nonostante il suo ricco patrimonio e la sua storia che abbraccia pi\u00f9 di quattro secoli, Croft non \u00e8 mai stata limitata dalla sua tradizione. Oggi, come in passato, mantiene uno spirito pioneristico, continuando a creare stili innovativi, come Croft Pink, il primo vino Porto ros\u00e9. Dietro ogni grande produttore di vino c&#039;\u00e8 un grande vigneto. La pietra angolare dello stile distintivo della casa Croft \u00e8 la famosa Quinta da Ro\u00eada, descritta come il gioiello delle tenute vinicole di Porto. I vini di questa magnifica tenuta, che contiene alcuni dei vigneti pi\u00f9 antichi della regione del Douro, costituiscono il cuore della miscela Vintage Port di Croft.<\/p>\n<p>Importante quanto la sua storia, le sue tradizioni e i suoi vigneti, Croft continua ad essere un&#039;azienda a conduzione familiare, dedita alla produzione di tutti gli stili dei migliori vini di Porto, dai corposi vini di Porto Riserva agli iconici vini di Porto Vintage, molto apprezzati sia dagli intenditori che dai collezionisti. .<\/p>","protected":false},"excerpt":{"rendered":"<p>A marca Croft \u00e9 uma das mais ilustres de todas as casas produtoras de vinho do Porto. Fundada em 1588, \u00e9 a empresa em actividade mais antiga da \u00e1rea e \u00e9 particularmente conhecida pelos seus vinhos do Porto Vintage, pela sua gama de vinhos do Porto Reserva envelhecidos em madeira e tamb\u00e9m pelos seus Tawnies, [&hellip;]<\/p>","protected":false},"featured_media":17520,"template":"","meta":{"_exactmetrics_skip_tracking":false,"_exactmetrics_sitenote_active":false,"_exactmetrics_sitenote_note":"","_exactmetrics_sitenote_category":0,"_uf_show_specific_survey":0,"_uf_disable_surveys":false,"iawp_total_views":19},"product_brand":[],"product_cat":[159,173],"product_tag":[],"class_list":{"0":"post-17519","1":"product","2":"type-product","3":"status-publish","4":"has-post-thumbnail","6":"product_cat-portos","7":"product_cat-tawny-ruby","9":"first","10":"instock","11":"sold-individually","12":"shipping-taxable","13":"purchasable","14":"product-type-simple"},"_links":{"self":[{"href":"https:\/\/garrafeiragrandeescolha.pt\/it\/wp-json\/wp\/v2\/product\/17519","targetHints":{"allow":["GET"]}}],"collection":[{"href":"https:\/\/garrafeiragrandeescolha.pt\/it\/wp-json\/wp\/v2\/product"}],"about":[{"href":"https:\/\/garrafeiragrandeescolha.pt\/it\/wp-json\/wp\/v2\/types\/product"}],"wp:featuredmedia":[{"embeddable":true,"href":"https:\/\/garrafeiragrandeescolha.pt\/it\/wp-json\/wp\/v2\/media\/17520"}],"wp:attachment":[{"href":"https:\/\/garrafeiragrandeescolha.pt\/it\/wp-json\/wp\/v2\/media?parent=17519"}],"wp:term":[{"taxonomy":"product_brand","embeddable":true,"href":"https:\/\/garrafeiragrandeescolha.pt\/it\/wp-json\/wp\/v2\/product_brand?post=17519"},{"taxonomy":"product_cat","embeddable":true,"href":"https:\/\/garrafeiragrandeescolha.pt\/it\/wp-json\/wp\/v2\/product_cat?post=17519"},{"taxonomy":"product_tag","embeddable":true,"href":"https:\/\/garrafeiragrandeescolha.pt\/it\/wp-json\/wp\/v2\/product_tag?post=17519"}],"curies":[{"name":"wp","href":"https:\/\/api.w.org\/{rel}","templated":true}]}}