{"id":17600,"date":"2023-05-03T14:51:56","date_gmt":"2023-05-03T14:51:56","guid":{"rendered":"https:\/\/garrafeiragrandeescolha.pt\/?post_type=product&#038;p=17600"},"modified":"2024-08-21T16:34:45","modified_gmt":"2024-08-21T16:34:45","slug":"zulmira-superior-branco-2018-75cl","status":"publish","type":"product","link":"https:\/\/garrafeiragrandeescolha.pt\/it\/prodotto\/zulmira-superior-branco-2018-75cl\/","title":{"rendered":"Zulmira Superiore Bianco 2018 75cl"},"content":{"rendered":"<p>&nbsp;<\/p>\n<p>O VINHO VERDE ZULMIRA \u00e9 produzido com uvas de uma pequena quinta situada em Santo Tirso, no norte de Portugal. Originariamente integrada, a partir de 1724, no vasto patrim\u00f3nio dos monges Beneditinos, situada na margem do rio Ave e detentora de um encanto natural, esta quinta era, \u00e0 \u00e9poca, utilizada pelos seus propriet\u00e1rios como um local resguardado, destinado ao repouso, ora\u00e7\u00e3o e contempla\u00e7\u00e3o. Segundoos registos mon\u00e1sticos,j\u00e1 na altura se plantava vinha, bem como castanheiros, oliveiras e outras \u00e1rvores de fruta. O espa\u00e7o murado \u00e9 encimado por um port\u00e3o comuma pequena est\u00e1tua de S. Bento, ao qual a lenda atribui poderes milagrosos.<\/p>\n<p>Muitos anos decorridos, Zulmira foi a mulher que, no s\u00e9culo passado, por motivos afetivos e emocionais, optou por esta propriedade na heran\u00e7a de seus pais com o objetivo de dela usufruir, de a cuidar e proteger de forma compat\u00edvel com a sua longa hist\u00f3ria. E \u00e9 em honra dessa grande mulher que nunca desistiu da quinta e da sua vinha, que o vinho \u00e9 registado com o seu nome, ZULMIRA.<\/p>\n<p>Hoje, cabe \u00e0 sua filha e netas dar continuidade \u00e0 tradi\u00e7\u00e3o e partilhar convosco a especial qualidade, textura e eleg\u00e2ncia deste VINHO?VERDE?ZULMIRA.<\/p>","protected":false},"excerpt":{"rendered":"<p>O VINHO VERDE ZULMIRA teve a sua primeira entrada em mercado com a colheita de 2017, atrav\u00e9s de uma produ\u00e7\u00e3o limitada e de operadores selecionados e referenciados. O VINHO VERDE ZULMIRA, oriundo de uma pequena propriedade familiar em Santo Tirso, \u00e9 um vinho verde de alta qualidade, realizado sob a responsabilidade de um conceituado en\u00f3logo, o Eng.\u00ba Ant\u00f3nio Sousa, e combinando de forma feliz castas de Loureiro e Arinto. Na primeira cr\u00edtica profissional que recebeu, \u00e9 descrito como \u201cum vinho de aroma delicado e fino, muito expressivo, elegante, com leve do\u00e7ura frutada compensada por boa acidez. Leve, mas cheio de sabor e com muita frescura.\u201d\u00a0<em>(in: \u201cGrandes Escolhas\u201d, Set. 2018)<\/em><em>.<\/em><\/p>\n<p>A defesa intransigente da qualidade reflete-se n\u00e3o s\u00f3 no produto mas tamb\u00e9m na forma como o VINHO VERDE ZULMIRA se apresenta ao consumidor, por via de uma garrafa cuidada e de um r\u00f3tulo e embalagem desenhados por Henrique Cayatte a partir de gravura original de Armanda Passos.<\/p>\n<p>O VINHO VERDE ZULMIRA \u00e9 leve e delicado, possui uma textura e uma eleg\u00e2ncia especiais e evoca bem a personalidade de Zulmira, a mulher que inspirou o seu nome. Transportando-vos para um dia quente debaixo das ramadas e libertando uma sensa\u00e7\u00e3o de conforto, este vinho acompanha particularmente bem peixe, marisco, queijos ou saladas, deve ser servido frio e, acima de tudo, bebido em boa companhia.<\/p>\n<p>O VINHO VERDE ZULMIRA \u00e9 j\u00e1 poss\u00edvel de encontrar em diversos restaurantes selecionados de entre os de maior refer\u00eancia no Pa\u00eds.<\/p>","protected":false},"featured_media":17601,"template":"","meta":{"_exactmetrics_skip_tracking":false,"_exactmetrics_sitenote_active":false,"_exactmetrics_sitenote_note":"","_exactmetrics_sitenote_category":0,"_uf_show_specific_survey":0,"_uf_disable_surveys":false,"iawp_total_views":95},"product_brand":[],"product_cat":[185,157,206],"product_tag":[],"class_list":{"0":"post-17600","1":"product","2":"type-product","3":"status-publish","4":"has-post-thumbnail","6":"product_cat-branco","7":"product_cat-vinhos","8":"product_cat-vinhos-verdes","10":"first","11":"instock","12":"featured","13":"shipping-taxable","14":"purchasable","15":"product-type-simple"},"_links":{"self":[{"href":"https:\/\/garrafeiragrandeescolha.pt\/it\/wp-json\/wp\/v2\/product\/17600","targetHints":{"allow":["GET"]}}],"collection":[{"href":"https:\/\/garrafeiragrandeescolha.pt\/it\/wp-json\/wp\/v2\/product"}],"about":[{"href":"https:\/\/garrafeiragrandeescolha.pt\/it\/wp-json\/wp\/v2\/types\/product"}],"wp:featuredmedia":[{"embeddable":true,"href":"https:\/\/garrafeiragrandeescolha.pt\/it\/wp-json\/wp\/v2\/media\/17601"}],"wp:attachment":[{"href":"https:\/\/garrafeiragrandeescolha.pt\/it\/wp-json\/wp\/v2\/media?parent=17600"}],"wp:term":[{"taxonomy":"product_brand","embeddable":true,"href":"https:\/\/garrafeiragrandeescolha.pt\/it\/wp-json\/wp\/v2\/product_brand?post=17600"},{"taxonomy":"product_cat","embeddable":true,"href":"https:\/\/garrafeiragrandeescolha.pt\/it\/wp-json\/wp\/v2\/product_cat?post=17600"},{"taxonomy":"product_tag","embeddable":true,"href":"https:\/\/garrafeiragrandeescolha.pt\/it\/wp-json\/wp\/v2\/product_tag?post=17600"}],"curies":[{"name":"wp","href":"https:\/\/api.w.org\/{rel}","templated":true}]}}