{"id":17804,"date":"2023-08-09T15:40:30","date_gmt":"2023-08-09T15:40:30","guid":{"rendered":"https:\/\/garrafeiragrandeescolha.pt\/?post_type=product&#038;p=17804"},"modified":"2025-05-05T11:44:05","modified_gmt":"2025-05-05T11:44:05","slug":"quinta-da-touriga-cha-rosso-2015-75cl","status":"publish","type":"product","link":"https:\/\/garrafeiragrandeescolha.pt\/it\/prodotto\/quinta-da-touriga-cha-rosso-2015-75cl\/","title":{"rendered":"Quinta da Touriga Ch\u00e3 Rosso 2015 75cl"},"content":{"rendered":"<p><img decoding=\"async\" class=\"size-medium wp-image-15398 aligncenter\" src=\"http:\/\/garrafeiragrandeescolha.pt\/wp-content\/uploads\/2022\/02\/qta-touriga-cha-logo-300x157.gif\" alt=\"\" width=\"300\" height=\"157\" \/><\/p>\n<p>Dopo aver dedicato circa 50 anni della sua vita alla vinificazione del Douro e pochi anni prima di morire, Jos\u00e9 Ant\u00f3nio Castro Ramos Pinto Rosas, ha deciso di realizzare il suo ultimo sogno, quello di creare la \u201cfattoria perfetta\u201d per la produzione di vini di Porto e Douro.<br \/>\nDopo uno studio lungo e approfondito della Regione delimitata del Douro e con l&#039;aiuto di carte topografiche, Jos\u00e9 Rosas ha trovato una propriet\u00e0 di circa 20 ettari, nel Douro Superiore, vicino a Vila Nova de Foz C\u00f4a, che, per le sue caratteristiche (ubicazione, altitudine , esposizione solare, suoli, ecc.), riteneva presentasse le condizioni ideali per produrre vini di qualit\u00e0 superiore.<br \/>\nAcquist\u00f2 la propriet\u00e0 agli inizi degli anni &#039;90 e all&#039;et\u00e0 di 72 anni decise di mettere a frutto tutto il know-how acquisito nel corso della sua carriera. Impiant\u00f2 un vigneto di circa 8,5 ettari, con variet\u00e0 selezionate (selezione massale), su un terreno molto duro, scistoso e \u201cvergine\u201d dove prima non era mai esistito questo tipo di coltura.<br \/>\nLa decisione (l&#039;unica finora) di impiantare un&#039;azienda agricola con circa 80% di Touriga Nacional, ha portato JARPR a \u201cbattezzare\u201d l&#039;azienda agricola con il nome Touriga. Sebbene questa variet\u00e0 sia molto improduttiva, Jos\u00e9 Rosas la considerava gi\u00e0 una delle pi\u00f9 nobili della regione per la qualit\u00e0 dei vini che ne derivavano.<br \/>\nIl resto \u00e8 stato piantato con la variet\u00e0 Tinta Roriz.<br \/>\nOggi Quinta da Touriga \u00e8 gestita dal figlio Jorge, che ha deciso di seguire il sogno del padre dando un nuovo impulso alla storia della propriet\u00e0. Nel 2004 ha completato la costruzione di una moderna cantina, che nel 2006 ha vinto il primo premio al \u201cPremio di Architettura del Douro\u201d. Attualmente si vinificano quantit\u00e0 limitate di due vini a Denominazione di Origine Controllata Douro, Puro e Quinta da Touriga-Ch\u00e3, oggi riconosciuto dalla stampa specializzata come uno dei migliori vini prodotti nella Regione Demarcata.<\/p>","protected":false},"excerpt":{"rendered":"<p>Depois de ter dedicado cerca 50 anos da sua vida \u00e0 vitivinicultura Duriense e poucos anos antes de falecer, Jos\u00e9 Ant\u00f3nio Castro Ramos Pinto Rosas, decidiu concretizar o seu \u00faltimo sonho, o de realizar a \u201cquinta perfeita\u201d para a produ\u00e7\u00e3o de Vinhos do Porto e Douro. Ap\u00f3s um longo e detalhado estudo da Regi\u00e3o Demarcada [&hellip;]<\/p>","protected":false},"featured_media":1213,"template":"","meta":{"_exactmetrics_skip_tracking":false,"_exactmetrics_sitenote_active":false,"_exactmetrics_sitenote_note":"","_exactmetrics_sitenote_category":0,"_uf_show_specific_survey":0,"_uf_disable_surveys":false,"iawp_total_views":17},"product_brand":[],"product_cat":[162,157,201,184,215],"product_tag":[],"class_list":{"0":"post-17804","1":"product","2":"type-product","3":"status-publish","4":"has-post-thumbnail","6":"product_cat-raridades","7":"product_cat-vinhos","8":"product_cat-grandes-vinhos","9":"product_cat-tinto","10":"product_cat-douro","12":"first","13":"instock","14":"shipping-taxable","15":"purchasable","16":"product-type-simple"},"_links":{"self":[{"href":"https:\/\/garrafeiragrandeescolha.pt\/it\/wp-json\/wp\/v2\/product\/17804","targetHints":{"allow":["GET"]}}],"collection":[{"href":"https:\/\/garrafeiragrandeescolha.pt\/it\/wp-json\/wp\/v2\/product"}],"about":[{"href":"https:\/\/garrafeiragrandeescolha.pt\/it\/wp-json\/wp\/v2\/types\/product"}],"wp:featuredmedia":[{"embeddable":true,"href":"https:\/\/garrafeiragrandeescolha.pt\/it\/wp-json\/wp\/v2\/media\/1213"}],"wp:attachment":[{"href":"https:\/\/garrafeiragrandeescolha.pt\/it\/wp-json\/wp\/v2\/media?parent=17804"}],"wp:term":[{"taxonomy":"product_brand","embeddable":true,"href":"https:\/\/garrafeiragrandeescolha.pt\/it\/wp-json\/wp\/v2\/product_brand?post=17804"},{"taxonomy":"product_cat","embeddable":true,"href":"https:\/\/garrafeiragrandeescolha.pt\/it\/wp-json\/wp\/v2\/product_cat?post=17804"},{"taxonomy":"product_tag","embeddable":true,"href":"https:\/\/garrafeiragrandeescolha.pt\/it\/wp-json\/wp\/v2\/product_tag?post=17804"}],"curies":[{"name":"wp","href":"https:\/\/api.w.org\/{rel}","templated":true}]}}