{"id":17809,"date":"2023-08-10T17:51:17","date_gmt":"2023-08-10T17:51:17","guid":{"rendered":"https:\/\/garrafeiragrandeescolha.pt\/?post_type=product&#038;p=17809"},"modified":"2026-03-04T18:14:29","modified_gmt":"2026-03-04T18:14:29","slug":"mouchao-tinto-2015-75cl","status":"publish","type":"product","link":"https:\/\/garrafeiragrandeescolha.pt\/it\/prodotto\/mouchao-tinto-2015-75cl\/","title":{"rendered":"Mouch\u00e3o Tinto 2015 75cl"},"content":{"rendered":"<p><img fetchpriority=\"high\" decoding=\"async\" class=\"size-medium wp-image-15368 aligncenter\" src=\"http:\/\/garrafeiragrandeescolha.pt\/wp-content\/uploads\/2022\/02\/mouchao-logo-300x225.jpg\" alt=\"\" width=\"300\" height=\"225\" srcset=\"https:\/\/garrafeiragrandeescolha.pt\/wp-content\/uploads\/2022\/02\/mouchao-logo-300x225.jpg 300w, https:\/\/garrafeiragrandeescolha.pt\/wp-content\/uploads\/2022\/02\/mouchao-logo-768x576.jpg 768w, https:\/\/garrafeiragrandeescolha.pt\/wp-content\/uploads\/2022\/02\/mouchao-logo-600x450.jpg 600w, https:\/\/garrafeiragrandeescolha.pt\/wp-content\/uploads\/2022\/02\/mouchao-logo.jpg 800w\" sizes=\"(max-width: 300px) 100vw, 300px\" \/><\/p>\n<p>\u00c9 o vinho de refer\u00eancia da herdade, desde que se engarrafou a primeira colheita em 1949, e que reflecte o temperamento singular da adega. O vinho Mouch\u00e3o nasce sobretudo das melhores uvas Alicante Bouschet, enquanto que o restante lote \u00e9 encontrado na selec\u00e7\u00e3o de outras castas tais como a habitue Trincadeira, da famosa Vinha dos Carapetos, e da Aragon\u00eas que, por vezes, tamb\u00e9m \u00e9 convidada. Esta feliz combina\u00e7\u00e3o resulta num vinho cheio de personalidade, com aroma perfumado, fresco e muito elegante.<\/p>\n<p>Depois da vindima \u00e0 m\u00e3o, as uvas seguem em pequenos cestos at\u00e9 \u00e0 adega, onde, ap\u00f3s uma experiente pisa a p\u00e9 em lagares de pedra e fermenta\u00e7\u00e3o, o Mouch\u00e3o repousa em ton\u00e9is de carvalho portugu\u00eas, macaca\u00faba e mogno durante pelo menos tr\u00eas anos. Cresce assim em toda a sua intensidade, car\u00e1cter e robustez, mas ainda ter\u00e1 de amadurecer em garrafa por mais dois anos.<\/p>","protected":false},"excerpt":{"rendered":"<p>O vinho Mouch\u00e3o apresenta uma cor profunda, concentrada, e tem um car\u00e1cter vincado pelas especiarias. A sua estrutura de taninos \u00fanica potencia um longo envelhecimento em garrafa, podendo melhorar significativamente em guarda por duas d\u00e9cadas, ou at\u00e9 mais tempo.<\/p>","protected":false},"featured_media":940,"template":"","meta":{"_exactmetrics_skip_tracking":false,"_exactmetrics_sitenote_active":false,"_exactmetrics_sitenote_note":"","_exactmetrics_sitenote_category":0,"_uf_show_specific_survey":0,"_uf_disable_surveys":false,"iawp_total_views":59},"product_brand":[],"product_cat":[162,157,201,184,207],"product_tag":[],"class_list":{"0":"post-17809","1":"product","2":"type-product","3":"status-publish","4":"has-post-thumbnail","6":"product_cat-raridades","7":"product_cat-vinhos","8":"product_cat-grandes-vinhos","9":"product_cat-tinto","10":"product_cat-alentejo","12":"first","13":"instock","14":"shipping-taxable","15":"purchasable","16":"product-type-simple"},"_links":{"self":[{"href":"https:\/\/garrafeiragrandeescolha.pt\/it\/wp-json\/wp\/v2\/product\/17809","targetHints":{"allow":["GET"]}}],"collection":[{"href":"https:\/\/garrafeiragrandeescolha.pt\/it\/wp-json\/wp\/v2\/product"}],"about":[{"href":"https:\/\/garrafeiragrandeescolha.pt\/it\/wp-json\/wp\/v2\/types\/product"}],"wp:featuredmedia":[{"embeddable":true,"href":"https:\/\/garrafeiragrandeescolha.pt\/it\/wp-json\/wp\/v2\/media\/940"}],"wp:attachment":[{"href":"https:\/\/garrafeiragrandeescolha.pt\/it\/wp-json\/wp\/v2\/media?parent=17809"}],"wp:term":[{"taxonomy":"product_brand","embeddable":true,"href":"https:\/\/garrafeiragrandeescolha.pt\/it\/wp-json\/wp\/v2\/product_brand?post=17809"},{"taxonomy":"product_cat","embeddable":true,"href":"https:\/\/garrafeiragrandeescolha.pt\/it\/wp-json\/wp\/v2\/product_cat?post=17809"},{"taxonomy":"product_tag","embeddable":true,"href":"https:\/\/garrafeiragrandeescolha.pt\/it\/wp-json\/wp\/v2\/product_tag?post=17809"}],"curies":[{"name":"wp","href":"https:\/\/api.w.org\/{rel}","templated":true}]}}