{"id":17862,"date":"2023-09-16T10:06:14","date_gmt":"2023-09-16T10:06:14","guid":{"rendered":"https:\/\/garrafeiragrandeescolha.pt\/?post_type=product&#038;p=17862"},"modified":"2023-11-06T16:37:34","modified_gmt":"2023-11-06T16:37:34","slug":"titular-encruzado-malvasia-fina-branco-2015-75cl","status":"publish","type":"product","link":"https:\/\/garrafeiragrandeescolha.pt\/it\/prodotto\/titular-encruzado-malvasia-fina-branco-2015-75cl\/","title":{"rendered":"Titular Encruzado Reserva Branco 2021 75cl"},"content":{"rendered":"<p><img fetchpriority=\"high\" decoding=\"async\" class=\"size-medium wp-image-15813 aligncenter\" src=\"http:\/\/garrafeiragrandeescolha.pt\/wp-content\/uploads\/2020\/04\/LOGO-Caminhos-cruzados-300x187.jpg\" alt=\"\" width=\"300\" height=\"187\" srcset=\"https:\/\/garrafeiragrandeescolha.pt\/wp-content\/uploads\/2020\/04\/LOGO-Caminhos-cruzados-300x187.jpg 300w, https:\/\/garrafeiragrandeescolha.pt\/wp-content\/uploads\/2020\/04\/LOGO-Caminhos-cruzados-1024x637.jpg 1024w, https:\/\/garrafeiragrandeescolha.pt\/wp-content\/uploads\/2020\/04\/LOGO-Caminhos-cruzados-768x478.jpg 768w, https:\/\/garrafeiragrandeescolha.pt\/wp-content\/uploads\/2020\/04\/LOGO-Caminhos-cruzados-18x12.jpg 18w, https:\/\/garrafeiragrandeescolha.pt\/wp-content\/uploads\/2020\/04\/LOGO-Caminhos-cruzados-600x373.jpg 600w, https:\/\/garrafeiragrandeescolha.pt\/wp-content\/uploads\/2020\/04\/LOGO-Caminhos-cruzados.jpg 1355w\" sizes=\"(max-width: 300px) 100vw, 300px\" \/><\/p>\n<p>Caminhos Cruzados nasce dall&#039;iniziativa e dalla volont\u00e0 della famiglia Santos, nata a Nelas, determinata a tornare alle proprie origini per investire in un&#039;antica passione, il vino D\u00e3o. Cos\u00ec, nel 2012, \u00e8 nata un&#039;azienda familiare, gestita da L\u00edgia Santos, che ha scambiato Lisbona e la legge con il vino e si \u00e8 diretta a Nelas per dirigere le sorti del progetto. I suoi vini sono ottenuti da uve prodotte internamente e da produttori selezionati, riconosciuti per la loro qualit\u00e0 e l&#039;eccellenza dei vitigni, tutti nella regione del D\u00e3o.<\/p>\n<p>La filosofia dell&#039;azienda si basa sulla produzione di vini di qualit\u00e0, con un aspetto di tradizione combinato con il modernismo e la costante differenziazione che il mercato richiede, \u00e8 in questo contesto che i vini Caminhos Cruzados emergono come \u201cO Novo D\u00e3o?.<\/p>\n<p>Il nome deriva dal pensiero della famiglia secondo cui la vita non segue sempre percorsi rettilinei e che, al contrario, esistono percorsi pi\u00f9 atipici che ci portano in posti incredibili. Il motto \u00e8 che ogni volta che due strade si incrociano pu\u00f2 succedere qualcosa di fantastico, come accade attualmente con i membri della famiglia, con background ed esperienze diverse, le cui strade si incrociano nel progetto.<\/p>\n<p>Nel 2015, Caminhos Cruzados \u00e8 stato premiato come \u201cBreakthrough Producer 2015? da Revista de Vinhos, fornendo ancora un&#039;altra motivazione per continuare a produrre vini unici.<\/p>\n<p>L&#039;azienda (vigneti e cantina) \u00e8 situata nella zona di D\u00e3o, pi\u00f9 precisamente a Nelas. Nel 2017 \u00e8 stata inaugurata la nuova cantina, dall&#039;architettura audace ed emergente dai vigneti di Quinta da Teixuga. La Cantina si ispira al logo aziendale, due linee che si intersecano e si integrano perfettamente nell&#039;ambiente. \u00c8 attento all&#039;estetica e anche alla sostenibilit\u00e0 e consente la pratica dell&#039;enoturismo.<\/p>","protected":false},"excerpt":{"rendered":"<p>Encruzado, a grande casta branca do D\u00e3o, aqui com parte do lote fermentado em barricas de carvalho franc\u00eas. Grande frescura e mineralidade a que se alia uma enorme capacidade de evolu\u00e7\u00e3o positiva em garrafa.<\/p>\n<p>Surpreende pela sua frescura, mineral, folha de limoeiro e notas de ervas arom\u00e1ticas. Em boca revela acidez bem integrada, sensa\u00e7\u00e3o mineral e citrina, com final de boca fresco.<\/p>\n<p>Muito vers\u00e1til, do mar \u00e0 terra. Peixe Grelhado, Aves no Forno, Caldeiradas e Queijos de pasta mole.<\/p>","protected":false},"featured_media":18095,"template":"","meta":{"_exactmetrics_skip_tracking":false,"_exactmetrics_sitenote_active":false,"_exactmetrics_sitenote_note":"","_exactmetrics_sitenote_category":0,"_uf_show_specific_survey":0,"_uf_disable_surveys":false,"iawp_total_views":15},"product_brand":[],"product_cat":[157,185,209],"product_tag":[],"class_list":{"0":"post-17862","1":"product","2":"type-product","3":"status-publish","4":"has-post-thumbnail","6":"product_cat-vinhos","7":"product_cat-branco","8":"product_cat-dao","10":"first","11":"instock","12":"shipping-taxable","13":"purchasable","14":"product-type-simple"},"_links":{"self":[{"href":"https:\/\/garrafeiragrandeescolha.pt\/it\/wp-json\/wp\/v2\/product\/17862","targetHints":{"allow":["GET"]}}],"collection":[{"href":"https:\/\/garrafeiragrandeescolha.pt\/it\/wp-json\/wp\/v2\/product"}],"about":[{"href":"https:\/\/garrafeiragrandeescolha.pt\/it\/wp-json\/wp\/v2\/types\/product"}],"wp:featuredmedia":[{"embeddable":true,"href":"https:\/\/garrafeiragrandeescolha.pt\/it\/wp-json\/wp\/v2\/media\/18095"}],"wp:attachment":[{"href":"https:\/\/garrafeiragrandeescolha.pt\/it\/wp-json\/wp\/v2\/media?parent=17862"}],"wp:term":[{"taxonomy":"product_brand","embeddable":true,"href":"https:\/\/garrafeiragrandeescolha.pt\/it\/wp-json\/wp\/v2\/product_brand?post=17862"},{"taxonomy":"product_cat","embeddable":true,"href":"https:\/\/garrafeiragrandeescolha.pt\/it\/wp-json\/wp\/v2\/product_cat?post=17862"},{"taxonomy":"product_tag","embeddable":true,"href":"https:\/\/garrafeiragrandeescolha.pt\/it\/wp-json\/wp\/v2\/product_tag?post=17862"}],"curies":[{"name":"wp","href":"https:\/\/api.w.org\/{rel}","templated":true}]}}