{"id":18171,"date":"2023-11-12T18:17:41","date_gmt":"2023-11-12T18:17:41","guid":{"rendered":"https:\/\/garrafeiragrandeescolha.pt\/?post_type=product&#038;p=18171"},"modified":"2023-11-12T18:23:25","modified_gmt":"2023-11-12T18:23:25","slug":"porto-warres-otima-colheita-1992-75cl","status":"publish","type":"product","link":"https:\/\/garrafeiragrandeescolha.pt\/it\/prodotto\/porto-warres-otima-colheita-1992-75cl\/","title":{"rendered":"Porto Warre&#8217;s Otima Colheita 1992 75cl"},"content":{"rendered":"<p><img decoding=\"async\" class=\"size-full wp-image-16865 aligncenter\" src=\"http:\/\/garrafeiragrandeescolha.pt\/wp-content\/uploads\/2022\/11\/warres-logo.png\" alt=\"\" width=\"190\" height=\"144\" srcset=\"https:\/\/garrafeiragrandeescolha.pt\/wp-content\/uploads\/2022\/11\/warres-logo.png 190w, https:\/\/garrafeiragrandeescolha.pt\/wp-content\/uploads\/2022\/11\/warres-logo-16x12.png 16w\" sizes=\"(max-width: 190px) 100vw, 190px\" \/>Por 350 anos, a Warre&#8217;s tem sido pioneira no com\u00e9rcio de vinho do Porto, desde avan\u00e7os na vin\u00edcola at\u00e9 pesquisas vit\u00edcolas.\u00a0Foi uma das primeiras casas de Vinho do Porto a construir uma estalagem em Vila Nova de Gaia no s\u00e9culo XVIII, onde \u2013 ainda hoje \u2013 os seus vinhos envelhecem sem perturba\u00e7\u00f5es at\u00e9 ao momento do engarrafamento.<br \/>\nEste esp\u00edrito pioneiro, combinado com um profundo respeito pelo patrim\u00f4nio e tradi\u00e7\u00e3o, formam uma combina\u00e7\u00e3o \u00fanica que coloca a Warre&#8217;s firmemente no centro da hist\u00f3ria do com\u00e9rcio de Vinho do Porto ao comemorar seu 350\u00ba anivers\u00e1rio.<\/p>\n<p>Warre&#8217;s \u00e9 sin\u00f3nimo da hist\u00f3ria dos ingleses no Porto.\u00a0N\u00e3o s\u00f3 William Warre serviu como C\u00f4nsul Brit\u00e2nico no Porto, como o seu famoso descendente (outro\u00a0William Warre\u00a0) lutou como oficial na Guerra Peninsular contra Napole\u00e3o sob o comando do Duque de Wellington, a quem tamb\u00e9m mantinha abastecido com Vinho do Porto.\u00a0A fam\u00edlia Symington, produtores de Vinho do Porto de 5\u00aa gera\u00e7\u00e3o, administra a Warre&#8217;s h\u00e1 mais de 100 anos e continua a impulsion\u00e1-la at\u00e9 hoje.<\/p>","protected":false},"excerpt":{"rendered":"<p>Por 350 anos, a Warre&#8217;s tem sido pioneira no com\u00e9rcio de vinho do Porto, desde avan\u00e7os na vin\u00edcola at\u00e9 pesquisas vit\u00edcolas.\u00a0Foi uma das primeiras casas de Vinho do Porto a construir uma estalagem em Vila Nova de Gaia no s\u00e9culo XVIII, onde \u2013 ainda hoje \u2013 os seus vinhos envelhecem sem perturba\u00e7\u00f5es at\u00e9 ao momento [&hellip;]<\/p>","protected":false},"featured_media":18172,"template":"","meta":{"_exactmetrics_skip_tracking":false,"_exactmetrics_sitenote_active":false,"_exactmetrics_sitenote_note":"","_exactmetrics_sitenote_category":0,"_uf_show_specific_survey":0,"_uf_disable_surveys":false,"iawp_total_views":29},"product_brand":[],"product_cat":[167,159],"product_tag":[],"class_list":{"0":"post-18171","1":"product","2":"type-product","3":"status-publish","4":"has-post-thumbnail","6":"product_cat-colheita","7":"product_cat-portos","9":"first","10":"instock","11":"shipping-taxable","12":"purchasable","13":"product-type-simple"},"_links":{"self":[{"href":"https:\/\/garrafeiragrandeescolha.pt\/it\/wp-json\/wp\/v2\/product\/18171","targetHints":{"allow":["GET"]}}],"collection":[{"href":"https:\/\/garrafeiragrandeescolha.pt\/it\/wp-json\/wp\/v2\/product"}],"about":[{"href":"https:\/\/garrafeiragrandeescolha.pt\/it\/wp-json\/wp\/v2\/types\/product"}],"wp:featuredmedia":[{"embeddable":true,"href":"https:\/\/garrafeiragrandeescolha.pt\/it\/wp-json\/wp\/v2\/media\/18172"}],"wp:attachment":[{"href":"https:\/\/garrafeiragrandeescolha.pt\/it\/wp-json\/wp\/v2\/media?parent=18171"}],"wp:term":[{"taxonomy":"product_brand","embeddable":true,"href":"https:\/\/garrafeiragrandeescolha.pt\/it\/wp-json\/wp\/v2\/product_brand?post=18171"},{"taxonomy":"product_cat","embeddable":true,"href":"https:\/\/garrafeiragrandeescolha.pt\/it\/wp-json\/wp\/v2\/product_cat?post=18171"},{"taxonomy":"product_tag","embeddable":true,"href":"https:\/\/garrafeiragrandeescolha.pt\/it\/wp-json\/wp\/v2\/product_tag?post=18171"}],"curies":[{"name":"wp","href":"https:\/\/api.w.org\/{rel}","templated":true}]}}