{"id":18425,"date":"2023-12-11T11:51:25","date_gmt":"2023-12-11T11:51:25","guid":{"rendered":"https:\/\/garrafeiragrandeescolha.pt\/?post_type=product&#038;p=18425"},"modified":"2023-12-11T11:52:25","modified_gmt":"2023-12-11T11:52:25","slug":"intuicao-tinto-2020-75cl","status":"publish","type":"product","link":"https:\/\/garrafeiragrandeescolha.pt\/it\/prodotto\/intuicao-tinto-2020-75cl\/","title":{"rendered":"Intui\u00e7\u00e3o Tinto 2020 75cl"},"content":{"rendered":"<p>A Figueirinha, adquirida em 1998 pelo Comendador Leonel Cameirinha, e hoje sob a gest\u00e3o do neto Filipe Cameirinha Ramos, \u00e9 uma empresa de fam\u00edlia situada no cora\u00e7\u00e3o do Alentejo e, como tal, \u00e9 fiel \u00e0s suas ra\u00edzes alentejanas.<br \/>\n\u00c9 por isso que une tr\u00eas gera\u00e7\u00f5es em torno da terra, da agricultura e da paix\u00e3o pela cultura do vinho e do azeite.<\/p>\n<p>Considerada a \u00e1rvore da generosidade e plenitude, com propriedades protetoras, fecundantes e regeneradoras.<br \/>\nS\u00edmbolo de calor e do mediterr\u00e2neo concede, generosamente, o seu nome \u00e0 Herdade e sombra \u00e0 sua gente.<\/p>\n<p>A Herdade avista-se ao longo de 300 hectares de plan\u00edcies coloridas, mas s\u00e3o a vinha, o olival e o amendoal os verdadeiros amores deste projeto.<\/p>\n<p>O projeto abra\u00e7a o ecossistema, numa filosofia de produ\u00e7\u00e3o integrada, com otimiza\u00e7\u00e3o de recursos e prote\u00e7\u00e3o do meio ambiente. Cultiva, hoje, a natureza que espera encontrar no futuro, sustent\u00e1vel e em plena harmonia.<\/p>","protected":false},"excerpt":{"rendered":"<p>Castas: Alicante Bouschet, Aragonez, Trincadeira<\/p>\n<p>Apresenta cor rubi intensa, aroma a frutos vermelhos, ch\u00e1 preto, taninos suaves e sabor frutado.<\/p>","protected":false},"featured_media":18426,"template":"","meta":{"_exactmetrics_skip_tracking":false,"_exactmetrics_sitenote_active":false,"_exactmetrics_sitenote_note":"","_exactmetrics_sitenote_category":0,"_uf_show_specific_survey":0,"_uf_disable_surveys":false,"iawp_total_views":53},"product_brand":[],"product_cat":[157,184,207],"product_tag":[],"class_list":{"0":"post-18425","1":"product","2":"type-product","3":"status-publish","4":"has-post-thumbnail","6":"product_cat-vinhos","7":"product_cat-tinto","8":"product_cat-alentejo","10":"first","11":"instock","12":"shipping-taxable","13":"purchasable","14":"product-type-simple"},"_links":{"self":[{"href":"https:\/\/garrafeiragrandeescolha.pt\/it\/wp-json\/wp\/v2\/product\/18425","targetHints":{"allow":["GET"]}}],"collection":[{"href":"https:\/\/garrafeiragrandeescolha.pt\/it\/wp-json\/wp\/v2\/product"}],"about":[{"href":"https:\/\/garrafeiragrandeescolha.pt\/it\/wp-json\/wp\/v2\/types\/product"}],"wp:featuredmedia":[{"embeddable":true,"href":"https:\/\/garrafeiragrandeescolha.pt\/it\/wp-json\/wp\/v2\/media\/18426"}],"wp:attachment":[{"href":"https:\/\/garrafeiragrandeescolha.pt\/it\/wp-json\/wp\/v2\/media?parent=18425"}],"wp:term":[{"taxonomy":"product_brand","embeddable":true,"href":"https:\/\/garrafeiragrandeescolha.pt\/it\/wp-json\/wp\/v2\/product_brand?post=18425"},{"taxonomy":"product_cat","embeddable":true,"href":"https:\/\/garrafeiragrandeescolha.pt\/it\/wp-json\/wp\/v2\/product_cat?post=18425"},{"taxonomy":"product_tag","embeddable":true,"href":"https:\/\/garrafeiragrandeescolha.pt\/it\/wp-json\/wp\/v2\/product_tag?post=18425"}],"curies":[{"name":"wp","href":"https:\/\/api.w.org\/{rel}","templated":true}]}}