{"id":18451,"date":"2023-12-13T12:20:07","date_gmt":"2023-12-13T12:20:07","guid":{"rendered":"https:\/\/garrafeiragrandeescolha.pt\/?post_type=product&#038;p=18451"},"modified":"2024-03-09T13:11:13","modified_gmt":"2024-03-09T13:11:13","slug":"s-de-sovrane-rosso-2004-75cl","status":"publish","type":"product","link":"https:\/\/garrafeiragrandeescolha.pt\/it\/prodotto\/s-de-sovrane-rosso-2004-75cl\/","title":{"rendered":"S de Soberanas Rosso 2004 75cl"},"content":{"rendered":"<p>Noi di Sovereigns privilegiamo soprattutto il\u00a0<em>terroir<\/em>\u00a0e risorse naturali, in tutte le nostre attivit\u00e0. La qualit\u00e0 \u00e8 il nostro obiettivo principale, anche se ci\u00f2 comporta ulteriori sforzi finanziari. Il vino \u00e8 la nostra avventura pi\u00f9 recente e anche quella in cui le particolarit\u00e0 del terreno e del clima assumono rilevanza critica.<\/p>\n<p>L&#039;azienda agricola si trova a Monte da Soberana, vicino a Torr\u00e3o, nel cuore del Baixo Alentejo, con la sede dell&#039;azienda \u2013 Sociedade Agro-Pecu\u00e1ria das Soberanas, Lda \u2013 situata a Lisbona. I nostri vigneti sono situati amministrativamente nella regione della penisola di Setubal e i nostri vini sono prodotti con i marchi \u201cMonte da Soberana\u201d, \u201cXS\u201d, \u201cSoberana\u201d e \u201cS de Soberanas\u201d, sotto il nome \u201cVinho Regional Pen\u00ednsula de Setubal\u201d.<\/p>","protected":false},"excerpt":{"rendered":"<p>Uve: Trincadeira (50%) Alicante Bouschet (50%)<\/p>\n<p>Senza rinunciare all&#039;equilibrio e all&#039;eleganza, S das Soberanas \u00e8 un vino di grande spessore. Ancora dai contorni marcati e chiuso negli aromi, si sente il risultato dell&#039;accurata scelta della materia prima che entra nella sua composizione. La freschezza del vino deriva dalla sua vicinanza al mare, caratteristica di Terras do Sado, mentre la sua profondit\u00e0 e volume evocano il vellutato dei rossi dell&#039;Alentejo. Ci\u00f2 \u00e8 dovuto al fatto che ci troviamo in una zona di transizione, nella quale il comportamento dei vitigni tipici dell&#039;Alentejo rivela aspetti fino ad oggi quasi sconosciuti. \u00c8 il terroir di Soberanas. Il vino va bevuto ad una temperatura di 16\/17\u00baC, si consiglia la decantazione.<\/p>\n<p>Invecchiamento Botti nuove di rovere francese Invecchiamento per 24 mesi.<\/p>","protected":false},"featured_media":18452,"template":"","meta":{"_exactmetrics_skip_tracking":false,"_exactmetrics_sitenote_active":false,"_exactmetrics_sitenote_note":"","_exactmetrics_sitenote_category":0,"_uf_show_specific_survey":0,"_uf_disable_surveys":false,"iawp_total_views":81},"product_brand":[],"product_cat":[162,157,201,184,214],"product_tag":[],"class_list":{"0":"post-18451","1":"product","2":"type-product","3":"status-publish","4":"has-post-thumbnail","6":"product_cat-raridades","7":"product_cat-vinhos","8":"product_cat-grandes-vinhos","9":"product_cat-tinto","10":"product_cat-setubal","12":"first","13":"instock","14":"featured","15":"shipping-taxable","16":"purchasable","17":"product-type-simple"},"_links":{"self":[{"href":"https:\/\/garrafeiragrandeescolha.pt\/it\/wp-json\/wp\/v2\/product\/18451","targetHints":{"allow":["GET"]}}],"collection":[{"href":"https:\/\/garrafeiragrandeescolha.pt\/it\/wp-json\/wp\/v2\/product"}],"about":[{"href":"https:\/\/garrafeiragrandeescolha.pt\/it\/wp-json\/wp\/v2\/types\/product"}],"wp:featuredmedia":[{"embeddable":true,"href":"https:\/\/garrafeiragrandeescolha.pt\/it\/wp-json\/wp\/v2\/media\/18452"}],"wp:attachment":[{"href":"https:\/\/garrafeiragrandeescolha.pt\/it\/wp-json\/wp\/v2\/media?parent=18451"}],"wp:term":[{"taxonomy":"product_brand","embeddable":true,"href":"https:\/\/garrafeiragrandeescolha.pt\/it\/wp-json\/wp\/v2\/product_brand?post=18451"},{"taxonomy":"product_cat","embeddable":true,"href":"https:\/\/garrafeiragrandeescolha.pt\/it\/wp-json\/wp\/v2\/product_cat?post=18451"},{"taxonomy":"product_tag","embeddable":true,"href":"https:\/\/garrafeiragrandeescolha.pt\/it\/wp-json\/wp\/v2\/product_tag?post=18451"}],"curies":[{"name":"wp","href":"https:\/\/api.w.org\/{rel}","templated":true}]}}