{"id":18620,"date":"2024-02-01T12:20:22","date_gmt":"2024-02-01T12:20:22","guid":{"rendered":"https:\/\/garrafeiragrandeescolha.pt\/?post_type=product&#038;p=18620"},"modified":"2024-02-22T18:57:45","modified_gmt":"2024-02-22T18:57:45","slug":"quinta-do-regueiro-alvarinho-primitivo-branco-2022-75cl","status":"publish","type":"product","link":"https:\/\/garrafeiragrandeescolha.pt\/it\/prodotto\/quinta-do-regueiro-alvarinho-primitivo-branco-2022-75cl\/","title":{"rendered":"Quinta do Regueiro Alvarinho Primitivo Bianco 2022 75cl"},"content":{"rendered":"<p><img decoding=\"async\" class=\"size-medium wp-image-18621 aligncenter\" src=\"http:\/\/garrafeiragrandeescolha.pt\/wp-content\/uploads\/2024\/02\/logo_regueiro-300x109.png\" alt=\"\" width=\"300\" height=\"109\" srcset=\"https:\/\/garrafeiragrandeescolha.pt\/wp-content\/uploads\/2024\/02\/logo_regueiro-300x109.png 300w, https:\/\/garrafeiragrandeescolha.pt\/wp-content\/uploads\/2024\/02\/logo_regueiro-1024x371.png 1024w, https:\/\/garrafeiragrandeescolha.pt\/wp-content\/uploads\/2024\/02\/logo_regueiro-768x278.png 768w, https:\/\/garrafeiragrandeescolha.pt\/wp-content\/uploads\/2024\/02\/logo_regueiro-1536x556.png 1536w, https:\/\/garrafeiragrandeescolha.pt\/wp-content\/uploads\/2024\/02\/logo_regueiro-18x7.png 18w, https:\/\/garrafeiragrandeescolha.pt\/wp-content\/uploads\/2024\/02\/logo_regueiro-600x217.png 600w, https:\/\/garrafeiragrandeescolha.pt\/wp-content\/uploads\/2024\/02\/logo_regueiro.png 1596w\" sizes=\"(max-width: 300px) 100vw, 300px\" \/><\/p>\n<p class=\"p1\">\u00c9 em 1988, no ponto mais a norte de Portugal, no cora\u00e7\u00e3o de Mon\u00e7\u00e3o e Melga\u00e7o, o territ\u00f3rio\u00a0de excel\u00eancia\u00a0dos Vinhos Verdes, que come\u00e7a a hist\u00f3ria do da Quinta do Regueiro.<\/p>\n<p class=\"p1\">Localizada no lugar do C\u00f4to, freguesia de Alvaredo, concelho de Melga\u00e7o esta\u00a0empresa familiar\u00a0 deu os primeiros passos com a planta\u00e7\u00e3o dos primeiros\u00a0 3 ha de vinha 100% Alvarinho.<\/p>\n<p class=\"p1\">Os anos que se seguiram foram tempos de aprendizagem, crescimento e muita\u00a0dedica\u00e7\u00e3o. As colheitas\u00a0 e produ\u00e7\u00e3o de vinho para\u00a0\u00a0consumo pr\u00f3prio cedo come\u00e7aram a surpreender e a mostrar o seu car\u00e1cter \u00fanico.<\/p>\n<p class=\"p1\">Foi um processo lento, que possibilitou observar as especificidades da vinha, dando tempo ao tempo, e tornando o projeto sustent\u00e1vel.<\/p>\n<p class=\"p1\">Chegados a 1999, \u00e0 beira da viragem do s\u00e9culo, \u00e9 registada a marca Quinta do Regueiro e lan\u00e7ada no mercado a primeira colheita.<\/p>\n<p class=\"p1\">Para este importante passo foi fundamental a vis\u00e3o e a garra do filho dos propriet\u00e1rios, Paulo Cerdeira Rodrigues, na altura com 23 anos.\u00a0V\u00ea, assim, realizado o sonho de ser produtor de vinhos. Esse sonho foi\u00a0 alimentado pela paix\u00e3o pelo vinho e pela dedica\u00e7\u00e3o \u00e0 vinha.<\/p>\n<p class=\"p1\">Volvidos 10 anos \u00e9 criada a empresa Quinta do Regueiro, Produtor de Alvarinho Ld\u00aa, uma sociedade familiar com os dois irm\u00e3os, Paulo Cerdeira Rodrigues e Anabela Cerdeira Rodrigues.<\/p>\n<p class=\"p1\">Hoje, a empresa re\u00fane um conjunto de pequenas parcelas em socalco, ocupando uma \u00e1rea de 12 ha de vinha, dos quais, 6 ha de vinha pr\u00f3pria e 6 ha de vinha arrendada.<\/p>\n<p class=\"p1\">Estas vinhas d\u00e3o origem a cerca de 170.000 garrafas com destino ao mercado nacional e externo.<br \/>\nInternamente, a Quinta do Regueiro est\u00e1 com uma boa presen\u00e7a praticamente em todo o pa\u00eds. Madeira e Lisboa s\u00e3o os mercados mais fortes.<span class=\"Apple-converted-space\">\u00a0<\/span><\/p>\n<p class=\"p1\">Al\u00e9m fronteiras destacam-se os EUA, Alemanha, Reino Unido, Fran\u00e7a, B\u00e9lgica, Luxemburgo, Holanda, Su\u00ed\u00e7a, Dinamarca, Finl\u00e2ndia, Su\u00e9cia e o Brasil.<\/p>\n<p class=\"p1\">Com orgulho num percurso pautado pela consist\u00eancia e evolu\u00e7\u00e3o, em 2019 \u00e9 lan\u00e7ado o Jur\u00e1ssico. \u00c9 um vinho produzido para assinalar os 20 anos da empresa.<span class=\"Apple-converted-space\">\u00a0<\/span><\/p>\n<p class=\"p1\">Com 10 anos de est\u00e1gio em inox e dois anos em garrafa, este vinho nasceu como que \u201cpor acidente\u201d. Com uma produ\u00e7\u00e3o de 1900 garrafas, acabou por\u00a0fazer furor e foi<span class=\"Apple-converted-space\">\u00a0\u00a0<\/span>premiado como o Melhor Vinho Branco Nacional 2019, pela Revista de Vinhos.<\/p>\n<p class=\"p1\">No mesmo ano, o Quinta do Regueiro Barricas, tamb\u00e9m foi distinguido com o mesmo t\u00edtulo \u2013 Melhor Vinho Branco Nacional 2019 \u2013 desta vez pela revista Vinho Grandes Escolhas.<span class=\"Apple-converted-space\">\u00a0<\/span>A par destes pr\u00e9mios, a empresa foi distinguida de Melhor Produtor do Ano 2019.<\/p>\n<p class=\"p1\">Objectivo para o futuro? Continuar a inovar e a experimentar, honrando sempre o legado deixado pela fam\u00edlia e o territ\u00f3rio que proporciona as caracter\u00edsticas ideais para a cria\u00e7\u00e3o destes n\u00e9ctares.<\/p>","protected":false},"excerpt":{"rendered":"<p>Cor citrina. Grande complexidade com estilo frutado. Vinho com corpo, com volume de boca e fresco.<\/p>\n<p>Excelente com mariscos e peixes em geral.<\/p>","protected":false},"featured_media":18622,"template":"","meta":{"_exactmetrics_skip_tracking":false,"_exactmetrics_sitenote_active":false,"_exactmetrics_sitenote_note":"","_exactmetrics_sitenote_category":0,"_uf_show_specific_survey":0,"_uf_disable_surveys":false,"iawp_total_views":13},"product_brand":[],"product_cat":[185,157,206],"product_tag":[],"class_list":{"0":"post-18620","1":"product","2":"type-product","3":"status-publish","4":"has-post-thumbnail","6":"product_cat-branco","7":"product_cat-vinhos","8":"product_cat-vinhos-verdes","10":"first","11":"instock","12":"shipping-taxable","13":"purchasable","14":"product-type-simple"},"_links":{"self":[{"href":"https:\/\/garrafeiragrandeescolha.pt\/it\/wp-json\/wp\/v2\/product\/18620","targetHints":{"allow":["GET"]}}],"collection":[{"href":"https:\/\/garrafeiragrandeescolha.pt\/it\/wp-json\/wp\/v2\/product"}],"about":[{"href":"https:\/\/garrafeiragrandeescolha.pt\/it\/wp-json\/wp\/v2\/types\/product"}],"wp:featuredmedia":[{"embeddable":true,"href":"https:\/\/garrafeiragrandeescolha.pt\/it\/wp-json\/wp\/v2\/media\/18622"}],"wp:attachment":[{"href":"https:\/\/garrafeiragrandeescolha.pt\/it\/wp-json\/wp\/v2\/media?parent=18620"}],"wp:term":[{"taxonomy":"product_brand","embeddable":true,"href":"https:\/\/garrafeiragrandeescolha.pt\/it\/wp-json\/wp\/v2\/product_brand?post=18620"},{"taxonomy":"product_cat","embeddable":true,"href":"https:\/\/garrafeiragrandeescolha.pt\/it\/wp-json\/wp\/v2\/product_cat?post=18620"},{"taxonomy":"product_tag","embeddable":true,"href":"https:\/\/garrafeiragrandeescolha.pt\/it\/wp-json\/wp\/v2\/product_tag?post=18620"}],"curies":[{"name":"wp","href":"https:\/\/api.w.org\/{rel}","templated":true}]}}