{"id":18623,"date":"2024-02-01T12:24:50","date_gmt":"2024-02-01T12:24:50","guid":{"rendered":"https:\/\/garrafeiragrandeescolha.pt\/?post_type=product&#038;p=18623"},"modified":"2024-10-16T10:37:01","modified_gmt":"2024-10-16T10:37:01","slug":"gin-mui-gin-70cl","status":"publish","type":"product","link":"https:\/\/garrafeiragrandeescolha.pt\/it\/prodotto\/gin-mui-gin-70cl\/","title":{"rendered":"Mui Gin70cl"},"content":{"rendered":"","protected":false},"excerpt":{"rendered":"<p>Um Gin Portugu\u00eas com assinatura do chef H\u00e9lio Loureiro. A base da receita data de 1873. Foi agora melhorada, passou tanto tempo com aromas de ervas e especiarias que o transformaram num Gin \u201cmoderno\u201d. Destilado sete vezes com presen\u00e7a de cravo e canela, fundo de boca com n\u00e9ctar de uva Moscatel, ervas das plan\u00edcies e serra lusitana. A destila\u00e7\u00e3o sete vezes mostra a presen\u00e7a de cravo e canela e no fundo de boca n\u00e9ctar de uvas Moscatel, ervas das plan\u00edcies e colinas lusitanas.<\/p>","protected":false},"featured_media":18624,"template":"","meta":{"_exactmetrics_skip_tracking":false,"_exactmetrics_sitenote_active":false,"_exactmetrics_sitenote_note":"","_exactmetrics_sitenote_category":0,"_uf_show_specific_survey":0,"_uf_disable_surveys":false,"iawp_total_views":22},"product_brand":[],"product_cat":[158,183],"product_tag":[],"class_list":{"0":"post-18623","1":"product","2":"type-product","3":"status-publish","4":"has-post-thumbnail","6":"product_cat-espirituosos","7":"product_cat-gin","9":"first","10":"instock","11":"shipping-taxable","12":"purchasable","13":"product-type-simple"},"_links":{"self":[{"href":"https:\/\/garrafeiragrandeescolha.pt\/it\/wp-json\/wp\/v2\/product\/18623","targetHints":{"allow":["GET"]}}],"collection":[{"href":"https:\/\/garrafeiragrandeescolha.pt\/it\/wp-json\/wp\/v2\/product"}],"about":[{"href":"https:\/\/garrafeiragrandeescolha.pt\/it\/wp-json\/wp\/v2\/types\/product"}],"wp:featuredmedia":[{"embeddable":true,"href":"https:\/\/garrafeiragrandeescolha.pt\/it\/wp-json\/wp\/v2\/media\/18624"}],"wp:attachment":[{"href":"https:\/\/garrafeiragrandeescolha.pt\/it\/wp-json\/wp\/v2\/media?parent=18623"}],"wp:term":[{"taxonomy":"product_brand","embeddable":true,"href":"https:\/\/garrafeiragrandeescolha.pt\/it\/wp-json\/wp\/v2\/product_brand?post=18623"},{"taxonomy":"product_cat","embeddable":true,"href":"https:\/\/garrafeiragrandeescolha.pt\/it\/wp-json\/wp\/v2\/product_cat?post=18623"},{"taxonomy":"product_tag","embeddable":true,"href":"https:\/\/garrafeiragrandeescolha.pt\/it\/wp-json\/wp\/v2\/product_tag?post=18623"}],"curies":[{"name":"wp","href":"https:\/\/api.w.org\/{rel}","templated":true}]}}