{"id":18642,"date":"2024-02-08T11:03:21","date_gmt":"2024-02-08T11:03:21","guid":{"rendered":"https:\/\/garrafeiragrandeescolha.pt\/?post_type=product&#038;p=18642"},"modified":"2024-10-28T11:25:52","modified_gmt":"2024-10-28T11:25:52","slug":"gin-nikka-coffey-70cl","status":"publish","type":"product","link":"https:\/\/garrafeiragrandeescolha.pt\/it\/prodotto\/gin-nikka-coffey-70cl\/","title":{"rendered":"Gin Nikka Coffey 70cl"},"content":{"rendered":"<p>Hist\u00f3ria de Masataka Taketsuru e Nikka Whisky<\/p>\n<dl>\n<dt>1894 Nascido em uma fam\u00edlia de cervejeiros em Hiroshima em 20 de junho.<\/dt>\n<dt>1916 Formou-se em Osaka Technical (High School), onde se formou em cerveja.\u00a0Entrou na Settsu Shuzo Company em Osaka.<\/dt>\n<dt>1918 Embarcado para a Esc\u00f3cia via EUA<\/dt>\n<dt>1918 Chegou na Esc\u00f3cia e se matriculou na Universidade de Glasgow em dezembro.<\/dt>\n<dt>1919 Aprendiz na Longmorn Distillery em Speyside para aprender a produ\u00e7\u00e3o de u\u00edsque de malte.<\/dt>\n<dt>1919 Aprendiz de James Calder em Bo&#8217;ness para aprender u\u00edsque de gr\u00e3os Coffey.<\/dt>\n<dt>1920 Casou-se com Rita em 8 de janeiro.<\/dt>\n<dt>1920 Aprendiz na Hazelburn Distillery em Cambeltown para aprender a produ\u00e7\u00e3o e mistura de u\u00edsque de malte.<\/dt>\n<dt>1920 Retornou ao Jap\u00e3o com Rita em novembro.<\/dt>\n<dt>1922 Deixou a Settsu Shuzo Company desde que o plano de produ\u00e7\u00e3o de u\u00edsque foi abandonado.<\/dt>\n<dt>1923 Entrou na Kotobukiya Limited (Suntory) com um contrato de 10 anos.<\/dt>\n<dt>1923 Dirigiu a constru\u00e7\u00e3o da Destilaria Yamazaki, a primeira destilaria de u\u00edsque no Jap\u00e3o, e se engajou na produ\u00e7\u00e3o de u\u00edsque.<\/dt>\n<dt>1934 Deixou Kotobukiya em mar\u00e7o.<\/dt>\n<dt>1934 Estabeleceu Dai Nippon Kaju Co., Ltd. em 2 de julho.<\/dt>\n<dt>1936 A Destilaria Yoichi iniciou a destila\u00e7\u00e3o.<\/dt>\n<dt>1940 Lan\u00e7amento do primeiro whisky &#8220;NIKKA WHISKEY&#8221;.<\/dt>\n<dt>1949 Takeshi Taketsuru, sobrinho de Masataka e filho adotivo, entrou no Nikka Whisky.<\/dt>\n<dt>1952 O nome da empresa Dai Nippon Kaju Co., Ltd. foi alterado para The Nikka Whisky Distilling Co., Ltd.<\/dt>\n<dt>1961 Rita morreu em 17 de janeiro aos 64 anos.<\/dt>\n<dt>1963 O primeiro Coffey Still foi importado da Esc\u00f3cia e instalado na f\u00e1brica de Asishi Breweries em Nishinomiya para produzir whisky de gr\u00e3os.\u00a0(As Coffey Stills foram transferidas para a Destilaria Miyagikyo em 1999.)<\/dt>\n<dt>1966 O segundo Coffey Still foi instalado.<\/dt>\n<dt>1967 F\u00e1brica de engarrafamento de Kashiwa conclu\u00edda.<\/dt>\n<dt>1969 A Destilaria Miyagikyo foi conclu\u00edda em abril e iniciou a destila\u00e7\u00e3o.<\/dt>\n<dt>1977 Planta de Tochigi conclu\u00edda.<\/dt>\n<dt>1979 Masataka morreu em 29 de agosto aos 85 anos.<\/dt>\n<\/dl>","protected":false},"excerpt":{"rendered":"<p><span>Feito a partir de um destilado de milho e um destilado de cevada maltada nos alambiques Coffey da destilaria Miyagikyo, este gin, produzido pela primeira vez pela casa Nikka, v\u00ea na sua composi\u00e7\u00e3o, al\u00e9m de bagas de zimbro, uma grande quantidade de citrinos frutas (yuzu, kabosu,\u00a0<\/span><span>amanatsu, shikuwasa).<\/span><\/p>","protected":false},"featured_media":18643,"template":"","meta":{"_exactmetrics_skip_tracking":false,"_exactmetrics_sitenote_active":false,"_exactmetrics_sitenote_note":"","_exactmetrics_sitenote_category":0,"_uf_show_specific_survey":0,"_uf_disable_surveys":false,"iawp_total_views":4},"product_brand":[],"product_cat":[158,183],"product_tag":[],"class_list":{"0":"post-18642","1":"product","2":"type-product","3":"status-publish","4":"has-post-thumbnail","6":"product_cat-espirituosos","7":"product_cat-gin","9":"first","10":"instock","11":"shipping-taxable","12":"purchasable","13":"product-type-simple"},"_links":{"self":[{"href":"https:\/\/garrafeiragrandeescolha.pt\/it\/wp-json\/wp\/v2\/product\/18642","targetHints":{"allow":["GET"]}}],"collection":[{"href":"https:\/\/garrafeiragrandeescolha.pt\/it\/wp-json\/wp\/v2\/product"}],"about":[{"href":"https:\/\/garrafeiragrandeescolha.pt\/it\/wp-json\/wp\/v2\/types\/product"}],"wp:featuredmedia":[{"embeddable":true,"href":"https:\/\/garrafeiragrandeescolha.pt\/it\/wp-json\/wp\/v2\/media\/18643"}],"wp:attachment":[{"href":"https:\/\/garrafeiragrandeescolha.pt\/it\/wp-json\/wp\/v2\/media?parent=18642"}],"wp:term":[{"taxonomy":"product_brand","embeddable":true,"href":"https:\/\/garrafeiragrandeescolha.pt\/it\/wp-json\/wp\/v2\/product_brand?post=18642"},{"taxonomy":"product_cat","embeddable":true,"href":"https:\/\/garrafeiragrandeescolha.pt\/it\/wp-json\/wp\/v2\/product_cat?post=18642"},{"taxonomy":"product_tag","embeddable":true,"href":"https:\/\/garrafeiragrandeescolha.pt\/it\/wp-json\/wp\/v2\/product_tag?post=18642"}],"curies":[{"name":"wp","href":"https:\/\/api.w.org\/{rel}","templated":true}]}}