{"id":18759,"date":"2024-03-02T10:13:22","date_gmt":"2024-03-02T10:13:22","guid":{"rendered":"https:\/\/garrafeiragrandeescolha.pt\/?post_type=product&#038;p=18759"},"modified":"2024-03-02T10:18:53","modified_gmt":"2024-03-02T10:18:53","slug":"porta-6-reserva-tinto-2020-75cl","status":"publish","type":"product","link":"https:\/\/garrafeiragrandeescolha.pt\/it\/prodotto\/porta-6-reserva-tinto-2020-75cl\/","title":{"rendered":"Porta 6 Reserva Tinto 2020 75cl"},"content":{"rendered":"<p>Vidigal Wines \u00e8 un&#039;azienda di medie dimensioni a conduzione familiare che produce vini fermi e liquorosi, situata nella zona di Leiria nel Portogallo centrale. Le origini dell&#039;azienda risalgono agli inizi del &#039;900, in un podere fondato da un Canonico della Chiesa. Nel corso dell&#039;ultimo secolo l&#039;azienda ha avuto un paio di proprietari finch\u00e9, all&#039;inizio degli anni &#039;90, l&#039;attuale direttore, Ant\u00f3nio Mendes Lopes, ne ha assunto la gestione. Da quel momento Vidigal ha conosciuto grandi cambiamenti e progressi tecnologici che oggi le permettono di produrre circa 3 milioni di bottiglie all&#039;anno.<\/p>\n<p>Attualmente la Vidigal \u00e8 divisa tra la 40% di capitale norvegese e la 60% detenuta dal direttore con doppia nazionalit\u00e0 portoghese-danese, Ant\u00f3nio Mendes Lopes. AM Lopes ha pi\u00f9 di 30 anni di esperienza nel mondo del vino. Creato e sviluppato un&#039;azienda internazionale di importazione di vino in Danimarca. Attraverso il suo ruolo di importatore, ha acquisito una grande esperienza e conoscenza dei vini provenienti da diverse parti del pianeta. Ant\u00f3nio Mendes Lopes partecipa attivamente alla produzione dei vini insieme a due viticoltori: Ant\u00f3nio Ventura, considerato enologo dell&#039;anno in Portogallo nel 2006, e Rafael Neuparth.<\/p>\n<p>Con un tasso di esportazione di circa 90%, Vidigal \u00e8 stato il vino pi\u00f9 venduto in Norvegia per 5 anni consecutivi, un&#039;impresa mai raggiunta prima da nessun prodotto portoghese in nessuna parte del mondo. Con la vendita di circa 40 vini in pi\u00f9 di 30 paesi, Vidigal \u00e8 sicuramente una delle aziende vinicole pi\u00f9 internazionali del Portogallo.<\/p>\n<p>In termini di produzione, Vidigal Wines ha stabilito diverse partnership nella regione vinicola di Lisbona, che in totale rappresenta circa 450 ettari. di vigneti. Mantiene inoltre numerose partnership in altre regioni produttrici del Portogallo, per un totale di 7 regioni: Lisbona, Tago, Douro, Alentejo, D\u00e3o, Beiras e Vinho Verde.<\/p>\n<p>La stragrande maggioranza dei vini Vidigal, in particolare quelli della regione vinicola di Lisbona, sono prodotti molto vicino all&#039;Oceano Atlantico \u2013 circa 30 km \u2013 e, come tali, sono fortemente influenzati dalle brezze atlantiche, risultando in vini freschi e sempre molto fruttati. I principali vitigni utilizzati nei vini Vidigal sono: Touriga Nacional, Aragonez (Tinta Roriz), Castel\u00e3o, Syrah e Cabernet.<\/p>","protected":false},"excerpt":{"rendered":"<p>Castas:\u00a040% Syrah, 20% Alicante Bouschet, 20% Cabernet e 20% Touriga Nacional<\/p>\n<p>Nota de Prova:\u00a0Cor Rubi escuro. Aroma Intenso a frutos silvestres e negros, especiarias, toque ligeiro de chocolate. Boca frutada, com estrutura, macia e fresca com final persistente e agrada\u0301vel<br \/>\nSugest\u00f5es gastron\u00f3micas:\u00a0Todas as carnes vermelhas, onde salientamos o cordeiro e peixes gordos<\/p>","protected":false},"featured_media":18760,"template":"","meta":{"_exactmetrics_skip_tracking":false,"_exactmetrics_sitenote_active":false,"_exactmetrics_sitenote_note":"","_exactmetrics_sitenote_category":0,"_uf_show_specific_survey":0,"_uf_disable_surveys":false,"iawp_total_views":23},"product_brand":[],"product_cat":[157,184,210],"product_tag":[],"class_list":{"0":"post-18759","1":"product","2":"type-product","3":"status-publish","4":"has-post-thumbnail","6":"product_cat-vinhos","7":"product_cat-tinto","8":"product_cat-lisboa","10":"first","11":"instock","12":"shipping-taxable","13":"purchasable","14":"product-type-simple"},"_links":{"self":[{"href":"https:\/\/garrafeiragrandeescolha.pt\/it\/wp-json\/wp\/v2\/product\/18759","targetHints":{"allow":["GET"]}}],"collection":[{"href":"https:\/\/garrafeiragrandeescolha.pt\/it\/wp-json\/wp\/v2\/product"}],"about":[{"href":"https:\/\/garrafeiragrandeescolha.pt\/it\/wp-json\/wp\/v2\/types\/product"}],"wp:featuredmedia":[{"embeddable":true,"href":"https:\/\/garrafeiragrandeescolha.pt\/it\/wp-json\/wp\/v2\/media\/18760"}],"wp:attachment":[{"href":"https:\/\/garrafeiragrandeescolha.pt\/it\/wp-json\/wp\/v2\/media?parent=18759"}],"wp:term":[{"taxonomy":"product_brand","embeddable":true,"href":"https:\/\/garrafeiragrandeescolha.pt\/it\/wp-json\/wp\/v2\/product_brand?post=18759"},{"taxonomy":"product_cat","embeddable":true,"href":"https:\/\/garrafeiragrandeescolha.pt\/it\/wp-json\/wp\/v2\/product_cat?post=18759"},{"taxonomy":"product_tag","embeddable":true,"href":"https:\/\/garrafeiragrandeescolha.pt\/it\/wp-json\/wp\/v2\/product_tag?post=18759"}],"curies":[{"name":"wp","href":"https:\/\/api.w.org\/{rel}","templated":true}]}}