{"id":18853,"date":"2024-04-02T18:16:13","date_gmt":"2024-04-02T18:16:13","guid":{"rendered":"https:\/\/garrafeiragrandeescolha.pt\/?post_type=product&#038;p=18853"},"modified":"2024-04-02T18:17:32","modified_gmt":"2024-04-02T18:17:32","slug":"monte-da-cacada-syrah-tinto-2021-75cl","status":"publish","type":"product","link":"https:\/\/garrafeiragrandeescolha.pt\/it\/prodotto\/monte-da-cacada-syrah-tinto-2021-75cl\/","title":{"rendered":"Monte da Ca\u00e7ada Syrah Rosso 2021 75cl"},"content":{"rendered":"<p style=\"text-align: center;\"><img fetchpriority=\"high\" decoding=\"async\" class=\"alignnone size-medium wp-image-15518\" src=\"http:\/\/garrafeiragrandeescolha.pt\/wp-content\/uploads\/2020\/03\/casa-santos-lima-logo-300x300.jpg\" alt=\"\" width=\"300\" height=\"300\" srcset=\"https:\/\/garrafeiragrandeescolha.pt\/wp-content\/uploads\/2020\/03\/casa-santos-lima-logo-300x300.jpg 300w, https:\/\/garrafeiragrandeescolha.pt\/wp-content\/uploads\/2020\/03\/casa-santos-lima-logo-150x150.jpg 150w, https:\/\/garrafeiragrandeescolha.pt\/wp-content\/uploads\/2020\/03\/casa-santos-lima-logo-100x100.jpg 100w, https:\/\/garrafeiragrandeescolha.pt\/wp-content\/uploads\/2020\/03\/casa-santos-lima-logo.jpg 360w\" sizes=\"(max-width: 300px) 100vw, 300px\" \/><\/p>\n<p>Casa Santos Lima \u00e8 un&#039;azienda familiare dedicata alla produzione, all&#039;imbottigliamento e alla commercializzazione di vini portoghesi. Lavora direttamente o indirettamente nelle regioni di Lisbona, Algarve, Alentejo, Douro e Vinhos Verdes. In questo modo, da circa 600 ettari di vigneti, l&#039;azienda produce vini noti per il loro eccellente rapporto qualit\u00e0\/prezzo ed esporta circa 90% della sua produzione totale in quasi 50 paesi nei 5 continenti. Casa Santos Lima \u00e8 anche il pi\u00f9 grande produttore di \u201cVinho Regional Lisboa\u201d e \u201cDOC Alenquer\u201d e negli ultimi anni \u00e8 stato uno dei produttori portoghesi pi\u00f9 premiati nei principali concorsi enologici nazionali e internazionali.<\/p>\n<p>Attualmente, le strutture principali dell&#039;azienda (uffici, negozio e cantine pi\u00f9 grandi) si trovano a Quinta da Boavista ad Alenquer, a soli 45 km a nord della citt\u00e0 di Lisbona. Questa Quinta appartiene alla famiglia Santos Lima da pi\u00f9 di 4 generazioni e offre le condizioni ideali per la produzione di vino di qualit\u00e0. Casa Santos Lima possiede anche vigneti e una propria azienda vinicola situati a Tavira in Algarve e, attraverso accordi e partnership con altre aziende e produttori, gestisce vigneti e cantine anche nelle regioni dell&#039;Alentejo, Douro e Vinhos Verdes.<br \/>\nCasa Santos Lima ha un portafoglio di vini molto ampio, producendo ogni anno vini rossi, bianchi, rosati, frizzanti, spumanti, leggeri e da vendemmia tardiva in 5 diverse regioni. Questa variegata gamma di opzioni consente all&#039;azienda un grande dinamismo nel mercato nazionale ed internazionale e ha consentito una crescita costante anno dopo anno. Al momento, Casa Santos Lima \u00e8 responsabile della produzione di circa 40% di tutto il vino certificato nella regione di Lisbona ed \u00e8 uno dei principali esportatori di vino portoghese.<\/p>","protected":false},"excerpt":{"rendered":"<p>Da melhor sele\u00e7\u00e3o de uvas Syrah, este vinho estagiou nove meses em barricas de carvalho franc\u00eas e americano. \u00c9 um vinho de cor bem definida, com intensos aromas a fruta madura como ameixas e frutos do bosque bem casados com suaves notas de carvalho. Combina na perfei\u00e7\u00e3o com comida e tem uma excelente capacidade de envelhecimento.<\/p>\n<p>Est\u00e1gio de nove meses em barricas de carvalho franc\u00eas e americano<\/p>","protected":false},"featured_media":18854,"template":"","meta":{"_exactmetrics_skip_tracking":false,"_exactmetrics_sitenote_active":false,"_exactmetrics_sitenote_note":"","_exactmetrics_sitenote_category":0,"_uf_show_specific_survey":0,"_uf_disable_surveys":false,"iawp_total_views":29},"product_brand":[],"product_cat":[157,184,207],"product_tag":[],"class_list":{"0":"post-18853","1":"product","2":"type-product","3":"status-publish","4":"has-post-thumbnail","6":"product_cat-vinhos","7":"product_cat-tinto","8":"product_cat-alentejo","10":"first","11":"instock","12":"shipping-taxable","13":"purchasable","14":"product-type-simple"},"_links":{"self":[{"href":"https:\/\/garrafeiragrandeescolha.pt\/it\/wp-json\/wp\/v2\/product\/18853","targetHints":{"allow":["GET"]}}],"collection":[{"href":"https:\/\/garrafeiragrandeescolha.pt\/it\/wp-json\/wp\/v2\/product"}],"about":[{"href":"https:\/\/garrafeiragrandeescolha.pt\/it\/wp-json\/wp\/v2\/types\/product"}],"wp:featuredmedia":[{"embeddable":true,"href":"https:\/\/garrafeiragrandeescolha.pt\/it\/wp-json\/wp\/v2\/media\/18854"}],"wp:attachment":[{"href":"https:\/\/garrafeiragrandeescolha.pt\/it\/wp-json\/wp\/v2\/media?parent=18853"}],"wp:term":[{"taxonomy":"product_brand","embeddable":true,"href":"https:\/\/garrafeiragrandeescolha.pt\/it\/wp-json\/wp\/v2\/product_brand?post=18853"},{"taxonomy":"product_cat","embeddable":true,"href":"https:\/\/garrafeiragrandeescolha.pt\/it\/wp-json\/wp\/v2\/product_cat?post=18853"},{"taxonomy":"product_tag","embeddable":true,"href":"https:\/\/garrafeiragrandeescolha.pt\/it\/wp-json\/wp\/v2\/product_tag?post=18853"}],"curies":[{"name":"wp","href":"https:\/\/api.w.org\/{rel}","templated":true}]}}